{"id":9,"date":"2019-11-21T08:23:17","date_gmt":"2019-11-21T07:23:17","guid":{"rendered":"http:\/\/vilokan.com\/recycling\/?page_id=9"},"modified":"2021-11-26T11:24:35","modified_gmt":"2021-11-26T10:24:35","slug":"konceptlosningar","status":"publish","type":"page","link":"https:\/\/vilokan.com\/vrt\/konceptlosningar\/","title":{"rendered":"Konceptl\u00f6sningar"},"content":{"rendered":"\n<p style=\"font-size:26px\">V\u00e4lbepr\u00f6vade l\u00f6sningar f\u00f6r utvalda \u00e4ndam\u00e5l<\/p>\n\n\n\n<p>Vilokan Recycling Tech har under mer \u00e4n 30 \u00e5r skr\u00e4ddarsytt tusentals renings- och \u00e5tervinningsanl\u00e4ggningar f\u00f6r vatten och l\u00f6sningsmedel. N\u00e4r det g\u00e4ller vissa branscher och anv\u00e4ndningsomr\u00e5den har volymen blivit s\u00e5 stor att vi har kunnat utveckla skalbara modulsystem som l\u00f6ser de allra flesta aktuella behoven. Dessa konceptl\u00f6sningar effektiviserar processen ytterligare och ger skalf\u00f6rdelar vid ink\u00f6p.<\/p>\n\n\n\n<p>Faktum \u00e4r att Vilokan vuxit till en hel koncern genom avknoppningar av koncept som vuxit sig s\u00e5 stora att de kr\u00e4ver en helt egen organisation. <\/p>\n\n\n\n<div class=\"wp-block-columns has-2-columns is-layout-flex wp-container-3\">\n<div class=\"wp-block-column is-layout-flow\">\n<figure class=\"wp-block-image\"><img decoding=\"async\" loading=\"lazy\" width=\"347\" height=\"212\" src=\"http:\/\/vilokan.com\/recycling\/wp-content\/uploads\/sites\/2\/2019\/11\/shutterstock_793083208.png\" alt=\"\" class=\"wp-image-113\" srcset=\"https:\/\/vilokan.com\/vrt\/wp-content\/uploads\/sites\/2\/2019\/11\/shutterstock_793083208.png 347w, https:\/\/vilokan.com\/vrt\/wp-content\/uploads\/sites\/2\/2019\/11\/shutterstock_793083208-300x183.png 300w\" sizes=\"(max-width: 347px) 100vw, 347px\" \/><\/figure>\n\n\n\n<p><strong>Fordonstv\u00e4tt<\/strong><br> V\u00e5ra reningsanl\u00e4ggningar f\u00f6r fordonstv\u00e4ttar \u00e4r utvecklade f\u00f6r att passa tillsammans med moderna bilv\u00e5rdsprodukter, t ex vatten- och mikroemulsionbaserade. Anl\u00e4ggningarna finns i olika utf\u00f6rande utifr\u00e5n utsl\u00e4ppskrav\/processvattenvolym. <\/p>\n\n\n\n<p>Finns \u00e4ven specialsystem f\u00f6r t ex klottersanering av t\u00e5gvagnar.<br><\/p>\n\n\n\n<p><a href=\"https:\/\/vilokan.com\/wp-content\/uploads\/sites\/2\/2021\/11\/Vilokan-Recycling-Tech-Allma\u0308n-info_Sv_20200505.pdf\">PDF &#8211; Vilokan Recycling Tech Allm\u00e4n info.<\/a><\/p>\n\n\n\n<a class=\"more-info\" style=\"color:#1e6499\" data-infofield=\"1\" data-toggle=\"modal\" data-target=\".bd-example-modal-lg\" rel=\"noopener noreferrer\">Mer information<\/a>\n<\/div>\n\n\n\n<div class=\"wp-block-column is-layout-flow\">\n<figure class=\"wp-block-image\"><img decoding=\"async\" loading=\"lazy\" width=\"347\" height=\"212\" src=\"http:\/\/vilokan.com\/recycling\/wp-content\/uploads\/sites\/2\/2019\/11\/shutterstock_112568177.png\" alt=\"\" class=\"wp-image-115\" srcset=\"https:\/\/vilokan.com\/vrt\/wp-content\/uploads\/sites\/2\/2019\/11\/shutterstock_112568177.png 347w, https:\/\/vilokan.com\/vrt\/wp-content\/uploads\/sites\/2\/2019\/11\/shutterstock_112568177-300x183.png 300w\" sizes=\"(max-width: 347px) 100vw, 347px\" \/><\/figure>\n\n\n\n<p><strong>Avfallshantering<\/strong><br> Industriell vattenrening var ett av de f\u00f6rsta omr\u00e5dena som Vilokan Recycling Tech gav sig in p\u00e5. Genom \u00e5ren har vi utvecklat unika, effektiva l\u00f6sningar inom omr\u00e5det f\u00f6r central avfallshantering (Waste Water Solutions) av stora volymer.<\/p>\n\n\n\n<p>Nu har vi \u00e4ven initierat logistikl\u00f6sningar som g\u00f6r att \u00e4ven mindre volymer kan hanteras rationellt.<\/p>\n\n\n\n<p><a href=\"https:\/\/vilokan.com\/wp-content\/uploads\/sites\/2\/2021\/11\/Vilokan-Recycling-Tech-Allma\u0308n-info_Sv_20200505.pdf\">PDF &#8211; Vilokan Recycling Tech Allm\u00e4n info.<\/a><\/p>\n\n\n\n<a class=\"more-info\" style=\"color:#1e6499\" data-infofield=\"2\" data-toggle=\"modal\" data-target=\".bd-example-modal-lg\" rel=\"noopener noreferrer\">Mer information<\/a>\n<\/div>\n<\/div>\n\n\n\n<div class=\"wp-block-columns has-2-columns is-layout-flex wp-container-6\">\n<div class=\"wp-block-column is-layout-flow\">\n<figure class=\"wp-block-image\"><img decoding=\"async\" loading=\"lazy\" width=\"694\" height=\"424\" src=\"http:\/\/vilokan.com\/recycling\/wp-content\/uploads\/sites\/2\/2019\/11\/shutterstock_130204061@2x.png\" alt=\"\" class=\"wp-image-114\" srcset=\"https:\/\/vilokan.com\/vrt\/wp-content\/uploads\/sites\/2\/2019\/11\/shutterstock_130204061@2x.png 694w, https:\/\/vilokan.com\/vrt\/wp-content\/uploads\/sites\/2\/2019\/11\/shutterstock_130204061@2x-300x183.png 300w\" sizes=\"(max-width: 694px) 100vw, 694px\" \/><\/figure>\n\n\n\n<p><strong>Bearbetningsemulsioner<\/strong><br>V\u00e5ra reningsanl\u00e4ggningar f\u00f6r f\u00f6rbrukade bearbetningsemulsioner och industrivatten \u00e4r utvecklade f\u00f6r att passa moderna kemiprodukter som t ex vatten- och mikroemulsionbaserade f\u00f6rorenat med olja, l\u00f6sta metaller och salter m m.<\/p>\n\n\n\n<p><a href=\"https:\/\/vilokan.com\/wp-content\/uploads\/sites\/2\/2021\/11\/Vilokan-Recycling-Tech-Allma\u0308n-info_Sv_20200505.pdf\">PDF &#8211; Vilokan Recycling Tech Allm\u00e4n info.<\/a><\/p>\n\n\n\n<a class=\"more-info\" style=\"color:#1e6499\" data-infofield=\"3\" data-toggle=\"modal\" data-target=\".bd-example-modal-lg\" rel=\"noopener noreferrer\">Mer information<\/a>\n<\/div>\n\n\n\n<div class=\"wp-block-column is-layout-flow\">\n<figure class=\"wp-block-image\"><img decoding=\"async\" loading=\"lazy\" width=\"694\" height=\"424\" src=\"http:\/\/vilokan.com\/recycling\/wp-content\/uploads\/sites\/2\/2019\/11\/shutterstock_330078677@2x.png\" alt=\"\" class=\"wp-image-116\" srcset=\"https:\/\/vilokan.com\/vrt\/wp-content\/uploads\/sites\/2\/2019\/11\/shutterstock_330078677@2x.png 694w, https:\/\/vilokan.com\/vrt\/wp-content\/uploads\/sites\/2\/2019\/11\/shutterstock_330078677@2x-300x183.png 300w\" sizes=\"(max-width: 694px) 100vw, 694px\" \/><\/figure>\n\n\n\n<p><strong>Industriell tv\u00e4tt<\/strong><br>V\u00e5ra reningsanl\u00e4ggningar f\u00f6r f\u00f6rorenat tv\u00e4tt- och golvskurvatten fr\u00e5n produktionsanl\u00e4ggningar \u00e4r utvecklade f\u00f6r att passa moderna kemiprodukter som t ex vatten- och mikroemulsionbaserade f\u00f6rorenat med olja, l\u00f6sta metaller och salter m m.<\/p>\n\n\n\n<p><a href=\"https:\/\/vilokan.com\/wp-content\/uploads\/sites\/2\/2021\/11\/Vilokan-Recycling-Tech-Allma\u0308n-info_Sv_20200505.pdf\">PDF &#8211; Vilokan Recycling Tech Allm\u00e4n info.<\/a><\/p>\n\n\n\n<a class=\"more-info\" style=\"color:#1e6499\" data-infofield=\"4\" data-toggle=\"modal\" data-target=\".bd-example-modal-lg\" rel=\"noopener noreferrer\">Mer information<\/a>\n<\/div>\n<\/div>\n\n\n\n<div class=\"wp-block-columns has-2-columns is-layout-flex wp-container-9\">\n<div class=\"wp-block-column is-layout-flow\">\n<figure class=\"wp-block-image\"><img decoding=\"async\" loading=\"lazy\" width=\"694\" height=\"424\" src=\"http:\/\/vilokan.com\/recycling\/wp-content\/uploads\/sites\/2\/2019\/11\/shutterstock_318808016@2x.png\" alt=\"\" class=\"wp-image-117\" srcset=\"https:\/\/vilokan.com\/vrt\/wp-content\/uploads\/sites\/2\/2019\/11\/shutterstock_318808016@2x.png 694w, https:\/\/vilokan.com\/vrt\/wp-content\/uploads\/sites\/2\/2019\/11\/shutterstock_318808016@2x-300x183.png 300w\" sizes=\"(max-width: 694px) 100vw, 694px\" \/><\/figure>\n\n\n\n<p><strong>M\u00e5lning\/ytbehandling<\/strong><br>V\u00e5ra reningsanl\u00e4ggningar f\u00f6r f\u00f6rorenat process- och sk\u00f6ljvatten fr\u00e5n produktionsanl\u00e4ggningar \u00e4r utvecklade f\u00f6r att passa tillsammans med modern f\u00f6rbehandling och ytbehandlingsteknik som t ex f\u00f6rorenats med olja, h\u00f6ga halter av l\u00f6sta metaller och salter m m.<\/p>\n\n\n\n<p><a href=\"https:\/\/vilokan.com\/wp-content\/uploads\/sites\/2\/2021\/11\/Vilokan-Recycling-Tech-Allma\u0308n-info_Sv_20200505.pdf\">PDF &#8211; Vilokan Recycling Tech Allm\u00e4n info.<\/a><\/p>\n\n\n\n<a class=\"more-info\" style=\"color:#1e6499\" data-infofield=\"5\" data-toggle=\"modal\" data-target=\".bd-example-modal-lg\" rel=\"noopener noreferrer\">Mer information<\/a>\n<\/div>\n\n\n\n<div class=\"wp-block-column is-layout-flow\">\n<figure class=\"wp-block-image\"><img decoding=\"async\" loading=\"lazy\" width=\"694\" height=\"424\" src=\"http:\/\/vilokan.com\/recycling\/wp-content\/uploads\/sites\/2\/2019\/11\/news-deicing@2x.png\" alt=\"\" class=\"wp-image-118\" srcset=\"https:\/\/vilokan.com\/vrt\/wp-content\/uploads\/sites\/2\/2019\/11\/news-deicing@2x.png 694w, https:\/\/vilokan.com\/vrt\/wp-content\/uploads\/sites\/2\/2019\/11\/news-deicing@2x-300x183.png 300w\" sizes=\"(max-width: 694px) 100vw, 694px\" \/><\/figure>\n\n\n\n<p><strong>Flygplansavisning (ADF)<\/strong><br>Vilokan hj\u00e4lper flygplatser \u00f6ver hela v\u00e4rlden att ta hand om anv\u00e4nd avisningsv\u00e4tska och skona naturen, rena vattnet och \u00e5tervinna glykolen. Vi sluter kretsloppet och skapar en l\u00f6nsam aff\u00e4r med ett komplett teknik- och tj\u00e4nsteutbud. <br><a href=\"https:\/\/vilokanadf.com\/sv\/\">L\u00e4s mer om Vilokan ADF Solutons.<\/a><\/p>\n\n\n\n<p><a href=\"https:\/\/vilokan.com\/wp-content\/uploads\/sites\/2\/2021\/11\/Vilokan-Recycling-Tech-Allma\u0308n-info_Sv_20200505.pdf\">PDF &#8211; Vilokan Recycling Tech Allm\u00e4n info.<\/a><\/p>\n\n\n\n<a class=\"more-info\" style=\"color:#1e6499\" data-infofield=\"6\" data-toggle=\"modal\" data-target=\".bd-example-modal-lg\" rel=\"noopener noreferrer\">Mer information.<\/a>\n<\/div>\n<\/div>\n","protected":false},"excerpt":{"rendered":"<p>V\u00e4lbepr\u00f6vade l\u00f6sningar f\u00f6r utvalda \u00e4ndam\u00e5l Vilokan Recycling Tech har under mer \u00e4n 30 \u00e5r skr\u00e4ddarsytt tusentals renings- och \u00e5tervinningsanl\u00e4ggningar f\u00f6r vatten och l\u00f6sningsmedel. N\u00e4r det g\u00e4ller vissa branscher och anv\u00e4ndningsomr\u00e5den har volymen blivit s\u00e5 stor att vi har kunnat utveckla skalbara modulsystem som l\u00f6ser de allra flesta aktuella behoven. Dessa konceptl\u00f6sningar effektiviserar processen ytterligare och&#8230;<\/p>\n","protected":false},"author":1,"featured_media":365,"parent":0,"menu_order":0,"comment_status":"closed","ping_status":"closed","template":"","meta":[],"acf":[],"yoast_head":"<!-- This site is optimized with the Yoast SEO plugin v20.2.1 - https:\/\/yoast.com\/wordpress\/plugins\/seo\/ -->\n<title>Konceptl\u00f6sningar - Vilokan Recycling Tech<\/title>\n<meta name=\"robots\" content=\"index, follow, max-snippet:-1, max-image-preview:large, max-video-preview:-1\" \/>\n<link rel=\"canonical\" href=\"https:\/\/vilokan.com\/vrt\/konceptlosningar\/\" \/>\n<meta property=\"og:locale\" content=\"sv_SE\" \/>\n<meta property=\"og:type\" content=\"article\" \/>\n<meta property=\"og:title\" content=\"Konceptl\u00f6sningar - Vilokan Recycling Tech\" \/>\n<meta property=\"og:description\" content=\"V\u00e4lbepr\u00f6vade l\u00f6sningar f\u00f6r utvalda \u00e4ndam\u00e5l Vilokan Recycling Tech har under mer \u00e4n 30 \u00e5r skr\u00e4ddarsytt tusentals renings- och \u00e5tervinningsanl\u00e4ggningar f\u00f6r vatten och l\u00f6sningsmedel. N\u00e4r det g\u00e4ller vissa branscher och anv\u00e4ndningsomr\u00e5den har volymen blivit s\u00e5 stor att vi har kunnat utveckla skalbara modulsystem som l\u00f6ser de allra flesta aktuella behoven. Dessa konceptl\u00f6sningar effektiviserar processen ytterligare och...\" \/>\n<meta property=\"og:url\" content=\"https:\/\/vilokan.com\/vrt\/konceptlosningar\/\" \/>\n<meta property=\"og:site_name\" content=\"Vilokan Recycling Tech\" \/>\n<meta property=\"article:modified_time\" content=\"2021-11-26T10:24:35+00:00\" \/>\n<meta property=\"og:image\" content=\"https:\/\/aromdekor.fra1.digitaloceanspaces.com\/vilokan\/public\/sites\/2\/2019\/12\/vilokan-rt-konceptlosningar-1920x800.jpg\" \/>\n\t<meta property=\"og:image:width\" content=\"1920\" \/>\n\t<meta property=\"og:image:height\" content=\"800\" \/>\n\t<meta property=\"og:image:type\" content=\"image\/jpeg\" \/>\n<meta name=\"twitter:card\" content=\"summary_large_image\" \/>\n<meta name=\"twitter:label1\" content=\"Est. reading time\" \/>\n\t<meta name=\"twitter:data1\" content=\"2 minuter\" \/>\n<script type=\"application\/ld+json\" class=\"yoast-schema-graph\">{\"@context\":\"https:\/\/schema.org\",\"@graph\":[{\"@type\":\"WebPage\",\"@id\":\"https:\/\/vilokan.com\/vrt\/konceptlosningar\/\",\"url\":\"https:\/\/vilokan.com\/vrt\/konceptlosningar\/\",\"name\":\"Konceptl\u00f6sningar - Vilokan Recycling Tech\",\"isPartOf\":{\"@id\":\"https:\/\/vilokan.com\/vrt\/#website\"},\"datePublished\":\"2019-11-21T07:23:17+00:00\",\"dateModified\":\"2021-11-26T10:24:35+00:00\",\"breadcrumb\":{\"@id\":\"https:\/\/vilokan.com\/vrt\/konceptlosningar\/#breadcrumb\"},\"inLanguage\":\"sv-SE\",\"potentialAction\":[{\"@type\":\"ReadAction\",\"target\":[\"https:\/\/vilokan.com\/vrt\/konceptlosningar\/\"]}]},{\"@type\":\"BreadcrumbList\",\"@id\":\"https:\/\/vilokan.com\/vrt\/konceptlosningar\/#breadcrumb\",\"itemListElement\":[{\"@type\":\"ListItem\",\"position\":1,\"name\":\"Hem\",\"item\":\"https:\/\/vilokan.com\/vrt\/\"},{\"@type\":\"ListItem\",\"position\":2,\"name\":\"Konceptl\u00f6sningar\"}]},{\"@type\":\"WebSite\",\"@id\":\"https:\/\/vilokan.com\/vrt\/#website\",\"url\":\"https:\/\/vilokan.com\/vrt\/\",\"name\":\"Vilokan Recycling Tech\",\"description\":\"En till Vilokan Group webbplats\",\"potentialAction\":[{\"@type\":\"SearchAction\",\"target\":{\"@type\":\"EntryPoint\",\"urlTemplate\":\"https:\/\/vilokan.com\/vrt\/?s={search_term_string}\"},\"query-input\":\"required name=search_term_string\"}],\"inLanguage\":\"sv-SE\"}]}<\/script>\n<!-- \/ Yoast SEO plugin. -->","yoast_head_json":{"title":"Konceptl\u00f6sningar - Vilokan Recycling Tech","robots":{"index":"index","follow":"follow","max-snippet":"max-snippet:-1","max-image-preview":"max-image-preview:large","max-video-preview":"max-video-preview:-1"},"canonical":"https:\/\/vilokan.com\/vrt\/konceptlosningar\/","og_locale":"sv_SE","og_type":"article","og_title":"Konceptl\u00f6sningar - Vilokan Recycling Tech","og_description":"V\u00e4lbepr\u00f6vade l\u00f6sningar f\u00f6r utvalda \u00e4ndam\u00e5l Vilokan Recycling Tech har under mer \u00e4n 30 \u00e5r skr\u00e4ddarsytt tusentals renings- och \u00e5tervinningsanl\u00e4ggningar f\u00f6r vatten och l\u00f6sningsmedel. N\u00e4r det g\u00e4ller vissa branscher och anv\u00e4ndningsomr\u00e5den har volymen blivit s\u00e5 stor att vi har kunnat utveckla skalbara modulsystem som l\u00f6ser de allra flesta aktuella behoven. Dessa konceptl\u00f6sningar effektiviserar processen ytterligare och...","og_url":"https:\/\/vilokan.com\/vrt\/konceptlosningar\/","og_site_name":"Vilokan Recycling Tech","article_modified_time":"2021-11-26T10:24:35+00:00","og_image":[{"width":1920,"height":800,"url":"https:\/\/aromdekor.fra1.digitaloceanspaces.com\/vilokan\/public\/sites\/2\/2019\/12\/vilokan-rt-konceptlosningar-1920x800.jpg","type":"image\/jpeg"}],"twitter_card":"summary_large_image","twitter_misc":{"Est. reading time":"2 minuter"},"schema":{"@context":"https:\/\/schema.org","@graph":[{"@type":"WebPage","@id":"https:\/\/vilokan.com\/vrt\/konceptlosningar\/","url":"https:\/\/vilokan.com\/vrt\/konceptlosningar\/","name":"Konceptl\u00f6sningar - Vilokan Recycling Tech","isPartOf":{"@id":"https:\/\/vilokan.com\/vrt\/#website"},"datePublished":"2019-11-21T07:23:17+00:00","dateModified":"2021-11-26T10:24:35+00:00","breadcrumb":{"@id":"https:\/\/vilokan.com\/vrt\/konceptlosningar\/#breadcrumb"},"inLanguage":"sv-SE","potentialAction":[{"@type":"ReadAction","target":["https:\/\/vilokan.com\/vrt\/konceptlosningar\/"]}]},{"@type":"BreadcrumbList","@id":"https:\/\/vilokan.com\/vrt\/konceptlosningar\/#breadcrumb","itemListElement":[{"@type":"ListItem","position":1,"name":"Hem","item":"https:\/\/vilokan.com\/vrt\/"},{"@type":"ListItem","position":2,"name":"Konceptl\u00f6sningar"}]},{"@type":"WebSite","@id":"https:\/\/vilokan.com\/vrt\/#website","url":"https:\/\/vilokan.com\/vrt\/","name":"Vilokan Recycling Tech","description":"En till Vilokan Group webbplats","potentialAction":[{"@type":"SearchAction","target":{"@type":"EntryPoint","urlTemplate":"https:\/\/vilokan.com\/vrt\/?s={search_term_string}"},"query-input":"required name=search_term_string"}],"inLanguage":"sv-SE"}]}},"_links":{"self":[{"href":"https:\/\/vilokan.com\/vrt\/wp-json\/wp\/v2\/pages\/9"}],"collection":[{"href":"https:\/\/vilokan.com\/vrt\/wp-json\/wp\/v2\/pages"}],"about":[{"href":"https:\/\/vilokan.com\/vrt\/wp-json\/wp\/v2\/types\/page"}],"author":[{"embeddable":true,"href":"https:\/\/vilokan.com\/vrt\/wp-json\/wp\/v2\/users\/1"}],"replies":[{"embeddable":true,"href":"https:\/\/vilokan.com\/vrt\/wp-json\/wp\/v2\/comments?post=9"}],"version-history":[{"count":78,"href":"https:\/\/vilokan.com\/vrt\/wp-json\/wp\/v2\/pages\/9\/revisions"}],"predecessor-version":[{"id":1055,"href":"https:\/\/vilokan.com\/vrt\/wp-json\/wp\/v2\/pages\/9\/revisions\/1055"}],"wp:featuredmedia":[{"embeddable":true,"href":"https:\/\/vilokan.com\/vrt\/wp-json\/wp\/v2\/media\/365"}],"wp:attachment":[{"href":"https:\/\/vilokan.com\/vrt\/wp-json\/wp\/v2\/media?parent=9"}],"curies":[{"name":"wp","href":"https:\/\/api.w.org\/{rel}","templated":true}]}}