{"id":7,"date":"2019-11-21T08:22:51","date_gmt":"2019-11-21T07:22:51","guid":{"rendered":"http:\/\/vilokan.com\/recycling\/?page_id=7"},"modified":"2021-11-26T11:26:23","modified_gmt":"2021-11-26T10:26:23","slug":"vart-erbjudande","status":"publish","type":"page","link":"https:\/\/vilokan.com\/vrt\/vart-erbjudande\/","title":{"rendered":"V\u00e5rt erbjudande"},"content":{"rendered":"\n<p><strong>Vi skr\u00e4ddarsyr anl\u00e4ggningar f\u00f6r rening och \u00e5tervinning av vatten och l\u00f6sningsmedel<\/strong><br> Sedan 1987 har Vilokan Recycling Tech ifr\u00e5gasatt hur f\u00f6retag och offentlig sektor hanterar rening och \u00e5tervinning. Analys och ifr\u00e5gas\u00e4ttande \u00e4r alltid de f\u00f6rsta stegen i v\u00e5r arbetsmetod. M\u00e5let \u00e4r att skr\u00e4ddarsy en l\u00f6sning som blir en effektiv och naturlig del av kundens verksamhet. Teknisk innovation \u00e4r viktig men kunskap om hur den ska hanteras och integreras i verksamheten \u00e4r minst lika viktig. D\u00e4rf\u00f6r best\u00e5r en skr\u00e4ddarsydd l\u00f6sning fr\u00e5n Vilokan inte bara av teknisk utrustning utan \u00e4ven av l\u00e5ngtg\u00e5ende insikter om drift, underh\u00e5ll, support, intrimning, uppf\u00f6ljning, framtidss\u00e4kring och i f\u00f6rl\u00e4ngningen finansiering.<\/p>\n\n\n\n<p><strong>M\u00e5let \u00e4r ett helt slutet system, ett perfekt kretslopp, \u201ca closed loop\u201d <\/strong><br> Att rena vatten eller l\u00f6sningsmedel styrs inte s\u00e4llan utifr\u00e5n myndigheters utsl\u00e4ppskrav. Det blir helt enkelt ett problem som m\u00e5ste hanteras. P\u00e5 Vilokan Recycling Tech ser vi milj\u00f6teknik som en m\u00f6jlighet, ett offensivt verktyg som kan \u00f6ka verksamheten oberoende och l\u00f6nsamhet. Genom att skapa ett helt slutet system slipper vi utsl\u00e4pp och d\u00e4rmed vaccineras verksamheten fr\u00e5n framtida myndighetsrestriktioner. Dessutom drabbas allt fler platser i v\u00e4rlden av vattenbrist och de organisationer som \u00e5teranv\u00e4nder 100 % av sitt vatten kommer att ha en s\u00e4rst\u00e4llning. B\u00e5de ur ett finansiellt perspektiv och som samh\u00e4llsmedborgare.<\/p>\n\n\n\n<p><strong>Vi s\u00f6ker alltid efter r\u00e5varor att \u00e5tervinna och generera int\u00e4kter<\/strong><br> V\u00e5ra reningsprocesser \u00e4r ocks\u00e5 \u00e5tervinningsprocesser. Det som de flesta s\u00e5g som avfall ig\u00e5r \u00e4r en potentiell r\u00e5vara idag. Renat vatten eller l\u00f6sningsmedel g\u00e5r oftast tillbaka in i kundens verksamhet i ett slutet system. Men de verksamheter som f\u00e5r \u00f6verskott har goda m\u00f6jligheter att s\u00e4lja vidare till en andra. Dessutom f\u00f6rekommer ofta ytterligare r\u00e5varor i processv\u00e4tskan som kan utvinnas. V\u00e5rt stora kontaktn\u00e4t inom olika verksamheter g\u00f6r att vi ofta hittar synergier och kan koppla ihop olika kunder och akt\u00f6rer till nya kretslopp. <\/p>\n\n\n\n<p><strong>V\u00e5ra kunder \u00e4r globala koncerner och sm\u00e5verkst\u00e4der <\/strong><br> Milj\u00f6n k\u00e4nner inga nationsgr\u00e4nser \u2013 det g\u00f6r inte Vilokan heller. Vi \u00e4r ursprungligen ett svenskt f\u00f6retag men vi har hela v\u00e4rlden som v\u00e5rt arbetsf\u00e4lt. De tekniska innovationer vi arbetar med inom rening och \u00e5tervinning \u00e4r till stora delar modul\u00e4ra och skalbara. Det inneb\u00e4r att vi kan skapa ytterst kostnadseffektiva l\u00f6sningar \u00e4ven f\u00f6r sm\u00e5 verksamheter och samtidigt bygga ut och anpassa l\u00f6sningar f\u00f6r stora koncerner. Vi har ocks\u00e5 l\u00e5ngtg\u00e5ende m\u00f6jligheter till fj\u00e4rrstyrning och distans\u00f6vervakning.<\/p>\n\n\n\n<p>Vi initierar \u00e4ven logistikl\u00f6sningar som skapar m\u00f6jligheter f\u00f6r sm\u00e5 uppdragsgivare att dela p\u00e5 st\u00f6rre kapacitetsl\u00f6sningar. Vi \u00e4lskar utmaningar och \u00e4r \u00f6vertygade att milj\u00f6teknik \u00e4r framtiden f\u00f6r alla sorters verksamheter.<\/p>\n\n\n\n<p><strong>Vi erbjuder expertkompetens och framtidss\u00e4krade standardprodukter<\/strong><br> Anl\u00e4ggningarna fr\u00e5n Vilokan kombinerar tekniska innovationer med m\u00e5ng\u00e5rig erfarenhet av design, drifts\u00e4ttning och underh\u00e5ll. Anl\u00e4ggningarna best\u00e5r av v\u00e4lbepr\u00f6vade standardkomponenter. Det g\u00f6r att vi b\u00e5de kan erbjuda h\u00f6g drifts\u00e4kerhet och s\u00e4ker tillg\u00e5ng till reservdelar. Ett utm\u00e4rkt s\u00e4tt att framtidss\u00e4kra sin investering.<\/p>\n\n\n\n<p><strong>Vi erbjuder alltid support men \u00e4ven drift och finansiering om s\u00e5 \u00f6nskas<\/strong><br> Alla v\u00e5ra kunder har tillg\u00e5ng till v\u00e5r serviceorganisation f\u00f6r support. Men vissa vill ha oss betydligt n\u00e4rmare \u00e4n s\u00e5. Eftersom vi noga analyserar kundernas behov och skr\u00e4ddarsyr l\u00f6sningar f\u00f6r att passa verksamheten identifierar vi ibland \u00e4ven nya aff\u00e4rsm\u00f6jligheter. Det kan g\u00e4lla nya int\u00e4kter i form av \u00e5tervinning av r\u00e5varor och med det m\u00f6jligheter till outsourcing. Flera av v\u00e5ra kunder anlitar oss \u00e4ven f\u00f6r driften av sin anl\u00e4ggning. N\u00e5gra har g\u00e5tt \u00e4nnu l\u00e4ngre och l\u00e5ter oss dessutom finansiera hela anl\u00e4ggningen. Milj\u00f6teknik, \u00e5tervinning och cirkul\u00e4r ekonomi har en enorm potential! <br><br><a href=\"https:\/\/vilokan.com\/wp-content\/uploads\/sites\/2\/2021\/11\/Vilokan-Recycling-Tech-Allma\u0308n-info_Sv_20200505.pdf\">PDF &#8211; Vilokan Recycling Tech Allm\u00e4n info.<\/a><\/p>\n","protected":false},"excerpt":{"rendered":"<p>Vi skr\u00e4ddarsyr anl\u00e4ggningar f\u00f6r rening och \u00e5tervinning av vatten och l\u00f6sningsmedel Sedan 1987 har Vilokan Recycling Tech ifr\u00e5gasatt hur f\u00f6retag och offentlig sektor hanterar rening och \u00e5tervinning. Analys och ifr\u00e5gas\u00e4ttande \u00e4r alltid de f\u00f6rsta stegen i v\u00e5r arbetsmetod. M\u00e5let \u00e4r att skr\u00e4ddarsy en l\u00f6sning som blir en effektiv och naturlig del av kundens verksamhet. Teknisk&#8230;<\/p>\n","protected":false},"author":1,"featured_media":363,"parent":0,"menu_order":0,"comment_status":"closed","ping_status":"closed","template":"","meta":[],"acf":[],"yoast_head":"<!-- This site is optimized with the Yoast SEO plugin v20.2.1 - https:\/\/yoast.com\/wordpress\/plugins\/seo\/ -->\n<title>V\u00e5rt erbjudande - Vilokan Recycling Tech<\/title>\n<meta name=\"robots\" content=\"index, follow, max-snippet:-1, max-image-preview:large, max-video-preview:-1\" \/>\n<link rel=\"canonical\" href=\"https:\/\/vilokan.com\/vrt\/vart-erbjudande\/\" \/>\n<meta property=\"og:locale\" content=\"sv_SE\" \/>\n<meta property=\"og:type\" content=\"article\" \/>\n<meta property=\"og:title\" content=\"V\u00e5rt erbjudande - Vilokan Recycling Tech\" \/>\n<meta property=\"og:description\" content=\"Vi skr\u00e4ddarsyr anl\u00e4ggningar f\u00f6r rening och \u00e5tervinning av vatten och l\u00f6sningsmedel Sedan 1987 har Vilokan Recycling Tech ifr\u00e5gasatt hur f\u00f6retag och offentlig sektor hanterar rening och \u00e5tervinning. Analys och ifr\u00e5gas\u00e4ttande \u00e4r alltid de f\u00f6rsta stegen i v\u00e5r arbetsmetod. M\u00e5let \u00e4r att skr\u00e4ddarsy en l\u00f6sning som blir en effektiv och naturlig del av kundens verksamhet. Teknisk...\" \/>\n<meta property=\"og:url\" content=\"https:\/\/vilokan.com\/vrt\/vart-erbjudande\/\" \/>\n<meta property=\"og:site_name\" content=\"Vilokan Recycling Tech\" \/>\n<meta property=\"article:modified_time\" content=\"2021-11-26T10:26:23+00:00\" \/>\n<meta property=\"og:image\" content=\"https:\/\/aromdekor.fra1.digitaloceanspaces.com\/vilokan\/public\/sites\/2\/2019\/12\/vilokan-rt-vart-erbjudande-1920x800.jpg\" \/>\n\t<meta property=\"og:image:width\" content=\"1920\" \/>\n\t<meta property=\"og:image:height\" content=\"800\" \/>\n\t<meta property=\"og:image:type\" content=\"image\/jpeg\" \/>\n<meta name=\"twitter:card\" content=\"summary_large_image\" \/>\n<meta name=\"twitter:label1\" content=\"Est. reading time\" \/>\n\t<meta name=\"twitter:data1\" content=\"3 minuter\" \/>\n<script type=\"application\/ld+json\" class=\"yoast-schema-graph\">{\"@context\":\"https:\/\/schema.org\",\"@graph\":[{\"@type\":\"WebPage\",\"@id\":\"https:\/\/vilokan.com\/vrt\/vart-erbjudande\/\",\"url\":\"https:\/\/vilokan.com\/vrt\/vart-erbjudande\/\",\"name\":\"V\u00e5rt erbjudande - Vilokan Recycling Tech\",\"isPartOf\":{\"@id\":\"https:\/\/vilokan.com\/vrt\/#website\"},\"datePublished\":\"2019-11-21T07:22:51+00:00\",\"dateModified\":\"2021-11-26T10:26:23+00:00\",\"breadcrumb\":{\"@id\":\"https:\/\/vilokan.com\/vrt\/vart-erbjudande\/#breadcrumb\"},\"inLanguage\":\"sv-SE\",\"potentialAction\":[{\"@type\":\"ReadAction\",\"target\":[\"https:\/\/vilokan.com\/vrt\/vart-erbjudande\/\"]}]},{\"@type\":\"BreadcrumbList\",\"@id\":\"https:\/\/vilokan.com\/vrt\/vart-erbjudande\/#breadcrumb\",\"itemListElement\":[{\"@type\":\"ListItem\",\"position\":1,\"name\":\"Hem\",\"item\":\"https:\/\/vilokan.com\/vrt\/\"},{\"@type\":\"ListItem\",\"position\":2,\"name\":\"V\u00e5rt erbjudande\"}]},{\"@type\":\"WebSite\",\"@id\":\"https:\/\/vilokan.com\/vrt\/#website\",\"url\":\"https:\/\/vilokan.com\/vrt\/\",\"name\":\"Vilokan Recycling Tech\",\"description\":\"En till Vilokan Group webbplats\",\"potentialAction\":[{\"@type\":\"SearchAction\",\"target\":{\"@type\":\"EntryPoint\",\"urlTemplate\":\"https:\/\/vilokan.com\/vrt\/?s={search_term_string}\"},\"query-input\":\"required name=search_term_string\"}],\"inLanguage\":\"sv-SE\"}]}<\/script>\n<!-- \/ Yoast SEO plugin. -->","yoast_head_json":{"title":"V\u00e5rt erbjudande - Vilokan Recycling Tech","robots":{"index":"index","follow":"follow","max-snippet":"max-snippet:-1","max-image-preview":"max-image-preview:large","max-video-preview":"max-video-preview:-1"},"canonical":"https:\/\/vilokan.com\/vrt\/vart-erbjudande\/","og_locale":"sv_SE","og_type":"article","og_title":"V\u00e5rt erbjudande - Vilokan Recycling Tech","og_description":"Vi skr\u00e4ddarsyr anl\u00e4ggningar f\u00f6r rening och \u00e5tervinning av vatten och l\u00f6sningsmedel Sedan 1987 har Vilokan Recycling Tech ifr\u00e5gasatt hur f\u00f6retag och offentlig sektor hanterar rening och \u00e5tervinning. Analys och ifr\u00e5gas\u00e4ttande \u00e4r alltid de f\u00f6rsta stegen i v\u00e5r arbetsmetod. M\u00e5let \u00e4r att skr\u00e4ddarsy en l\u00f6sning som blir en effektiv och naturlig del av kundens verksamhet. Teknisk...","og_url":"https:\/\/vilokan.com\/vrt\/vart-erbjudande\/","og_site_name":"Vilokan Recycling Tech","article_modified_time":"2021-11-26T10:26:23+00:00","og_image":[{"width":1920,"height":800,"url":"https:\/\/aromdekor.fra1.digitaloceanspaces.com\/vilokan\/public\/sites\/2\/2019\/12\/vilokan-rt-vart-erbjudande-1920x800.jpg","type":"image\/jpeg"}],"twitter_card":"summary_large_image","twitter_misc":{"Est. reading time":"3 minuter"},"schema":{"@context":"https:\/\/schema.org","@graph":[{"@type":"WebPage","@id":"https:\/\/vilokan.com\/vrt\/vart-erbjudande\/","url":"https:\/\/vilokan.com\/vrt\/vart-erbjudande\/","name":"V\u00e5rt erbjudande - Vilokan Recycling Tech","isPartOf":{"@id":"https:\/\/vilokan.com\/vrt\/#website"},"datePublished":"2019-11-21T07:22:51+00:00","dateModified":"2021-11-26T10:26:23+00:00","breadcrumb":{"@id":"https:\/\/vilokan.com\/vrt\/vart-erbjudande\/#breadcrumb"},"inLanguage":"sv-SE","potentialAction":[{"@type":"ReadAction","target":["https:\/\/vilokan.com\/vrt\/vart-erbjudande\/"]}]},{"@type":"BreadcrumbList","@id":"https:\/\/vilokan.com\/vrt\/vart-erbjudande\/#breadcrumb","itemListElement":[{"@type":"ListItem","position":1,"name":"Hem","item":"https:\/\/vilokan.com\/vrt\/"},{"@type":"ListItem","position":2,"name":"V\u00e5rt erbjudande"}]},{"@type":"WebSite","@id":"https:\/\/vilokan.com\/vrt\/#website","url":"https:\/\/vilokan.com\/vrt\/","name":"Vilokan Recycling Tech","description":"En till Vilokan Group webbplats","potentialAction":[{"@type":"SearchAction","target":{"@type":"EntryPoint","urlTemplate":"https:\/\/vilokan.com\/vrt\/?s={search_term_string}"},"query-input":"required name=search_term_string"}],"inLanguage":"sv-SE"}]}},"_links":{"self":[{"href":"https:\/\/vilokan.com\/vrt\/wp-json\/wp\/v2\/pages\/7"}],"collection":[{"href":"https:\/\/vilokan.com\/vrt\/wp-json\/wp\/v2\/pages"}],"about":[{"href":"https:\/\/vilokan.com\/vrt\/wp-json\/wp\/v2\/types\/page"}],"author":[{"embeddable":true,"href":"https:\/\/vilokan.com\/vrt\/wp-json\/wp\/v2\/users\/1"}],"replies":[{"embeddable":true,"href":"https:\/\/vilokan.com\/vrt\/wp-json\/wp\/v2\/comments?post=7"}],"version-history":[{"count":47,"href":"https:\/\/vilokan.com\/vrt\/wp-json\/wp\/v2\/pages\/7\/revisions"}],"predecessor-version":[{"id":1056,"href":"https:\/\/vilokan.com\/vrt\/wp-json\/wp\/v2\/pages\/7\/revisions\/1056"}],"wp:featuredmedia":[{"embeddable":true,"href":"https:\/\/vilokan.com\/vrt\/wp-json\/wp\/v2\/media\/363"}],"wp:attachment":[{"href":"https:\/\/vilokan.com\/vrt\/wp-json\/wp\/v2\/media?parent=7"}],"curies":[{"name":"wp","href":"https:\/\/api.w.org\/{rel}","templated":true}]}}