{"id":570,"date":"2020-04-07T13:05:26","date_gmt":"2020-04-07T11:05:26","guid":{"rendered":"http:\/\/vilokan.com\/vrt\/?page_id=570"},"modified":"2020-04-20T11:54:25","modified_gmt":"2020-04-20T09:54:25","slug":"industriell-tvatt","status":"publish","type":"page","link":"https:\/\/vilokan.com\/vrt\/konceptlosningar\/industriell-tvatt\/","title":{"rendered":"Industriell tv\u00e4tt"},"content":{"rendered":"\n<p>V\u00e5ra reningsanl\u00e4ggningar f\u00f6r f\u00f6rorenat tv\u00e4tt- och golvskurvatten fr\u00e5n produktionsanl\u00e4ggningar \u00e4r utvecklade f\u00f6r att passa moderna kemiprodukter som t ex vatten- och mikroemulsionbaserade f\u00f6rorenat med olja, l\u00f6sta metaller och salter m m<\/p>\n\n\n\n<a class=\"order-2 more-info\" style=\"color:#1e6499\" data-infofield=\"4\" data-toggle=\"modal\" data-target=\".bd-example-modal-lg\" rel=\"noopener noreferrer\">Mer information<\/a>\n","protected":false},"excerpt":{"rendered":"<p>V\u00e5ra reningsanl\u00e4ggningar f\u00f6r f\u00f6rorenat tv\u00e4tt- och golvskurvatten fr\u00e5n produktionsanl\u00e4ggningar \u00e4r utvecklade f\u00f6r att passa moderna kemiprodukter som t ex vatten- och mikroemulsionbaserade f\u00f6rorenat med olja, l\u00f6sta metaller och salter m m Mer information<\/p>\n","protected":false},"author":1,"featured_media":0,"parent":9,"menu_order":0,"comment_status":"closed","ping_status":"closed","template":"page-product-details.php","meta":[],"acf":[],"yoast_head":"<!-- This site is optimized with the Yoast SEO plugin v20.2.1 - https:\/\/yoast.com\/wordpress\/plugins\/seo\/ -->\n<title>Industriell tv\u00e4tt - Vilokan Recycling Tech<\/title>\n<meta name=\"robots\" content=\"index, follow, max-snippet:-1, max-image-preview:large, max-video-preview:-1\" \/>\n<link rel=\"canonical\" href=\"https:\/\/vilokan.com\/vrt\/konceptlosningar\/industriell-tvatt\/\" \/>\n<meta property=\"og:locale\" content=\"sv_SE\" \/>\n<meta property=\"og:type\" content=\"article\" \/>\n<meta property=\"og:title\" content=\"Industriell tv\u00e4tt - Vilokan Recycling Tech\" \/>\n<meta property=\"og:description\" content=\"V\u00e5ra reningsanl\u00e4ggningar f\u00f6r f\u00f6rorenat tv\u00e4tt- och golvskurvatten fr\u00e5n produktionsanl\u00e4ggningar \u00e4r utvecklade f\u00f6r att passa moderna kemiprodukter som t ex vatten- och mikroemulsionbaserade f\u00f6rorenat med olja, l\u00f6sta metaller och salter m m Mer information\" \/>\n<meta property=\"og:url\" content=\"https:\/\/vilokan.com\/vrt\/konceptlosningar\/industriell-tvatt\/\" \/>\n<meta property=\"og:site_name\" content=\"Vilokan Recycling Tech\" \/>\n<meta property=\"article:modified_time\" content=\"2020-04-20T09:54:25+00:00\" \/>\n<meta name=\"twitter:card\" content=\"summary_large_image\" \/>\n<script type=\"application\/ld+json\" class=\"yoast-schema-graph\">{\"@context\":\"https:\/\/schema.org\",\"@graph\":[{\"@type\":\"WebPage\",\"@id\":\"https:\/\/vilokan.com\/vrt\/konceptlosningar\/industriell-tvatt\/\",\"url\":\"https:\/\/vilokan.com\/vrt\/konceptlosningar\/industriell-tvatt\/\",\"name\":\"Industriell tv\u00e4tt - Vilokan Recycling Tech\",\"isPartOf\":{\"@id\":\"https:\/\/vilokan.com\/vrt\/#website\"},\"datePublished\":\"2020-04-07T11:05:26+00:00\",\"dateModified\":\"2020-04-20T09:54:25+00:00\",\"breadcrumb\":{\"@id\":\"https:\/\/vilokan.com\/vrt\/konceptlosningar\/industriell-tvatt\/#breadcrumb\"},\"inLanguage\":\"sv-SE\",\"potentialAction\":[{\"@type\":\"ReadAction\",\"target\":[\"https:\/\/vilokan.com\/vrt\/konceptlosningar\/industriell-tvatt\/\"]}]},{\"@type\":\"BreadcrumbList\",\"@id\":\"https:\/\/vilokan.com\/vrt\/konceptlosningar\/industriell-tvatt\/#breadcrumb\",\"itemListElement\":[{\"@type\":\"ListItem\",\"position\":1,\"name\":\"Hem\",\"item\":\"https:\/\/vilokan.com\/vrt\/\"},{\"@type\":\"ListItem\",\"position\":2,\"name\":\"Konceptl\u00f6sningar\",\"item\":\"https:\/\/vilokan.com\/vrt\/konceptlosningar\/\"},{\"@type\":\"ListItem\",\"position\":3,\"name\":\"Industriell tv\u00e4tt\"}]},{\"@type\":\"WebSite\",\"@id\":\"https:\/\/vilokan.com\/vrt\/#website\",\"url\":\"https:\/\/vilokan.com\/vrt\/\",\"name\":\"Vilokan Recycling Tech\",\"description\":\"En till Vilokan Group webbplats\",\"potentialAction\":[{\"@type\":\"SearchAction\",\"target\":{\"@type\":\"EntryPoint\",\"urlTemplate\":\"https:\/\/vilokan.com\/vrt\/?s={search_term_string}\"},\"query-input\":\"required name=search_term_string\"}],\"inLanguage\":\"sv-SE\"}]}<\/script>\n<!-- \/ Yoast SEO plugin. -->","yoast_head_json":{"title":"Industriell tv\u00e4tt - Vilokan Recycling Tech","robots":{"index":"index","follow":"follow","max-snippet":"max-snippet:-1","max-image-preview":"max-image-preview:large","max-video-preview":"max-video-preview:-1"},"canonical":"https:\/\/vilokan.com\/vrt\/konceptlosningar\/industriell-tvatt\/","og_locale":"sv_SE","og_type":"article","og_title":"Industriell tv\u00e4tt - Vilokan Recycling Tech","og_description":"V\u00e5ra reningsanl\u00e4ggningar f\u00f6r f\u00f6rorenat tv\u00e4tt- och golvskurvatten fr\u00e5n produktionsanl\u00e4ggningar \u00e4r utvecklade f\u00f6r att passa moderna kemiprodukter som t ex vatten- och mikroemulsionbaserade f\u00f6rorenat med olja, l\u00f6sta metaller och salter m m Mer information","og_url":"https:\/\/vilokan.com\/vrt\/konceptlosningar\/industriell-tvatt\/","og_site_name":"Vilokan Recycling Tech","article_modified_time":"2020-04-20T09:54:25+00:00","twitter_card":"summary_large_image","schema":{"@context":"https:\/\/schema.org","@graph":[{"@type":"WebPage","@id":"https:\/\/vilokan.com\/vrt\/konceptlosningar\/industriell-tvatt\/","url":"https:\/\/vilokan.com\/vrt\/konceptlosningar\/industriell-tvatt\/","name":"Industriell tv\u00e4tt - Vilokan Recycling Tech","isPartOf":{"@id":"https:\/\/vilokan.com\/vrt\/#website"},"datePublished":"2020-04-07T11:05:26+00:00","dateModified":"2020-04-20T09:54:25+00:00","breadcrumb":{"@id":"https:\/\/vilokan.com\/vrt\/konceptlosningar\/industriell-tvatt\/#breadcrumb"},"inLanguage":"sv-SE","potentialAction":[{"@type":"ReadAction","target":["https:\/\/vilokan.com\/vrt\/konceptlosningar\/industriell-tvatt\/"]}]},{"@type":"BreadcrumbList","@id":"https:\/\/vilokan.com\/vrt\/konceptlosningar\/industriell-tvatt\/#breadcrumb","itemListElement":[{"@type":"ListItem","position":1,"name":"Hem","item":"https:\/\/vilokan.com\/vrt\/"},{"@type":"ListItem","position":2,"name":"Konceptl\u00f6sningar","item":"https:\/\/vilokan.com\/vrt\/konceptlosningar\/"},{"@type":"ListItem","position":3,"name":"Industriell tv\u00e4tt"}]},{"@type":"WebSite","@id":"https:\/\/vilokan.com\/vrt\/#website","url":"https:\/\/vilokan.com\/vrt\/","name":"Vilokan Recycling Tech","description":"En till Vilokan Group webbplats","potentialAction":[{"@type":"SearchAction","target":{"@type":"EntryPoint","urlTemplate":"https:\/\/vilokan.com\/vrt\/?s={search_term_string}"},"query-input":"required name=search_term_string"}],"inLanguage":"sv-SE"}]}},"_links":{"self":[{"href":"https:\/\/vilokan.com\/vrt\/wp-json\/wp\/v2\/pages\/570"}],"collection":[{"href":"https:\/\/vilokan.com\/vrt\/wp-json\/wp\/v2\/pages"}],"about":[{"href":"https:\/\/vilokan.com\/vrt\/wp-json\/wp\/v2\/types\/page"}],"author":[{"embeddable":true,"href":"https:\/\/vilokan.com\/vrt\/wp-json\/wp\/v2\/users\/1"}],"replies":[{"embeddable":true,"href":"https:\/\/vilokan.com\/vrt\/wp-json\/wp\/v2\/comments?post=570"}],"version-history":[{"count":7,"href":"https:\/\/vilokan.com\/vrt\/wp-json\/wp\/v2\/pages\/570\/revisions"}],"predecessor-version":[{"id":752,"href":"https:\/\/vilokan.com\/vrt\/wp-json\/wp\/v2\/pages\/570\/revisions\/752"}],"up":[{"embeddable":true,"href":"https:\/\/vilokan.com\/vrt\/wp-json\/wp\/v2\/pages\/9"}],"wp:attachment":[{"href":"https:\/\/vilokan.com\/vrt\/wp-json\/wp\/v2\/media?parent=570"}],"curies":[{"name":"wp","href":"https:\/\/api.w.org\/{rel}","templated":true}]}}