{"id":20,"date":"2019-11-21T08:24:51","date_gmt":"2019-11-21T07:24:51","guid":{"rendered":"http:\/\/vilokan.com\/recycling\/?page_id=20"},"modified":"2026-04-17T08:11:27","modified_gmt":"2026-04-17T06:11:27","slug":"kontakt","status":"publish","type":"page","link":"https:\/\/vilokan.com\/vrt\/kontakt\/","title":{"rendered":"Kontakt"},"content":{"rendered":"\n<div style=\"height:100px\" aria-hidden=\"true\" class=\"wp-block-spacer\"><\/div>\n\n\n\n<p>H\u00f6r av dig till oss s\u00e5 ber\u00e4ttar vi hur v\u00e5ra l\u00f6sningar kan hj\u00e4lpa er.<\/p>\n\n\n\n<p><strong>Vilokan Recycling Tech AB<\/strong><\/p>\n\n\n\n<p><\/p>\n\n\n\n<p><strong>Huvudkontor<\/strong><br> Vilokan Recycling Tech<br> Uddevallav\u00e4gen 3 <br> SE-452 31 Str\u00f6mstad <br> SWEDEN<br> +46 526 187 30<br><a href=\"mailto:info@vilokan.com\">info@vilokan.com<\/a><\/p>\n\n\n\n<p><strong>S\u00e4lj-\/utvecklingskontor<\/strong><br> Vilokan Recycling Tech<br>Stora S\u00f6dergatan 8C<br> SE-222 23 Lund<br> SWEDEN <br> +46526 187 33 eller +4670 587 42 38<\/p>\n\n\n\n<p><strong>Service &amp; reservdelar<\/strong><br>Service<br><a href=\"mailto:service@vilokan.se\"><\/a><a href=\"mailto:service@vilokan.se\">service@vilokan.se<\/a><\/p>\n\n\n\n<p>Reservdelar<br><a href=\"mailto:order@vilokan.se\">order@vilokan.se<\/a><\/p>\n","protected":false},"excerpt":{"rendered":"<p>H\u00f6r av dig till oss s\u00e5 ber\u00e4ttar vi hur v\u00e5ra l\u00f6sningar kan hj\u00e4lpa er. Vilokan Recycling Tech AB Huvudkontor Vilokan Recycling Tech Uddevallav\u00e4gen 3 SE-452 31 Str\u00f6mstad SWEDEN +46 526 187 30info@vilokan.com S\u00e4lj-\/utvecklingskontor Vilokan Recycling TechStora S\u00f6dergatan 8C SE-222 23 Lund SWEDEN +46526 187 33 eller +4670 587 42 38 Service &amp; reservdelarServiceservice@vilokan.se Reservdelarorder@vilokan.se<\/p>\n","protected":false},"author":1,"featured_media":0,"parent":0,"menu_order":0,"comment_status":"closed","ping_status":"closed","template":"page-contact.php","meta":[],"acf":[],"yoast_head":"<!-- This site is optimized with the Yoast SEO plugin v20.2.1 - https:\/\/yoast.com\/wordpress\/plugins\/seo\/ -->\n<title>Kontakt - Vilokan Recycling Tech<\/title>\n<meta name=\"robots\" content=\"index, follow, max-snippet:-1, max-image-preview:large, max-video-preview:-1\" \/>\n<link rel=\"canonical\" href=\"https:\/\/vilokan.com\/vrt\/kontakt\/\" \/>\n<meta property=\"og:locale\" content=\"sv_SE\" \/>\n<meta property=\"og:type\" content=\"article\" \/>\n<meta property=\"og:title\" content=\"Kontakt - Vilokan Recycling Tech\" \/>\n<meta property=\"og:description\" content=\"H\u00f6r av dig till oss s\u00e5 ber\u00e4ttar vi hur v\u00e5ra l\u00f6sningar kan hj\u00e4lpa er. Vilokan Recycling Tech AB Huvudkontor Vilokan Recycling Tech Uddevallav\u00e4gen 3 SE-452 31 Str\u00f6mstad SWEDEN +46 526 187 30info@vilokan.com S\u00e4lj-\/utvecklingskontor Vilokan Recycling TechStora S\u00f6dergatan 8C SE-222 23 Lund SWEDEN +46526 187 33 eller +4670 587 42 38 Service &amp; reservdelarServiceservice@vilokan.se Reservdelarorder@vilokan.se\" \/>\n<meta property=\"og:url\" content=\"https:\/\/vilokan.com\/vrt\/kontakt\/\" \/>\n<meta property=\"og:site_name\" content=\"Vilokan Recycling Tech\" \/>\n<meta property=\"article:modified_time\" content=\"2026-04-17T06:11:27+00:00\" \/>\n<meta name=\"twitter:card\" content=\"summary_large_image\" \/>\n<meta name=\"twitter:label1\" content=\"Est. reading time\" \/>\n\t<meta name=\"twitter:data1\" content=\"1 minut\" \/>\n<script type=\"application\/ld+json\" class=\"yoast-schema-graph\">{\"@context\":\"https:\/\/schema.org\",\"@graph\":[{\"@type\":\"WebPage\",\"@id\":\"https:\/\/vilokan.com\/vrt\/kontakt\/\",\"url\":\"https:\/\/vilokan.com\/vrt\/kontakt\/\",\"name\":\"Kontakt - Vilokan Recycling Tech\",\"isPartOf\":{\"@id\":\"https:\/\/vilokan.com\/vrt\/#website\"},\"datePublished\":\"2019-11-21T07:24:51+00:00\",\"dateModified\":\"2026-04-17T06:11:27+00:00\",\"breadcrumb\":{\"@id\":\"https:\/\/vilokan.com\/vrt\/kontakt\/#breadcrumb\"},\"inLanguage\":\"sv-SE\",\"potentialAction\":[{\"@type\":\"ReadAction\",\"target\":[\"https:\/\/vilokan.com\/vrt\/kontakt\/\"]}]},{\"@type\":\"BreadcrumbList\",\"@id\":\"https:\/\/vilokan.com\/vrt\/kontakt\/#breadcrumb\",\"itemListElement\":[{\"@type\":\"ListItem\",\"position\":1,\"name\":\"Hem\",\"item\":\"https:\/\/vilokan.com\/vrt\/\"},{\"@type\":\"ListItem\",\"position\":2,\"name\":\"Kontakt\"}]},{\"@type\":\"WebSite\",\"@id\":\"https:\/\/vilokan.com\/vrt\/#website\",\"url\":\"https:\/\/vilokan.com\/vrt\/\",\"name\":\"Vilokan Recycling Tech\",\"description\":\"En till Vilokan Group webbplats\",\"potentialAction\":[{\"@type\":\"SearchAction\",\"target\":{\"@type\":\"EntryPoint\",\"urlTemplate\":\"https:\/\/vilokan.com\/vrt\/?s={search_term_string}\"},\"query-input\":\"required name=search_term_string\"}],\"inLanguage\":\"sv-SE\"}]}<\/script>\n<!-- \/ Yoast SEO plugin. -->","yoast_head_json":{"title":"Kontakt - Vilokan Recycling Tech","robots":{"index":"index","follow":"follow","max-snippet":"max-snippet:-1","max-image-preview":"max-image-preview:large","max-video-preview":"max-video-preview:-1"},"canonical":"https:\/\/vilokan.com\/vrt\/kontakt\/","og_locale":"sv_SE","og_type":"article","og_title":"Kontakt - Vilokan Recycling Tech","og_description":"H\u00f6r av dig till oss s\u00e5 ber\u00e4ttar vi hur v\u00e5ra l\u00f6sningar kan hj\u00e4lpa er. Vilokan Recycling Tech AB Huvudkontor Vilokan Recycling Tech Uddevallav\u00e4gen 3 SE-452 31 Str\u00f6mstad SWEDEN +46 526 187 30info@vilokan.com S\u00e4lj-\/utvecklingskontor Vilokan Recycling TechStora S\u00f6dergatan 8C SE-222 23 Lund SWEDEN +46526 187 33 eller +4670 587 42 38 Service &amp; reservdelarServiceservice@vilokan.se Reservdelarorder@vilokan.se","og_url":"https:\/\/vilokan.com\/vrt\/kontakt\/","og_site_name":"Vilokan Recycling Tech","article_modified_time":"2026-04-17T06:11:27+00:00","twitter_card":"summary_large_image","twitter_misc":{"Est. reading time":"1 minut"},"schema":{"@context":"https:\/\/schema.org","@graph":[{"@type":"WebPage","@id":"https:\/\/vilokan.com\/vrt\/kontakt\/","url":"https:\/\/vilokan.com\/vrt\/kontakt\/","name":"Kontakt - Vilokan Recycling Tech","isPartOf":{"@id":"https:\/\/vilokan.com\/vrt\/#website"},"datePublished":"2019-11-21T07:24:51+00:00","dateModified":"2026-04-17T06:11:27+00:00","breadcrumb":{"@id":"https:\/\/vilokan.com\/vrt\/kontakt\/#breadcrumb"},"inLanguage":"sv-SE","potentialAction":[{"@type":"ReadAction","target":["https:\/\/vilokan.com\/vrt\/kontakt\/"]}]},{"@type":"BreadcrumbList","@id":"https:\/\/vilokan.com\/vrt\/kontakt\/#breadcrumb","itemListElement":[{"@type":"ListItem","position":1,"name":"Hem","item":"https:\/\/vilokan.com\/vrt\/"},{"@type":"ListItem","position":2,"name":"Kontakt"}]},{"@type":"WebSite","@id":"https:\/\/vilokan.com\/vrt\/#website","url":"https:\/\/vilokan.com\/vrt\/","name":"Vilokan Recycling Tech","description":"En till Vilokan Group webbplats","potentialAction":[{"@type":"SearchAction","target":{"@type":"EntryPoint","urlTemplate":"https:\/\/vilokan.com\/vrt\/?s={search_term_string}"},"query-input":"required name=search_term_string"}],"inLanguage":"sv-SE"}]}},"_links":{"self":[{"href":"https:\/\/vilokan.com\/vrt\/wp-json\/wp\/v2\/pages\/20"}],"collection":[{"href":"https:\/\/vilokan.com\/vrt\/wp-json\/wp\/v2\/pages"}],"about":[{"href":"https:\/\/vilokan.com\/vrt\/wp-json\/wp\/v2\/types\/page"}],"author":[{"embeddable":true,"href":"https:\/\/vilokan.com\/vrt\/wp-json\/wp\/v2\/users\/1"}],"replies":[{"embeddable":true,"href":"https:\/\/vilokan.com\/vrt\/wp-json\/wp\/v2\/comments?post=20"}],"version-history":[{"count":27,"href":"https:\/\/vilokan.com\/vrt\/wp-json\/wp\/v2\/pages\/20\/revisions"}],"predecessor-version":[{"id":1365,"href":"https:\/\/vilokan.com\/vrt\/wp-json\/wp\/v2\/pages\/20\/revisions\/1365"}],"wp:attachment":[{"href":"https:\/\/vilokan.com\/vrt\/wp-json\/wp\/v2\/media?parent=20"}],"curies":[{"name":"wp","href":"https:\/\/api.w.org\/{rel}","templated":true}]}}