{"id":13,"date":"2019-11-21T08:23:56","date_gmt":"2019-11-21T07:23:56","guid":{"rendered":"http:\/\/vilokan.com\/recycling\/?page_id=13"},"modified":"2020-01-15T15:44:36","modified_gmt":"2020-01-15T14:44:36","slug":"om-oss","status":"publish","type":"page","link":"https:\/\/vilokan.com\/vrt\/om-oss\/","title":{"rendered":"Om oss"},"content":{"rendered":"\n<h4 class=\"wp-block-heading\">Vilokan Recycling Tech<\/h4>\n\n\n\n<p><\/p>\n\n\n\n<p><strong>30 \u00e5rs erfarenhet av milj\u00f6teknik<\/strong><br> Sedan 1987 har Vilokan Recycling Tech utvecklat skr\u00e4ddarsydda l\u00f6sningar kring de komplicerade renings- och \u00e5tervinningsfr\u00e5gor som industri och offentlig sektor m\u00e5ste hantera. Vi har konstruerat tusentals anl\u00e4ggningar f\u00f6r rening och \u00e5tervinning av vatten och l\u00f6sningsmedel. Anl\u00e4ggningar som \u00e5terfinns \u00f6ver hela v\u00e4rlden.<\/p>\n\n\n\n<p><strong>Framtiden \u00e4r avloppsl\u00f6s<\/strong><br> Vi \u00e4r \u00f6vertygade om att framtiden tillh\u00f6r den cirkul\u00e4ra ekonomin. Att \u00e5tervinna, sluta system och koppla ihop kretslopp \u00e4r n\u00f6dv\u00e4ndigt. En cirkul\u00e4r milstolpe var n\u00e4r Vilokan Recycling Tech 1995 skapade den f\u00f6rsta helt avloppsl\u00f6sa fabriken i Sverige f\u00f6r Volvo. Sedan dess har det blivit m\u00e5nga fler och vi str\u00e4var alltid efter att skapa slutna system n\u00e4r det \u00e4r m\u00f6jligt.<\/p>\n\n\n\n<p>Redan fr\u00e5n starten stod milj\u00f6engagemanget i centrum och vi \u00e4r stolta \u00f6ver att kalla oss pionj\u00e4rer inom milj\u00f6teknik. Vi f\u00f6rstod redan fr\u00e5n b\u00f6rjan att v\u00e5ra l\u00f6sningar \u00e4ven m\u00e5ste erbjuda ekonomiska f\u00f6rdelar f\u00f6r att n\u00e5 ut. En lyckad kombination som har resulterat i att Vilokan idag vuxit till en koncern d\u00e4r allt vi erbjuder marknaden har positiva effekter f\u00f6r milj\u00f6n, f\u00f6r ekonomin, f\u00f6r framtiden. <\/p>\n\n\n\n<p><strong>Gruppens innovationscenter<\/strong><br> De tekniska l\u00f6sningar som skapas i Vilokan Recycling Tech \u00e4r hj\u00e4rtat i Vilokan Group. F\u00f6retaget fungerar som koncernens innovationscentrum och utg\u00f6r aff\u00e4rsomr\u00e5det Technology. <\/p>\n\n\n\n<p>Vilokan Recycling Tech fokuserar p\u00e5 skr\u00e4ddarsydda l\u00f6sningar men inom vissa branscher och anv\u00e4ndningsomr\u00e5den har uppdragen blivit s\u00e5 omfattande att vi har kunnat utveckla skalbara modulsystem som l\u00f6ser de allra flesta behov. Dessa konceptl\u00f6sningar effektiviserar processen ytterligare och ger skalf\u00f6rdelar vid ink\u00f6p. Vidare efterfr\u00e5gar allt fler kunder tj\u00e4nstel\u00f6sningar som inbegriper bemanning av drift och i somliga fall \u00e4ven finansiering av hela anl\u00e4ggningen. Vissa koncept v\u00e4xer sig s\u00e5 stora att de kr\u00e4ver en helt egen organisation, som v\u00e5r hantering av flygplatsers avisningsv\u00e4tska (ADF).<\/p>\n\n\n\n<figure class=\"wp-block-image\"><img decoding=\"async\" loading=\"lazy\" width=\"1024\" height=\"944\" src=\"https:\/\/vilokan.com\/wp-content\/uploads\/sites\/2\/2020\/01\/vilokan-rt-diagram-cykel-1024x945-1024x944.jpg\" alt=\"\" class=\"wp-image-410\" srcset=\"https:\/\/vilokan.com\/vrt\/wp-content\/uploads\/sites\/2\/2020\/01\/vilokan-rt-diagram-cykel-1024x945-1024x944.jpg 1024w, https:\/\/vilokan.com\/vrt\/wp-content\/uploads\/sites\/2\/2020\/01\/vilokan-rt-diagram-cykel-1024x945-300x277.jpg 300w, https:\/\/vilokan.com\/vrt\/wp-content\/uploads\/sites\/2\/2020\/01\/vilokan-rt-diagram-cykel-1024x945-768x708.jpg 768w, https:\/\/vilokan.com\/vrt\/wp-content\/uploads\/sites\/2\/2020\/01\/vilokan-rt-diagram-cykel-1024x945.jpg 1025w\" sizes=\"(max-width: 1024px) 100vw, 1024px\" \/><\/figure>\n\n\n\n<p><strong>Aff\u00e4rsomr\u00e5dena Solutions och Fluids<\/strong><br> Vilokan ADF Solutions \u00e4r en framg\u00e5ngssaga som bygger p\u00e5 teknikl\u00f6sningar fr\u00e5n Vilokan Recycling Tech. Vilokan ADF Solutions hj\u00e4lper flygplatser \u00f6ver hela v\u00e4rlden att ta hand om anv\u00e4nd avisningsv\u00e4tska och skona naturen, rena vattnet och \u00e5tervinna glykolen. Som en del av aff\u00e4rsomr\u00e5det Solutions fokuserar Vilokan ADF Solutions p\u00e5 att erbjuda helhetsl\u00f6sningar som \u00e4ven kan inbegripa finansiering, \u00e4gande och drift av anl\u00e4ggningarna som servar flygplatser.<\/p>\n\n\n\n<p>Det tredje aff\u00e4rsomr\u00e5det i Vilokan Group \u00e4r Fluids. H\u00e4r finns kemif\u00f6retaget Arom-Dekor Kemi som m\u00f6jligg\u00f6r ett helt eget kretslopp inom gruppen. H\u00e4r kan \u00e5tervunnen r\u00e5vara och renat vatten fr\u00e5n koncernens andra aff\u00e4rsomr\u00e5den oms\u00e4ttas till nya produkter. En avs\u00e4ttningsm\u00f6jlighet som inneb\u00e4r int\u00e4ktsm\u00f6jligheter f\u00f6r kunder hos Vilokan Recycling Tech. Att v\u00e5rt systerf\u00f6retag dessutom har en fordonsflotta som kan utnyttjas i kostnadseffektiva logistikkedjor g\u00f6r ju framtiden bara ljusare och mer cirkul\u00e4r.<\/p>\n","protected":false},"excerpt":{"rendered":"<p>Vilokan Recycling Tech 30 \u00e5rs erfarenhet av milj\u00f6teknik Sedan 1987 har Vilokan Recycling Tech utvecklat skr\u00e4ddarsydda l\u00f6sningar kring de komplicerade renings- och \u00e5tervinningsfr\u00e5gor som industri och offentlig sektor m\u00e5ste hantera. Vi har konstruerat tusentals anl\u00e4ggningar f\u00f6r rening och \u00e5tervinning av vatten och l\u00f6sningsmedel. Anl\u00e4ggningar som \u00e5terfinns \u00f6ver hela v\u00e4rlden. Framtiden \u00e4r avloppsl\u00f6s Vi \u00e4r \u00f6vertygade&#8230;<\/p>\n","protected":false},"author":1,"featured_media":369,"parent":0,"menu_order":0,"comment_status":"closed","ping_status":"closed","template":"","meta":[],"acf":[],"yoast_head":"<!-- This site is optimized with the Yoast SEO plugin v20.2.1 - https:\/\/yoast.com\/wordpress\/plugins\/seo\/ -->\n<title>Om oss - Vilokan Recycling Tech<\/title>\n<meta name=\"robots\" content=\"index, follow, max-snippet:-1, max-image-preview:large, max-video-preview:-1\" \/>\n<link rel=\"canonical\" href=\"https:\/\/vilokan.com\/vrt\/om-oss\/\" \/>\n<meta property=\"og:locale\" content=\"sv_SE\" \/>\n<meta property=\"og:type\" content=\"article\" \/>\n<meta property=\"og:title\" content=\"Om oss - Vilokan Recycling Tech\" \/>\n<meta property=\"og:description\" content=\"Vilokan Recycling Tech 30 \u00e5rs erfarenhet av milj\u00f6teknik Sedan 1987 har Vilokan Recycling Tech utvecklat skr\u00e4ddarsydda l\u00f6sningar kring de komplicerade renings- och \u00e5tervinningsfr\u00e5gor som industri och offentlig sektor m\u00e5ste hantera. Vi har konstruerat tusentals anl\u00e4ggningar f\u00f6r rening och \u00e5tervinning av vatten och l\u00f6sningsmedel. Anl\u00e4ggningar som \u00e5terfinns \u00f6ver hela v\u00e4rlden. Framtiden \u00e4r avloppsl\u00f6s Vi \u00e4r \u00f6vertygade...\" \/>\n<meta property=\"og:url\" content=\"https:\/\/vilokan.com\/vrt\/om-oss\/\" \/>\n<meta property=\"og:site_name\" content=\"Vilokan Recycling Tech\" \/>\n<meta property=\"article:modified_time\" content=\"2020-01-15T14:44:36+00:00\" \/>\n<meta property=\"og:image\" content=\"https:\/\/aromdekor.fra1.digitaloceanspaces.com\/vilokan\/public\/sites\/2\/2019\/12\/vilokan-rt-om-oss-1920x800.jpg\" \/>\n\t<meta property=\"og:image:width\" content=\"1920\" \/>\n\t<meta property=\"og:image:height\" content=\"800\" \/>\n\t<meta property=\"og:image:type\" content=\"image\/jpeg\" \/>\n<meta name=\"twitter:card\" content=\"summary_large_image\" \/>\n<meta name=\"twitter:label1\" content=\"Est. reading time\" \/>\n\t<meta name=\"twitter:data1\" content=\"3 minuter\" \/>\n<script type=\"application\/ld+json\" class=\"yoast-schema-graph\">{\"@context\":\"https:\/\/schema.org\",\"@graph\":[{\"@type\":\"WebPage\",\"@id\":\"https:\/\/vilokan.com\/vrt\/om-oss\/\",\"url\":\"https:\/\/vilokan.com\/vrt\/om-oss\/\",\"name\":\"Om oss - Vilokan Recycling Tech\",\"isPartOf\":{\"@id\":\"https:\/\/vilokan.com\/vrt\/#website\"},\"datePublished\":\"2019-11-21T07:23:56+00:00\",\"dateModified\":\"2020-01-15T14:44:36+00:00\",\"breadcrumb\":{\"@id\":\"https:\/\/vilokan.com\/vrt\/om-oss\/#breadcrumb\"},\"inLanguage\":\"sv-SE\",\"potentialAction\":[{\"@type\":\"ReadAction\",\"target\":[\"https:\/\/vilokan.com\/vrt\/om-oss\/\"]}]},{\"@type\":\"BreadcrumbList\",\"@id\":\"https:\/\/vilokan.com\/vrt\/om-oss\/#breadcrumb\",\"itemListElement\":[{\"@type\":\"ListItem\",\"position\":1,\"name\":\"Hem\",\"item\":\"https:\/\/vilokan.com\/vrt\/\"},{\"@type\":\"ListItem\",\"position\":2,\"name\":\"Om oss\"}]},{\"@type\":\"WebSite\",\"@id\":\"https:\/\/vilokan.com\/vrt\/#website\",\"url\":\"https:\/\/vilokan.com\/vrt\/\",\"name\":\"Vilokan Recycling Tech\",\"description\":\"En till Vilokan Group webbplats\",\"potentialAction\":[{\"@type\":\"SearchAction\",\"target\":{\"@type\":\"EntryPoint\",\"urlTemplate\":\"https:\/\/vilokan.com\/vrt\/?s={search_term_string}\"},\"query-input\":\"required name=search_term_string\"}],\"inLanguage\":\"sv-SE\"}]}<\/script>\n<!-- \/ Yoast SEO plugin. -->","yoast_head_json":{"title":"Om oss - Vilokan Recycling Tech","robots":{"index":"index","follow":"follow","max-snippet":"max-snippet:-1","max-image-preview":"max-image-preview:large","max-video-preview":"max-video-preview:-1"},"canonical":"https:\/\/vilokan.com\/vrt\/om-oss\/","og_locale":"sv_SE","og_type":"article","og_title":"Om oss - Vilokan Recycling Tech","og_description":"Vilokan Recycling Tech 30 \u00e5rs erfarenhet av milj\u00f6teknik Sedan 1987 har Vilokan Recycling Tech utvecklat skr\u00e4ddarsydda l\u00f6sningar kring de komplicerade renings- och \u00e5tervinningsfr\u00e5gor som industri och offentlig sektor m\u00e5ste hantera. Vi har konstruerat tusentals anl\u00e4ggningar f\u00f6r rening och \u00e5tervinning av vatten och l\u00f6sningsmedel. Anl\u00e4ggningar som \u00e5terfinns \u00f6ver hela v\u00e4rlden. Framtiden \u00e4r avloppsl\u00f6s Vi \u00e4r \u00f6vertygade...","og_url":"https:\/\/vilokan.com\/vrt\/om-oss\/","og_site_name":"Vilokan Recycling Tech","article_modified_time":"2020-01-15T14:44:36+00:00","og_image":[{"width":1920,"height":800,"url":"https:\/\/aromdekor.fra1.digitaloceanspaces.com\/vilokan\/public\/sites\/2\/2019\/12\/vilokan-rt-om-oss-1920x800.jpg","type":"image\/jpeg"}],"twitter_card":"summary_large_image","twitter_misc":{"Est. reading time":"3 minuter"},"schema":{"@context":"https:\/\/schema.org","@graph":[{"@type":"WebPage","@id":"https:\/\/vilokan.com\/vrt\/om-oss\/","url":"https:\/\/vilokan.com\/vrt\/om-oss\/","name":"Om oss - Vilokan Recycling Tech","isPartOf":{"@id":"https:\/\/vilokan.com\/vrt\/#website"},"datePublished":"2019-11-21T07:23:56+00:00","dateModified":"2020-01-15T14:44:36+00:00","breadcrumb":{"@id":"https:\/\/vilokan.com\/vrt\/om-oss\/#breadcrumb"},"inLanguage":"sv-SE","potentialAction":[{"@type":"ReadAction","target":["https:\/\/vilokan.com\/vrt\/om-oss\/"]}]},{"@type":"BreadcrumbList","@id":"https:\/\/vilokan.com\/vrt\/om-oss\/#breadcrumb","itemListElement":[{"@type":"ListItem","position":1,"name":"Hem","item":"https:\/\/vilokan.com\/vrt\/"},{"@type":"ListItem","position":2,"name":"Om oss"}]},{"@type":"WebSite","@id":"https:\/\/vilokan.com\/vrt\/#website","url":"https:\/\/vilokan.com\/vrt\/","name":"Vilokan Recycling Tech","description":"En till Vilokan Group webbplats","potentialAction":[{"@type":"SearchAction","target":{"@type":"EntryPoint","urlTemplate":"https:\/\/vilokan.com\/vrt\/?s={search_term_string}"},"query-input":"required name=search_term_string"}],"inLanguage":"sv-SE"}]}},"_links":{"self":[{"href":"https:\/\/vilokan.com\/vrt\/wp-json\/wp\/v2\/pages\/13"}],"collection":[{"href":"https:\/\/vilokan.com\/vrt\/wp-json\/wp\/v2\/pages"}],"about":[{"href":"https:\/\/vilokan.com\/vrt\/wp-json\/wp\/v2\/types\/page"}],"author":[{"embeddable":true,"href":"https:\/\/vilokan.com\/vrt\/wp-json\/wp\/v2\/users\/1"}],"replies":[{"embeddable":true,"href":"https:\/\/vilokan.com\/vrt\/wp-json\/wp\/v2\/comments?post=13"}],"version-history":[{"count":19,"href":"https:\/\/vilokan.com\/vrt\/wp-json\/wp\/v2\/pages\/13\/revisions"}],"predecessor-version":[{"id":412,"href":"https:\/\/vilokan.com\/vrt\/wp-json\/wp\/v2\/pages\/13\/revisions\/412"}],"wp:featuredmedia":[{"embeddable":true,"href":"https:\/\/vilokan.com\/vrt\/wp-json\/wp\/v2\/media\/369"}],"wp:attachment":[{"href":"https:\/\/vilokan.com\/vrt\/wp-json\/wp\/v2\/media?parent=13"}],"curies":[{"name":"wp","href":"https:\/\/api.w.org\/{rel}","templated":true}]}}