{"id":1276,"date":"2023-09-01T10:46:12","date_gmt":"2023-09-01T08:46:12","guid":{"rendered":"https:\/\/vilokan.com\/vrt\/?page_id=1276"},"modified":"2023-09-01T12:03:18","modified_gmt":"2023-09-01T10:03:18","slug":"leverantorer-uppforandekod","status":"publish","type":"page","link":"https:\/\/vilokan.com\/vrt\/om-oss\/leverantorer-uppforandekod\/","title":{"rendered":"Leverant\u00f6rer uppf\u00f6randekod"},"content":{"rendered":"\n<p><strong>Leverant\u00f6rer uppf\u00f6randekod<\/strong><\/p>\n\n\n\n<p>Vilokans uppf\u00f6randekod grundar sig p\u00e5 v\u00e5ra v\u00e4rderingar och utg\u00e5r fr\u00e5n principerna om m\u00e4nskliga r\u00e4ttigheter, arbetsr\u00e4tt, milj\u00f6 och korruption enligt FNs Global Compacts tio principer och dess underliggande konventioner, deklarationer och riktlinjer. Uppf\u00f6randekoden syftar till att s\u00e4kerst\u00e4lla att v\u00e5ra leverant\u00f6rer* har s\u00e4kra arbetsvillkor, att anst\u00e4llda respekteras och behandlas med v\u00e4rdighet och att tillverkningsprocesser sker med h\u00e4nsyn tagen till s\u00e5v\u00e4l yttre som inre milj\u00f6.<\/p>\n\n\n\n<div style=\"height:20px\" aria-hidden=\"true\" class=\"wp-block-spacer\"><\/div>\n\n\n\n<div class=\"wp-block-buttons is-layout-flex\">\n<div class=\"wp-block-button\"><a class=\"wp-block-button__link wp-element-button\" href=\"https:\/\/vilokan.com\/wp-content\/uploads\/2023\/08\/Uppforandekod_Leverantorer_Sv_compressed.pdf\" target=\"_blank\" rel=\"noreferrer noopener\"><strong>Leverant\u00f6rer uppf\u00f6randekod<\/strong><\/a><\/div>\n<\/div>\n","protected":false},"excerpt":{"rendered":"<p>Leverant\u00f6rer uppf\u00f6randekod Vilokans uppf\u00f6randekod grundar sig p\u00e5 v\u00e5ra v\u00e4rderingar och utg\u00e5r fr\u00e5n principerna om m\u00e4nskliga r\u00e4ttigheter, arbetsr\u00e4tt, milj\u00f6 och korruption enligt FNs Global Compacts tio principer och dess underliggande konventioner, deklarationer och riktlinjer. Uppf\u00f6randekoden syftar till att s\u00e4kerst\u00e4lla att v\u00e5ra leverant\u00f6rer* har s\u00e4kra arbetsvillkor, att anst\u00e4llda respekteras och behandlas med v\u00e4rdighet och att tillverkningsprocesser sker&#8230;<\/p>\n","protected":false},"author":1,"featured_media":1287,"parent":13,"menu_order":0,"comment_status":"closed","ping_status":"closed","template":"","meta":[],"acf":[],"yoast_head":"<!-- This site is optimized with the Yoast SEO plugin v20.2.1 - https:\/\/yoast.com\/wordpress\/plugins\/seo\/ -->\n<title>Leverant\u00f6rer uppf\u00f6randekod - Vilokan Recycling Tech<\/title>\n<meta name=\"robots\" content=\"index, follow, max-snippet:-1, max-image-preview:large, max-video-preview:-1\" \/>\n<link rel=\"canonical\" href=\"https:\/\/vilokan.com\/vrt\/om-oss\/leverantorer-uppforandekod\/\" \/>\n<meta property=\"og:locale\" content=\"sv_SE\" \/>\n<meta property=\"og:type\" content=\"article\" \/>\n<meta property=\"og:title\" content=\"Leverant\u00f6rer uppf\u00f6randekod - Vilokan Recycling Tech\" \/>\n<meta property=\"og:description\" content=\"Leverant\u00f6rer uppf\u00f6randekod Vilokans uppf\u00f6randekod grundar sig p\u00e5 v\u00e5ra v\u00e4rderingar och utg\u00e5r fr\u00e5n principerna om m\u00e4nskliga r\u00e4ttigheter, arbetsr\u00e4tt, milj\u00f6 och korruption enligt FNs Global Compacts tio principer och dess underliggande konventioner, deklarationer och riktlinjer. Uppf\u00f6randekoden syftar till att s\u00e4kerst\u00e4lla att v\u00e5ra leverant\u00f6rer* har s\u00e4kra arbetsvillkor, att anst\u00e4llda respekteras och behandlas med v\u00e4rdighet och att tillverkningsprocesser sker...\" \/>\n<meta property=\"og:url\" content=\"https:\/\/vilokan.com\/vrt\/om-oss\/leverantorer-uppforandekod\/\" \/>\n<meta property=\"og:site_name\" content=\"Vilokan Recycling Tech\" \/>\n<meta property=\"article:modified_time\" content=\"2023-09-01T10:03:18+00:00\" \/>\n<meta property=\"og:image\" content=\"https:\/\/vilokan.com\/vrt\/wp-content\/uploads\/sites\/2\/2023\/09\/Uppforandekod_Leverantorer_img.jpg\" \/>\n\t<meta property=\"og:image:width\" content=\"1090\" \/>\n\t<meta property=\"og:image:height\" content=\"414\" \/>\n\t<meta property=\"og:image:type\" content=\"image\/jpeg\" \/>\n<meta name=\"twitter:card\" content=\"summary_large_image\" \/>\n<meta name=\"twitter:label1\" content=\"Est. reading time\" \/>\n\t<meta name=\"twitter:data1\" content=\"1 minut\" \/>\n<script type=\"application\/ld+json\" class=\"yoast-schema-graph\">{\"@context\":\"https:\/\/schema.org\",\"@graph\":[{\"@type\":\"WebPage\",\"@id\":\"https:\/\/vilokan.com\/vrt\/om-oss\/leverantorer-uppforandekod\/\",\"url\":\"https:\/\/vilokan.com\/vrt\/om-oss\/leverantorer-uppforandekod\/\",\"name\":\"Leverant\u00f6rer uppf\u00f6randekod - Vilokan Recycling Tech\",\"isPartOf\":{\"@id\":\"https:\/\/vilokan.com\/vrt\/#website\"},\"datePublished\":\"2023-09-01T08:46:12+00:00\",\"dateModified\":\"2023-09-01T10:03:18+00:00\",\"breadcrumb\":{\"@id\":\"https:\/\/vilokan.com\/vrt\/om-oss\/leverantorer-uppforandekod\/#breadcrumb\"},\"inLanguage\":\"sv-SE\",\"potentialAction\":[{\"@type\":\"ReadAction\",\"target\":[\"https:\/\/vilokan.com\/vrt\/om-oss\/leverantorer-uppforandekod\/\"]}]},{\"@type\":\"BreadcrumbList\",\"@id\":\"https:\/\/vilokan.com\/vrt\/om-oss\/leverantorer-uppforandekod\/#breadcrumb\",\"itemListElement\":[{\"@type\":\"ListItem\",\"position\":1,\"name\":\"Hem\",\"item\":\"https:\/\/vilokan.com\/vrt\/\"},{\"@type\":\"ListItem\",\"position\":2,\"name\":\"Om oss\",\"item\":\"https:\/\/vilokan.com\/vrt\/om-oss\/\"},{\"@type\":\"ListItem\",\"position\":3,\"name\":\"Leverant\u00f6rer uppf\u00f6randekod\"}]},{\"@type\":\"WebSite\",\"@id\":\"https:\/\/vilokan.com\/vrt\/#website\",\"url\":\"https:\/\/vilokan.com\/vrt\/\",\"name\":\"Vilokan Recycling Tech\",\"description\":\"En till Vilokan Group webbplats\",\"potentialAction\":[{\"@type\":\"SearchAction\",\"target\":{\"@type\":\"EntryPoint\",\"urlTemplate\":\"https:\/\/vilokan.com\/vrt\/?s={search_term_string}\"},\"query-input\":\"required name=search_term_string\"}],\"inLanguage\":\"sv-SE\"}]}<\/script>\n<!-- \/ Yoast SEO plugin. -->","yoast_head_json":{"title":"Leverant\u00f6rer uppf\u00f6randekod - Vilokan Recycling Tech","robots":{"index":"index","follow":"follow","max-snippet":"max-snippet:-1","max-image-preview":"max-image-preview:large","max-video-preview":"max-video-preview:-1"},"canonical":"https:\/\/vilokan.com\/vrt\/om-oss\/leverantorer-uppforandekod\/","og_locale":"sv_SE","og_type":"article","og_title":"Leverant\u00f6rer uppf\u00f6randekod - Vilokan Recycling Tech","og_description":"Leverant\u00f6rer uppf\u00f6randekod Vilokans uppf\u00f6randekod grundar sig p\u00e5 v\u00e5ra v\u00e4rderingar och utg\u00e5r fr\u00e5n principerna om m\u00e4nskliga r\u00e4ttigheter, arbetsr\u00e4tt, milj\u00f6 och korruption enligt FNs Global Compacts tio principer och dess underliggande konventioner, deklarationer och riktlinjer. Uppf\u00f6randekoden syftar till att s\u00e4kerst\u00e4lla att v\u00e5ra leverant\u00f6rer* har s\u00e4kra arbetsvillkor, att anst\u00e4llda respekteras och behandlas med v\u00e4rdighet och att tillverkningsprocesser sker...","og_url":"https:\/\/vilokan.com\/vrt\/om-oss\/leverantorer-uppforandekod\/","og_site_name":"Vilokan Recycling Tech","article_modified_time":"2023-09-01T10:03:18+00:00","og_image":[{"width":1090,"height":414,"url":"https:\/\/vilokan.com\/vrt\/wp-content\/uploads\/sites\/2\/2023\/09\/Uppforandekod_Leverantorer_img.jpg","type":"image\/jpeg"}],"twitter_card":"summary_large_image","twitter_misc":{"Est. reading time":"1 minut"},"schema":{"@context":"https:\/\/schema.org","@graph":[{"@type":"WebPage","@id":"https:\/\/vilokan.com\/vrt\/om-oss\/leverantorer-uppforandekod\/","url":"https:\/\/vilokan.com\/vrt\/om-oss\/leverantorer-uppforandekod\/","name":"Leverant\u00f6rer uppf\u00f6randekod - Vilokan Recycling Tech","isPartOf":{"@id":"https:\/\/vilokan.com\/vrt\/#website"},"datePublished":"2023-09-01T08:46:12+00:00","dateModified":"2023-09-01T10:03:18+00:00","breadcrumb":{"@id":"https:\/\/vilokan.com\/vrt\/om-oss\/leverantorer-uppforandekod\/#breadcrumb"},"inLanguage":"sv-SE","potentialAction":[{"@type":"ReadAction","target":["https:\/\/vilokan.com\/vrt\/om-oss\/leverantorer-uppforandekod\/"]}]},{"@type":"BreadcrumbList","@id":"https:\/\/vilokan.com\/vrt\/om-oss\/leverantorer-uppforandekod\/#breadcrumb","itemListElement":[{"@type":"ListItem","position":1,"name":"Hem","item":"https:\/\/vilokan.com\/vrt\/"},{"@type":"ListItem","position":2,"name":"Om oss","item":"https:\/\/vilokan.com\/vrt\/om-oss\/"},{"@type":"ListItem","position":3,"name":"Leverant\u00f6rer uppf\u00f6randekod"}]},{"@type":"WebSite","@id":"https:\/\/vilokan.com\/vrt\/#website","url":"https:\/\/vilokan.com\/vrt\/","name":"Vilokan Recycling Tech","description":"En till Vilokan Group webbplats","potentialAction":[{"@type":"SearchAction","target":{"@type":"EntryPoint","urlTemplate":"https:\/\/vilokan.com\/vrt\/?s={search_term_string}"},"query-input":"required name=search_term_string"}],"inLanguage":"sv-SE"}]}},"_links":{"self":[{"href":"https:\/\/vilokan.com\/vrt\/wp-json\/wp\/v2\/pages\/1276"}],"collection":[{"href":"https:\/\/vilokan.com\/vrt\/wp-json\/wp\/v2\/pages"}],"about":[{"href":"https:\/\/vilokan.com\/vrt\/wp-json\/wp\/v2\/types\/page"}],"author":[{"embeddable":true,"href":"https:\/\/vilokan.com\/vrt\/wp-json\/wp\/v2\/users\/1"}],"replies":[{"embeddable":true,"href":"https:\/\/vilokan.com\/vrt\/wp-json\/wp\/v2\/comments?post=1276"}],"version-history":[{"count":3,"href":"https:\/\/vilokan.com\/vrt\/wp-json\/wp\/v2\/pages\/1276\/revisions"}],"predecessor-version":[{"id":1280,"href":"https:\/\/vilokan.com\/vrt\/wp-json\/wp\/v2\/pages\/1276\/revisions\/1280"}],"up":[{"embeddable":true,"href":"https:\/\/vilokan.com\/vrt\/wp-json\/wp\/v2\/pages\/13"}],"wp:featuredmedia":[{"embeddable":true,"href":"https:\/\/vilokan.com\/vrt\/wp-json\/wp\/v2\/media\/1287"}],"wp:attachment":[{"href":"https:\/\/vilokan.com\/vrt\/wp-json\/wp\/v2\/media?parent=1276"}],"curies":[{"name":"wp","href":"https:\/\/api.w.org\/{rel}","templated":true}]}}