{"id":1274,"date":"2023-09-01T10:42:50","date_gmt":"2023-09-01T08:42:50","guid":{"rendered":"https:\/\/vilokan.com\/vrt\/?page_id=1274"},"modified":"2023-09-01T12:45:46","modified_gmt":"2023-09-01T10:45:46","slug":"visselblasarpolicy","status":"publish","type":"page","link":"https:\/\/vilokan.com\/vrt\/om-oss\/visselblasarpolicy\/","title":{"rendered":"Visselbl\u00e5sarpolicy"},"content":{"rendered":"\n<p><strong>Varf\u00f6r visselbl\u00e5sa?<\/strong><\/p>\n\n\n\n<p>P\u00e5 Vilokan str\u00e4var vi efter att ha en \u00f6ppen och transparent arbetsplats, d\u00e4r missf\u00f6rh\u00e5llanden inte ska f\u00f6rekomma. Genom att erh\u00e5lla er m\u00f6jligheten att visselbl\u00e5sa uppr\u00e4tth\u00e5ller vi det tillsammans. Vi anv\u00e4nder&nbsp;<a href=\"https:\/\/www.visslan.com\/\">Visslans&nbsp;<\/a>visselbl\u00e5sarkanal som s\u00e4kerst\u00e4ller din anonymitet och h\u00f6g s\u00e4kerhet och som du n\u00e5r genom att&nbsp;<a href=\"https:\/\/aromdekor.visslan-report.se\/#\/\">klicka h\u00e4r<\/a>.<\/p>\n\n\n\n<p><strong>Vem kan rapportera?<\/strong><\/p>\n\n\n\n<p>F\u00f6renklat kan du rapportera missf\u00f6rh\u00e5llanden om du \u00e4r eller har varit verksam inom Vilokan. \u00c4r du os\u00e4ker uppmuntrar vi dig till att l\u00e4sa mer i v\u00e5r visselbl\u00e5sarpolicy.<\/p>\n\n\n\n<p><strong>Vad kan rapporteras?<\/strong><\/p>\n\n\n\n<p>Vi uppmanar dig att visselbl\u00e5sa vid misstanke om ett missf\u00f6rh\u00e5llande inom f\u00f6retaget med allm\u00e4nintresse av att det kommer fram. \u00c4r du os\u00e4ker uppmuntrar vi dig till att l\u00e4sa mer i v\u00e5r visselbl\u00e5sarpolicy. Du beh\u00f6ver inte bevis f\u00f6r din misstanke, men alla rapporteringar m\u00e5ste l\u00e4mnas i god tro.&nbsp;<\/p>\n\n\n\n<p><strong>Hur hanteras rapporteringen?&nbsp;<\/strong><\/p>\n\n\n\n<p>Rapporteringen hanteras konfidentiellt. Samtliga personuppgifter utan relevans kommer att raderas och \u00e4rendet sparas endast s\u00e5 l\u00e4nge det \u00e4r n\u00f6dv\u00e4ndigt.&nbsp;<\/p>\n\n\n\n<p><strong>Har du fler fr\u00e5gor?<\/strong><\/p>\n\n\n\n<p>Om du vill veta mer om v\u00e5r hantering av visselbl\u00e5snings\u00e4renden, personuppgifter eller arbetsmilj\u00f6fr\u00e5gor l\u00e4s g\u00e4rna nedanst\u00e5ende dokument:<\/p>\n\n\n\n<div style=\"height:20px\" aria-hidden=\"true\" class=\"wp-block-spacer\"><\/div>\n\n\n\n<div class=\"wp-block-buttons is-layout-flex\">\n<div class=\"wp-block-button\"><a class=\"wp-block-button__link wp-element-button\" href=\"https:\/\/vilokan.com\/wp-content\/uploads\/2023\/08\/Visselblasarpolicy_Vilokan_Sv_2023_compressed.pdf\" target=\"_blank\" rel=\"noreferrer noopener\">V\u00e5r visselbl\u00e5sarpolicy<\/a><\/div>\n<\/div>\n","protected":false},"excerpt":{"rendered":"<p>Varf\u00f6r visselbl\u00e5sa? P\u00e5 Vilokan str\u00e4var vi efter att ha en \u00f6ppen och transparent arbetsplats, d\u00e4r missf\u00f6rh\u00e5llanden inte ska f\u00f6rekomma. Genom att erh\u00e5lla er m\u00f6jligheten att visselbl\u00e5sa uppr\u00e4tth\u00e5ller vi det tillsammans. Vi anv\u00e4nder&nbsp;Visslans&nbsp;visselbl\u00e5sarkanal som s\u00e4kerst\u00e4ller din anonymitet och h\u00f6g s\u00e4kerhet och som du n\u00e5r genom att&nbsp;klicka h\u00e4r. Vem kan rapportera? F\u00f6renklat kan du rapportera missf\u00f6rh\u00e5llanden om&#8230;<\/p>\n","protected":false},"author":1,"featured_media":1285,"parent":13,"menu_order":0,"comment_status":"closed","ping_status":"closed","template":"","meta":[],"acf":[],"yoast_head":"<!-- This site is optimized with the Yoast SEO plugin v20.2.1 - https:\/\/yoast.com\/wordpress\/plugins\/seo\/ -->\n<title>Visselbl\u00e5sarpolicy - Vilokan Recycling Tech<\/title>\n<meta name=\"robots\" content=\"index, follow, max-snippet:-1, max-image-preview:large, max-video-preview:-1\" \/>\n<link rel=\"canonical\" href=\"https:\/\/vilokan.com\/vrt\/om-oss\/visselblasarpolicy\/\" \/>\n<meta property=\"og:locale\" content=\"sv_SE\" \/>\n<meta property=\"og:type\" content=\"article\" \/>\n<meta property=\"og:title\" content=\"Visselbl\u00e5sarpolicy - Vilokan Recycling Tech\" \/>\n<meta property=\"og:description\" content=\"Varf\u00f6r visselbl\u00e5sa? P\u00e5 Vilokan str\u00e4var vi efter att ha en \u00f6ppen och transparent arbetsplats, d\u00e4r missf\u00f6rh\u00e5llanden inte ska f\u00f6rekomma. Genom att erh\u00e5lla er m\u00f6jligheten att visselbl\u00e5sa uppr\u00e4tth\u00e5ller vi det tillsammans. Vi anv\u00e4nder&nbsp;Visslans&nbsp;visselbl\u00e5sarkanal som s\u00e4kerst\u00e4ller din anonymitet och h\u00f6g s\u00e4kerhet och som du n\u00e5r genom att&nbsp;klicka h\u00e4r. Vem kan rapportera? F\u00f6renklat kan du rapportera missf\u00f6rh\u00e5llanden om...\" \/>\n<meta property=\"og:url\" content=\"https:\/\/vilokan.com\/vrt\/om-oss\/visselblasarpolicy\/\" \/>\n<meta property=\"og:site_name\" content=\"Vilokan Recycling Tech\" \/>\n<meta property=\"article:modified_time\" content=\"2023-09-01T10:45:46+00:00\" \/>\n<meta property=\"og:image\" content=\"https:\/\/vilokan.com\/vrt\/wp-content\/uploads\/sites\/2\/2023\/09\/vilokan-group-om-oss-1920x800-1.jpeg\" \/>\n\t<meta property=\"og:image:width\" content=\"1920\" \/>\n\t<meta property=\"og:image:height\" content=\"800\" \/>\n\t<meta property=\"og:image:type\" content=\"image\/jpeg\" \/>\n<meta name=\"twitter:card\" content=\"summary_large_image\" \/>\n<meta name=\"twitter:label1\" content=\"Est. reading time\" \/>\n\t<meta name=\"twitter:data1\" content=\"1 minut\" \/>\n<script type=\"application\/ld+json\" class=\"yoast-schema-graph\">{\"@context\":\"https:\/\/schema.org\",\"@graph\":[{\"@type\":\"WebPage\",\"@id\":\"https:\/\/vilokan.com\/vrt\/om-oss\/visselblasarpolicy\/\",\"url\":\"https:\/\/vilokan.com\/vrt\/om-oss\/visselblasarpolicy\/\",\"name\":\"Visselbl\u00e5sarpolicy - Vilokan Recycling Tech\",\"isPartOf\":{\"@id\":\"https:\/\/vilokan.com\/vrt\/#website\"},\"datePublished\":\"2023-09-01T08:42:50+00:00\",\"dateModified\":\"2023-09-01T10:45:46+00:00\",\"breadcrumb\":{\"@id\":\"https:\/\/vilokan.com\/vrt\/om-oss\/visselblasarpolicy\/#breadcrumb\"},\"inLanguage\":\"sv-SE\",\"potentialAction\":[{\"@type\":\"ReadAction\",\"target\":[\"https:\/\/vilokan.com\/vrt\/om-oss\/visselblasarpolicy\/\"]}]},{\"@type\":\"BreadcrumbList\",\"@id\":\"https:\/\/vilokan.com\/vrt\/om-oss\/visselblasarpolicy\/#breadcrumb\",\"itemListElement\":[{\"@type\":\"ListItem\",\"position\":1,\"name\":\"Hem\",\"item\":\"https:\/\/vilokan.com\/vrt\/\"},{\"@type\":\"ListItem\",\"position\":2,\"name\":\"Om oss\",\"item\":\"https:\/\/vilokan.com\/vrt\/om-oss\/\"},{\"@type\":\"ListItem\",\"position\":3,\"name\":\"Visselbl\u00e5sarpolicy\"}]},{\"@type\":\"WebSite\",\"@id\":\"https:\/\/vilokan.com\/vrt\/#website\",\"url\":\"https:\/\/vilokan.com\/vrt\/\",\"name\":\"Vilokan Recycling Tech\",\"description\":\"En till Vilokan Group webbplats\",\"potentialAction\":[{\"@type\":\"SearchAction\",\"target\":{\"@type\":\"EntryPoint\",\"urlTemplate\":\"https:\/\/vilokan.com\/vrt\/?s={search_term_string}\"},\"query-input\":\"required name=search_term_string\"}],\"inLanguage\":\"sv-SE\"}]}<\/script>\n<!-- \/ Yoast SEO plugin. -->","yoast_head_json":{"title":"Visselbl\u00e5sarpolicy - Vilokan Recycling Tech","robots":{"index":"index","follow":"follow","max-snippet":"max-snippet:-1","max-image-preview":"max-image-preview:large","max-video-preview":"max-video-preview:-1"},"canonical":"https:\/\/vilokan.com\/vrt\/om-oss\/visselblasarpolicy\/","og_locale":"sv_SE","og_type":"article","og_title":"Visselbl\u00e5sarpolicy - Vilokan Recycling Tech","og_description":"Varf\u00f6r visselbl\u00e5sa? P\u00e5 Vilokan str\u00e4var vi efter att ha en \u00f6ppen och transparent arbetsplats, d\u00e4r missf\u00f6rh\u00e5llanden inte ska f\u00f6rekomma. Genom att erh\u00e5lla er m\u00f6jligheten att visselbl\u00e5sa uppr\u00e4tth\u00e5ller vi det tillsammans. Vi anv\u00e4nder&nbsp;Visslans&nbsp;visselbl\u00e5sarkanal som s\u00e4kerst\u00e4ller din anonymitet och h\u00f6g s\u00e4kerhet och som du n\u00e5r genom att&nbsp;klicka h\u00e4r. Vem kan rapportera? F\u00f6renklat kan du rapportera missf\u00f6rh\u00e5llanden om...","og_url":"https:\/\/vilokan.com\/vrt\/om-oss\/visselblasarpolicy\/","og_site_name":"Vilokan Recycling Tech","article_modified_time":"2023-09-01T10:45:46+00:00","og_image":[{"width":1920,"height":800,"url":"https:\/\/vilokan.com\/vrt\/wp-content\/uploads\/sites\/2\/2023\/09\/vilokan-group-om-oss-1920x800-1.jpeg","type":"image\/jpeg"}],"twitter_card":"summary_large_image","twitter_misc":{"Est. reading time":"1 minut"},"schema":{"@context":"https:\/\/schema.org","@graph":[{"@type":"WebPage","@id":"https:\/\/vilokan.com\/vrt\/om-oss\/visselblasarpolicy\/","url":"https:\/\/vilokan.com\/vrt\/om-oss\/visselblasarpolicy\/","name":"Visselbl\u00e5sarpolicy - Vilokan Recycling Tech","isPartOf":{"@id":"https:\/\/vilokan.com\/vrt\/#website"},"datePublished":"2023-09-01T08:42:50+00:00","dateModified":"2023-09-01T10:45:46+00:00","breadcrumb":{"@id":"https:\/\/vilokan.com\/vrt\/om-oss\/visselblasarpolicy\/#breadcrumb"},"inLanguage":"sv-SE","potentialAction":[{"@type":"ReadAction","target":["https:\/\/vilokan.com\/vrt\/om-oss\/visselblasarpolicy\/"]}]},{"@type":"BreadcrumbList","@id":"https:\/\/vilokan.com\/vrt\/om-oss\/visselblasarpolicy\/#breadcrumb","itemListElement":[{"@type":"ListItem","position":1,"name":"Hem","item":"https:\/\/vilokan.com\/vrt\/"},{"@type":"ListItem","position":2,"name":"Om oss","item":"https:\/\/vilokan.com\/vrt\/om-oss\/"},{"@type":"ListItem","position":3,"name":"Visselbl\u00e5sarpolicy"}]},{"@type":"WebSite","@id":"https:\/\/vilokan.com\/vrt\/#website","url":"https:\/\/vilokan.com\/vrt\/","name":"Vilokan Recycling Tech","description":"En till Vilokan Group webbplats","potentialAction":[{"@type":"SearchAction","target":{"@type":"EntryPoint","urlTemplate":"https:\/\/vilokan.com\/vrt\/?s={search_term_string}"},"query-input":"required name=search_term_string"}],"inLanguage":"sv-SE"}]}},"_links":{"self":[{"href":"https:\/\/vilokan.com\/vrt\/wp-json\/wp\/v2\/pages\/1274"}],"collection":[{"href":"https:\/\/vilokan.com\/vrt\/wp-json\/wp\/v2\/pages"}],"about":[{"href":"https:\/\/vilokan.com\/vrt\/wp-json\/wp\/v2\/types\/page"}],"author":[{"embeddable":true,"href":"https:\/\/vilokan.com\/vrt\/wp-json\/wp\/v2\/users\/1"}],"replies":[{"embeddable":true,"href":"https:\/\/vilokan.com\/vrt\/wp-json\/wp\/v2\/comments?post=1274"}],"version-history":[{"count":1,"href":"https:\/\/vilokan.com\/vrt\/wp-json\/wp\/v2\/pages\/1274\/revisions"}],"predecessor-version":[{"id":1275,"href":"https:\/\/vilokan.com\/vrt\/wp-json\/wp\/v2\/pages\/1274\/revisions\/1275"}],"up":[{"embeddable":true,"href":"https:\/\/vilokan.com\/vrt\/wp-json\/wp\/v2\/pages\/13"}],"wp:featuredmedia":[{"embeddable":true,"href":"https:\/\/vilokan.com\/vrt\/wp-json\/wp\/v2\/media\/1285"}],"wp:attachment":[{"href":"https:\/\/vilokan.com\/vrt\/wp-json\/wp\/v2\/media?parent=1274"}],"curies":[{"name":"wp","href":"https:\/\/api.w.org\/{rel}","templated":true}]}}