{"id":1254,"date":"2023-06-19T18:15:53","date_gmt":"2023-06-19T16:15:53","guid":{"rendered":"https:\/\/vilokan.com\/vrt\/?page_id=1254"},"modified":"2023-06-21T18:43:28","modified_gmt":"2023-06-21T16:43:28","slug":"hallbarhet-for-oss","status":"publish","type":"page","link":"https:\/\/vilokan.com\/vrt\/hallbarhet-for-oss\/","title":{"rendered":"H\u00e5llbarhet f\u00f6r oss"},"content":{"rendered":"\n<p><strong>EN REN FRAMTID<\/strong><br>F\u00f6r oss p\u00e5 Vilokan Group \u00e4r h\u00e5llbarhet en sj\u00e4lvklarhet i v\u00e5rt dagliga arbete. Vi g\u00f6r hela tiden aktiva val och tar strategiska beslut som ska ta oss mot v\u00e5r vision \u2013 En ren framtid. Vi \u00e4r stolta n\u00e4r vi nu lanserar v\u00e5r f\u00f6rsta h\u00e5llbarhetsrapport f\u00f6r 2022. H\u00e4r samman-fattar vi v\u00e5ra insatser och redovisar v\u00e5ra l\u00e5ngsiktiga och kortsiktiga m\u00e5l, lyfter v\u00e5ra framg\u00e5ngar och agerar p\u00e5 v\u00e5ra utmaningar.&nbsp;<\/p>\n\n\n\n<p>Rapporten sammanfattar och beskriver v\u00e5rt arbete inom flera h\u00e5llbarhetsomr\u00e5den som milj\u00f6p\u00e5verkan, socialt ansvar och ekonomisk h\u00e5llbarhet. V\u00e5rt m\u00e5l \u00e4r att rapporten ska fr\u00e4mja transparens och \u00f6ppenhet och ge en djupare insikt i v\u00e5rt arbete.<\/p>\n\n\n\n<div class=\"wp-block-columns are-vertically-aligned-center is-layout-flex wp-container-3\">\n<div class=\"wp-block-column is-vertically-aligned-center is-layout-flow\">\n<figure class=\"wp-block-image size-full\"><img decoding=\"async\" src=\"https:\/\/aromdekor.fra1.digitaloceanspaces.com\/vilokan\/test\/2023\/06\/hallbarhet2022-1.png\" alt=\"\" class=\"wp-image-1300\"\/><\/figure>\n<\/div>\n\n\n\n<div class=\"wp-block-column is-vertically-aligned-center is-layout-flow\">\n<p><a href=\"https:\/\/vilokan.com\/wp-content\/uploads\/2023\/06\/Vilokan-Group-Hallbarhetsrapport-2022.pdf\" target=\"_blank\" rel=\"noreferrer noopener\">L\u00e4s\/ladda rapporten h\u00e4r.<\/a><\/p>\n<\/div>\n<\/div>\n\n\n\n<div class=\"wp-block-columns are-vertically-aligned-top is-layout-flex wp-container-6\">\n<div class=\"wp-block-column is-vertically-aligned-top is-layout-flow\">\n<p>Idag bidrar Vilokan Group till ett mer h\u00e5llbart samh\u00e4lle genom att realisera cirkul\u00e4ra kretslopp och m\u00f6jligg\u00f6ra att vatten och andra r\u00e5varor tas om hand p\u00e5 b\u00e4sta m\u00f6jliga s\u00e4tt, b\u00e5de ur ett cirkul\u00e4rt och v\u00e4rdeskapande perspektiv. D\u00e4r aff\u00e4rsomr\u00e5det Technology utvecklar kostnadseffektiv avfallshantering och l\u00f6sningar f\u00f6r att \u00e5tervinna r\u00e5vara kan Solutions anv\u00e4nda s\u00e5v\u00e4l system som \u00e5tervinningsl\u00f6sningarna till att \u00e5terf\u00f6ra renat vatten och \u00e5tervunna r\u00e5varor till kundens verksamhet, samt f\u00f6rse aff\u00e4rsomr\u00e5det Fluids med den \u00e5tervunna r\u00e5vara som blir \u00f6ver och kan bli nya produkter.&nbsp;<\/p>\n<\/div>\n\n\n\n<div class=\"wp-block-column is-vertically-aligned-top is-layout-flow\">\n<figure class=\"wp-block-image size-full\"><img decoding=\"async\" src=\"https:\/\/aromdekor.fra1.digitaloceanspaces.com\/vilokan\/test\/2023\/06\/thumbnail_image002.jpg\" alt=\"\" class=\"wp-image-1307\"\/><\/figure>\n<\/div>\n<\/div>\n","protected":false},"excerpt":{"rendered":"<p>EN REN FRAMTIDF\u00f6r oss p\u00e5 Vilokan Group \u00e4r h\u00e5llbarhet en sj\u00e4lvklarhet i v\u00e5rt dagliga arbete. Vi g\u00f6r hela tiden aktiva val och tar strategiska beslut som ska ta oss mot v\u00e5r vision \u2013 En ren framtid. Vi \u00e4r stolta n\u00e4r vi nu lanserar v\u00e5r f\u00f6rsta h\u00e5llbarhetsrapport f\u00f6r 2022. H\u00e4r samman-fattar vi v\u00e5ra insatser och redovisar&#8230;<\/p>\n","protected":false},"author":1,"featured_media":1266,"parent":0,"menu_order":0,"comment_status":"closed","ping_status":"closed","template":"","meta":[],"acf":[],"yoast_head":"<!-- This site is optimized with the Yoast SEO plugin v20.2.1 - https:\/\/yoast.com\/wordpress\/plugins\/seo\/ -->\n<title>H\u00e5llbarhet f\u00f6r oss - Vilokan Recycling Tech<\/title>\n<meta name=\"robots\" content=\"index, follow, max-snippet:-1, max-image-preview:large, max-video-preview:-1\" \/>\n<link rel=\"canonical\" href=\"https:\/\/vilokan.com\/vrt\/hallbarhet-for-oss\/\" \/>\n<meta property=\"og:locale\" content=\"sv_SE\" \/>\n<meta property=\"og:type\" content=\"article\" \/>\n<meta property=\"og:title\" content=\"H\u00e5llbarhet f\u00f6r oss - Vilokan Recycling Tech\" \/>\n<meta property=\"og:description\" content=\"EN REN FRAMTIDF\u00f6r oss p\u00e5 Vilokan Group \u00e4r h\u00e5llbarhet en sj\u00e4lvklarhet i v\u00e5rt dagliga arbete. Vi g\u00f6r hela tiden aktiva val och tar strategiska beslut som ska ta oss mot v\u00e5r vision \u2013 En ren framtid. Vi \u00e4r stolta n\u00e4r vi nu lanserar v\u00e5r f\u00f6rsta h\u00e5llbarhetsrapport f\u00f6r 2022. H\u00e4r samman-fattar vi v\u00e5ra insatser och redovisar...\" \/>\n<meta property=\"og:url\" content=\"https:\/\/vilokan.com\/vrt\/hallbarhet-for-oss\/\" \/>\n<meta property=\"og:site_name\" content=\"Vilokan Recycling Tech\" \/>\n<meta property=\"article:modified_time\" content=\"2023-06-21T16:43:28+00:00\" \/>\n<meta property=\"og:image\" content=\"https:\/\/vilokan.com\/vrt\/wp-content\/uploads\/sites\/2\/2023\/06\/image005-v2.jpg\" \/>\n\t<meta property=\"og:image:width\" content=\"1900\" \/>\n\t<meta property=\"og:image:height\" content=\"753\" \/>\n\t<meta property=\"og:image:type\" content=\"image\/jpeg\" \/>\n<meta name=\"twitter:card\" content=\"summary_large_image\" \/>\n<meta name=\"twitter:label1\" content=\"Est. reading time\" \/>\n\t<meta name=\"twitter:data1\" content=\"2 minuter\" \/>\n<script type=\"application\/ld+json\" class=\"yoast-schema-graph\">{\"@context\":\"https:\/\/schema.org\",\"@graph\":[{\"@type\":\"WebPage\",\"@id\":\"https:\/\/vilokan.com\/vrt\/hallbarhet-for-oss\/\",\"url\":\"https:\/\/vilokan.com\/vrt\/hallbarhet-for-oss\/\",\"name\":\"H\u00e5llbarhet f\u00f6r oss - Vilokan Recycling Tech\",\"isPartOf\":{\"@id\":\"https:\/\/vilokan.com\/vrt\/#website\"},\"datePublished\":\"2023-06-19T16:15:53+00:00\",\"dateModified\":\"2023-06-21T16:43:28+00:00\",\"breadcrumb\":{\"@id\":\"https:\/\/vilokan.com\/vrt\/hallbarhet-for-oss\/#breadcrumb\"},\"inLanguage\":\"sv-SE\",\"potentialAction\":[{\"@type\":\"ReadAction\",\"target\":[\"https:\/\/vilokan.com\/vrt\/hallbarhet-for-oss\/\"]}]},{\"@type\":\"BreadcrumbList\",\"@id\":\"https:\/\/vilokan.com\/vrt\/hallbarhet-for-oss\/#breadcrumb\",\"itemListElement\":[{\"@type\":\"ListItem\",\"position\":1,\"name\":\"Hem\",\"item\":\"https:\/\/vilokan.com\/vrt\/\"},{\"@type\":\"ListItem\",\"position\":2,\"name\":\"H\u00e5llbarhet f\u00f6r oss\"}]},{\"@type\":\"WebSite\",\"@id\":\"https:\/\/vilokan.com\/vrt\/#website\",\"url\":\"https:\/\/vilokan.com\/vrt\/\",\"name\":\"Vilokan Recycling Tech\",\"description\":\"En till Vilokan Group webbplats\",\"potentialAction\":[{\"@type\":\"SearchAction\",\"target\":{\"@type\":\"EntryPoint\",\"urlTemplate\":\"https:\/\/vilokan.com\/vrt\/?s={search_term_string}\"},\"query-input\":\"required name=search_term_string\"}],\"inLanguage\":\"sv-SE\"}]}<\/script>\n<!-- \/ Yoast SEO plugin. -->","yoast_head_json":{"title":"H\u00e5llbarhet f\u00f6r oss - Vilokan Recycling Tech","robots":{"index":"index","follow":"follow","max-snippet":"max-snippet:-1","max-image-preview":"max-image-preview:large","max-video-preview":"max-video-preview:-1"},"canonical":"https:\/\/vilokan.com\/vrt\/hallbarhet-for-oss\/","og_locale":"sv_SE","og_type":"article","og_title":"H\u00e5llbarhet f\u00f6r oss - Vilokan Recycling Tech","og_description":"EN REN FRAMTIDF\u00f6r oss p\u00e5 Vilokan Group \u00e4r h\u00e5llbarhet en sj\u00e4lvklarhet i v\u00e5rt dagliga arbete. Vi g\u00f6r hela tiden aktiva val och tar strategiska beslut som ska ta oss mot v\u00e5r vision \u2013 En ren framtid. Vi \u00e4r stolta n\u00e4r vi nu lanserar v\u00e5r f\u00f6rsta h\u00e5llbarhetsrapport f\u00f6r 2022. H\u00e4r samman-fattar vi v\u00e5ra insatser och redovisar...","og_url":"https:\/\/vilokan.com\/vrt\/hallbarhet-for-oss\/","og_site_name":"Vilokan Recycling Tech","article_modified_time":"2023-06-21T16:43:28+00:00","og_image":[{"width":1900,"height":753,"url":"https:\/\/vilokan.com\/vrt\/wp-content\/uploads\/sites\/2\/2023\/06\/image005-v2.jpg","type":"image\/jpeg"}],"twitter_card":"summary_large_image","twitter_misc":{"Est. reading time":"2 minuter"},"schema":{"@context":"https:\/\/schema.org","@graph":[{"@type":"WebPage","@id":"https:\/\/vilokan.com\/vrt\/hallbarhet-for-oss\/","url":"https:\/\/vilokan.com\/vrt\/hallbarhet-for-oss\/","name":"H\u00e5llbarhet f\u00f6r oss - Vilokan Recycling Tech","isPartOf":{"@id":"https:\/\/vilokan.com\/vrt\/#website"},"datePublished":"2023-06-19T16:15:53+00:00","dateModified":"2023-06-21T16:43:28+00:00","breadcrumb":{"@id":"https:\/\/vilokan.com\/vrt\/hallbarhet-for-oss\/#breadcrumb"},"inLanguage":"sv-SE","potentialAction":[{"@type":"ReadAction","target":["https:\/\/vilokan.com\/vrt\/hallbarhet-for-oss\/"]}]},{"@type":"BreadcrumbList","@id":"https:\/\/vilokan.com\/vrt\/hallbarhet-for-oss\/#breadcrumb","itemListElement":[{"@type":"ListItem","position":1,"name":"Hem","item":"https:\/\/vilokan.com\/vrt\/"},{"@type":"ListItem","position":2,"name":"H\u00e5llbarhet f\u00f6r oss"}]},{"@type":"WebSite","@id":"https:\/\/vilokan.com\/vrt\/#website","url":"https:\/\/vilokan.com\/vrt\/","name":"Vilokan Recycling Tech","description":"En till Vilokan Group webbplats","potentialAction":[{"@type":"SearchAction","target":{"@type":"EntryPoint","urlTemplate":"https:\/\/vilokan.com\/vrt\/?s={search_term_string}"},"query-input":"required name=search_term_string"}],"inLanguage":"sv-SE"}]}},"_links":{"self":[{"href":"https:\/\/vilokan.com\/vrt\/wp-json\/wp\/v2\/pages\/1254"}],"collection":[{"href":"https:\/\/vilokan.com\/vrt\/wp-json\/wp\/v2\/pages"}],"about":[{"href":"https:\/\/vilokan.com\/vrt\/wp-json\/wp\/v2\/types\/page"}],"author":[{"embeddable":true,"href":"https:\/\/vilokan.com\/vrt\/wp-json\/wp\/v2\/users\/1"}],"replies":[{"embeddable":true,"href":"https:\/\/vilokan.com\/vrt\/wp-json\/wp\/v2\/comments?post=1254"}],"version-history":[{"count":1,"href":"https:\/\/vilokan.com\/vrt\/wp-json\/wp\/v2\/pages\/1254\/revisions"}],"predecessor-version":[{"id":1255,"href":"https:\/\/vilokan.com\/vrt\/wp-json\/wp\/v2\/pages\/1254\/revisions\/1255"}],"wp:featuredmedia":[{"embeddable":true,"href":"https:\/\/vilokan.com\/vrt\/wp-json\/wp\/v2\/media\/1266"}],"wp:attachment":[{"href":"https:\/\/vilokan.com\/vrt\/wp-json\/wp\/v2\/media?parent=1254"}],"curies":[{"name":"wp","href":"https:\/\/api.w.org\/{rel}","templated":true}]}}