{"id":11,"date":"2019-11-21T08:23:41","date_gmt":"2019-11-21T07:23:41","guid":{"rendered":"http:\/\/vilokan.com\/recycling\/?page_id=11"},"modified":"2022-10-21T10:01:37","modified_gmt":"2022-10-21T08:01:37","slug":"reningstekniker","status":"publish","type":"page","link":"https:\/\/vilokan.com\/vrt\/reningstekniker\/","title":{"rendered":"Reningstekniker"},"content":{"rendered":"\n<h4 class=\"wp-block-heading\">V\u00e5ra teknikl\u00f6sningar bygger p\u00e5 kombinationer av olika teknikomr\u00e5den<\/h4>\n\n\n\n<p><\/p>\n\n\n\n<p>En av hemligheterna bakom v\u00e5r framg\u00e5ng \u00e4r att den inte bygger p\u00e5 hemligheter. Teknikl\u00f6sningarna fr\u00e5n Vilokan Recycling Tech designas och konstrueras av standardkomponenter. Det g\u00f6r att vi kan garantera en drifts\u00e4ker l\u00f6sning med god tillg\u00e5ng till reservdelar. Detsamma g\u00e4ller processerna. V\u00e5ra l\u00f6sningar bygger p\u00e5 v\u00e4letablerade och v\u00e4ldokumenterade teknikomr\u00e5den.<\/p>\n\n\n\n<p>Det vi erbjuder \u00e4r mer \u00e4n 30 \u00e5rs erfarenhet av vilka kombinationer av tekniker som fungerar b\u00e4st f\u00f6r vilka l\u00f6sningar. Vilka komponenter som l\u00e4mpar sig b\u00e4st f\u00f6r vad.<\/p>\n\n\n\n<p>De vanligast f\u00f6rekommande teknikomr\u00e5dena som vi kombinerar i v\u00e5ra l\u00f6sningar \u00e4r:<\/p>\n\n\n\n<p><strong>F-MVR indunstarteknik<\/strong><br>Fr\u00e5n 2 m3\/tim upp till 200 m3\/tim eller mer. Tekniken bygger i grunden p\u00e5 tvingad cirkulation i kombination med \u00e5ngkompression. F-MVR eller mekanisk \u00e5ngkomprimering (\u00e4ven k\u00e4nd som MVC) \u00e4r en teknik d\u00e4r \u00e5ngan komprimeras i en fl\u00e4kt till en h\u00f6gre temperatur och tryck. Denna komprimerade \u00e5nga \u00e5teranv\u00e4nds sedan som energik\u00e4lla ist\u00e4llet f\u00f6r att tills\u00e4tta extern \u00e5nga. Teknik m\u00f6jligg\u00f6r \u00e4ven avancerad s\u00e5 kallad kondensatsplit och extrem h\u00f6g uppkoncentrering och avvattning.<br><a href=\"https:\/\/vilokan.com\/wp-content\/uploads\/sites\/2\/2021\/11\/Vilokan-VRT_EnvoVAP-MVR_Sv_20210617.pdf\">Vilokan VRT_EnvoVAP MVR<\/a><\/p>\n\n\n\n<p><strong>Indunstning<\/strong><br> En v\u00e4lbepr\u00f6vad metod f\u00f6r att avskilja l\u00f6sta metaller, salter och andra f\u00f6roreningar fr\u00e5n vatten. Vi anv\u00e4nder bl a l\u00e5gvakuum, fallfilmsteknik, flerstegsindunstning samt tvingad cirkulation. Metodvalet beror p\u00e5 det nedsmutsade vattnets egenskaper och typ av applikation.<\/p>\n\n\n\n<p>P<a href=\"https:\/\/vilokan.com\/wp-content\/uploads\/sites\/2\/2021\/11\/Vilokan-VRT_EnvoVap-PD-1.-30-400_Sv_20200429.pdf\">DF &#8211; Vilokan VRT EnvoVap PD-1. 30-400<\/a><br><a href=\"https:\/\/vilokan.com\/wp-content\/uploads\/sites\/2\/2021\/11\/Vilokan-VRT_EnvoVap-PD-1.-500-800_Sv_20210414.pdf\">PDF &#8211; Vilokan VRT EnvoVap PD-1. 500-800<\/a><br><a href=\"https:\/\/vilokan.com\/wp-content\/uploads\/sites\/2\/2020\/04\/Vilokan-VRT-EnvoVap-PD-1.-1000-1500-Sv.pdf\">P<\/a><a href=\"https:\/\/vilokan.com\/wp-content\/uploads\/sites\/2\/2021\/11\/Vilokan-VRT_EnvoVap-PD-1.-1000-1500_Sv_20200429.pdf\">DF &#8211; Vilokan VRT EnvoVap PD-1. 1000-1500<\/a><br><a href=\"https:\/\/vilokan.com\/wp-content\/uploads\/sites\/2\/2021\/11\/Vilokan-VRT_EnvoVap-PD-1.-2000-2500_Sv_20200429.pdf\">PDF &#8211; Vilokan VRT EnvoVap PD-1. 2000-2500<\/a><br>P<a href=\"https:\/\/vilokan.com\/wp-content\/uploads\/sites\/2\/2021\/11\/Vilokan-VRT_EnvoVap-PD-1.-3000-4000_Sv_20200429.pdf\">DF &#8211; Vilokan VRT EnvoVap PD-1. 3000-4000<\/a><\/p>\n\n\n\n<p><a href=\"https:\/\/vilokan.com\/wp-content\/uploads\/sites\/2\/2021\/12\/Vilokan-VRT_EnvoVap-VS-HP-250-2000_Sv_20211201.pdf\">PDF &#8211; Vilokan VRT EnvoVap VS HP, 250 &#8211; 2000<\/a><br><a href=\"https:\/\/vilokan.com\/wp-content\/uploads\/sites\/2\/2021\/12\/Vilokan-VRT_EnvoVap-VS-HP-3000-15000_Sv_20211201.pdf\">PDF &#8211; Vilokan VRT EnvoVap VS HP, 3000 &#8211; 15000<\/a><br><a href=\"https:\/\/vilokan.com\/wp-content\/uploads\/sites\/2\/2021\/11\/Vilokan-VRT_EnvoVap-VR-HP_Sv_20200429.pdf\">PDF &#8211; Vilokan VRT EnvoVap VR HP<\/a><br><a href=\"https:\/\/vilokan.com\/wp-content\/uploads\/sites\/2\/2021\/11\/Vilokan-VRT_EnvoVap-DRY-HP_105-42_Sv_20200429.pdf\">PDF &#8211; Vilokan VRT EnvoVap DRY HP 10,5-42<\/a><br><\/p>\n\n\n\n<figure class=\"wp-block-gallery columns-0 is-cropped wp-block-gallery-1 is-layout-flex\"><ul class=\"blocks-gallery-grid\"><\/ul><\/figure>\n\n\n\n<p><strong>Destillation<\/strong><br>I v\u00e5ra destillationsanl\u00e4ggningar kan vi avskilja l\u00f6sningsmedel fr\u00e5n f\u00e4rg, olja, fett, vax samt andra \u00e4mnen med skilda kokpunkter. Eftersom processen inte f\u00f6r\u00e4ndrar l\u00f6sningsmedlets egenskaper kan det utan problem anv\u00e4ndas igen.<br><a href=\"https:\/\/vilokan.com\/wp-content\/uploads\/sites\/2\/2022\/10\/Vilokan-VRT_Standardsystem_Sv_20221021.pdf\">PDF &#8211; Vilokan VRT Standardsystem<\/a><br><a href=\"https:\/\/vilokan.com\/wp-content\/uploads\/sites\/2\/2021\/11\/Vilokan-VRT_Sto\u0308rre-Industrisystem_Sv_202000429.pdf\">PDF &#8211; Vilokan VRT St\u00f6rre Industrisystem<\/a><\/p>\n\n\n\n<p><strong>Jonbytarteknik<\/strong><br> Jonbytarteknik anv\u00e4nds f\u00f6r avskiljning av tungmetaller. N\u00e5gra exempel anv\u00e4ndningsomr\u00e5den \u00e4r polering av metallhaltigt avloppsvatten, rening av r\u00f6kgaskondensat, rening av vatten fr\u00e5n v\u00e5tskrubber, polering efter ultrafilter eller kemisk f\u00e4llning, rening av metallf\u00f6rorenat grundvatten, gruvvatten eller lakvatten.<br><a href=\"https:\/\/vilokan.com\/wp-content\/uploads\/sites\/2\/2021\/11\/Vilokan-VRT_EnvoChange-JB-100-l-hr_100m3_h_Sv_20200429.pdf\">PDF &#8211; Vilokan VRT EnvoChange-JB 100 l-hr 100m3 h<\/a><\/p>\n\n\n\n<p><strong>Filtreringsteknik<\/strong><br> Filtrering av partiklar och organiska \u00e4mnen anv\u00e4nds f\u00f6r att minska vattenvolymer genom recirkulation samt f\u00f6re eller efter annan teknik som indunstning och jonbyte. Mekanisk avskiljning av sjunkande och flytande partiklar anv\u00e4nds som f\u00f6rbehandling till t ex indunstning eller d\u00e5 \u00e5teranv\u00e4ndning inte kr\u00e4ver ytterligare rening. Metodvalet kan vara ultrafilter, centrifugering, p\u00e5sfilter eller filterpressar.<br><a href=\"https:\/\/vilokan.com\/wp-content\/uploads\/sites\/2\/2021\/11\/Vilokan-VRT_EnvoCEP-UF-30-4000-l_Sv_20200429.pdf\">PDF &#8211; Vilokan VRT EnvoCEP-UF 30-4000 l<\/a><br><a href=\"https:\/\/vilokan.com\/wp-content\/uploads\/sites\/2\/2021\/11\/Vilokan-VRT_EnvoPress_Sv_20200429.pdf\">PDF &#8211; Vilokan VRT EnvoPress<\/a><br><a href=\"https:\/\/vilokan.com\/wp-content\/uploads\/sites\/2\/2021\/11\/Vilokan-VRT_Envo-RO_Sv_20200429.pdf\">PDF &#8211; Vilokan VRT Envo-RO<\/a><\/p>\n\n\n\n<p><strong>Adsorption<\/strong><br> Adsorption har under de senaste \u00e5ren f\u00e5tt en allt st\u00f6rre betydelse som industriell separationsprocess. Aktivt kol anv\u00e4nds i \u00f6kad utstr\u00e4ckning f\u00f6r att rena dricksvatten, men \u00e4ven f\u00f6r att rena kommunala och industriella vatten fr\u00e5n sv\u00e5rnedbrytbara f\u00f6reningar. Den vanligaste processen i Vilokans kolfilter \u00e4r att adsorptionsmedlet kol binder adsorbatet olja till sina porer.<br><a href=\"https:\/\/vilokan.com\/wp-content\/uploads\/sites\/2\/2021\/11\/Vilokan-VRT_EnvoCarb_Sv_20200429.pdf\">PDF &#8211; Vilokan VRT EnvoCarb<\/a><\/p>\n","protected":false},"excerpt":{"rendered":"<p>V\u00e5ra teknikl\u00f6sningar bygger p\u00e5 kombinationer av olika teknikomr\u00e5den En av hemligheterna bakom v\u00e5r framg\u00e5ng \u00e4r att den inte bygger p\u00e5 hemligheter. Teknikl\u00f6sningarna fr\u00e5n Vilokan Recycling Tech designas och konstrueras av standardkomponenter. Det g\u00f6r att vi kan garantera en drifts\u00e4ker l\u00f6sning med god tillg\u00e5ng till reservdelar. Detsamma g\u00e4ller processerna. V\u00e5ra l\u00f6sningar bygger p\u00e5 v\u00e4letablerade och v\u00e4ldokumenterade&#8230;<\/p>\n","protected":false},"author":1,"featured_media":367,"parent":0,"menu_order":0,"comment_status":"closed","ping_status":"closed","template":"","meta":[],"acf":[],"yoast_head":"<!-- This site is optimized with the Yoast SEO plugin v20.2.1 - https:\/\/yoast.com\/wordpress\/plugins\/seo\/ -->\n<title>Reningstekniker - Vilokan Recycling Tech<\/title>\n<meta name=\"robots\" content=\"index, follow, max-snippet:-1, max-image-preview:large, max-video-preview:-1\" \/>\n<link rel=\"canonical\" href=\"https:\/\/vilokan.com\/vrt\/reningstekniker\/\" \/>\n<meta property=\"og:locale\" content=\"sv_SE\" \/>\n<meta property=\"og:type\" content=\"article\" \/>\n<meta property=\"og:title\" content=\"Reningstekniker - Vilokan Recycling Tech\" \/>\n<meta property=\"og:description\" content=\"V\u00e5ra teknikl\u00f6sningar bygger p\u00e5 kombinationer av olika teknikomr\u00e5den En av hemligheterna bakom v\u00e5r framg\u00e5ng \u00e4r att den inte bygger p\u00e5 hemligheter. Teknikl\u00f6sningarna fr\u00e5n Vilokan Recycling Tech designas och konstrueras av standardkomponenter. Det g\u00f6r att vi kan garantera en drifts\u00e4ker l\u00f6sning med god tillg\u00e5ng till reservdelar. Detsamma g\u00e4ller processerna. V\u00e5ra l\u00f6sningar bygger p\u00e5 v\u00e4letablerade och v\u00e4ldokumenterade...\" \/>\n<meta property=\"og:url\" content=\"https:\/\/vilokan.com\/vrt\/reningstekniker\/\" \/>\n<meta property=\"og:site_name\" content=\"Vilokan Recycling Tech\" \/>\n<meta property=\"article:modified_time\" content=\"2022-10-21T08:01:37+00:00\" \/>\n<meta property=\"og:image\" content=\"https:\/\/aromdekor.fra1.digitaloceanspaces.com\/vilokan\/public\/sites\/2\/2019\/12\/vilokan-rt-reningstekniker-1920x800.jpg\" \/>\n\t<meta property=\"og:image:width\" content=\"1920\" \/>\n\t<meta property=\"og:image:height\" content=\"800\" \/>\n\t<meta property=\"og:image:type\" content=\"image\/jpeg\" \/>\n<meta name=\"twitter:card\" content=\"summary_large_image\" \/>\n<meta name=\"twitter:label1\" content=\"Est. reading time\" \/>\n\t<meta name=\"twitter:data1\" content=\"3 minuter\" \/>\n<script type=\"application\/ld+json\" class=\"yoast-schema-graph\">{\"@context\":\"https:\/\/schema.org\",\"@graph\":[{\"@type\":\"WebPage\",\"@id\":\"https:\/\/vilokan.com\/vrt\/reningstekniker\/\",\"url\":\"https:\/\/vilokan.com\/vrt\/reningstekniker\/\",\"name\":\"Reningstekniker - Vilokan Recycling Tech\",\"isPartOf\":{\"@id\":\"https:\/\/vilokan.com\/vrt\/#website\"},\"datePublished\":\"2019-11-21T07:23:41+00:00\",\"dateModified\":\"2022-10-21T08:01:37+00:00\",\"breadcrumb\":{\"@id\":\"https:\/\/vilokan.com\/vrt\/reningstekniker\/#breadcrumb\"},\"inLanguage\":\"sv-SE\",\"potentialAction\":[{\"@type\":\"ReadAction\",\"target\":[\"https:\/\/vilokan.com\/vrt\/reningstekniker\/\"]}]},{\"@type\":\"BreadcrumbList\",\"@id\":\"https:\/\/vilokan.com\/vrt\/reningstekniker\/#breadcrumb\",\"itemListElement\":[{\"@type\":\"ListItem\",\"position\":1,\"name\":\"Hem\",\"item\":\"https:\/\/vilokan.com\/vrt\/\"},{\"@type\":\"ListItem\",\"position\":2,\"name\":\"Reningstekniker\"}]},{\"@type\":\"WebSite\",\"@id\":\"https:\/\/vilokan.com\/vrt\/#website\",\"url\":\"https:\/\/vilokan.com\/vrt\/\",\"name\":\"Vilokan Recycling Tech\",\"description\":\"En till Vilokan Group webbplats\",\"potentialAction\":[{\"@type\":\"SearchAction\",\"target\":{\"@type\":\"EntryPoint\",\"urlTemplate\":\"https:\/\/vilokan.com\/vrt\/?s={search_term_string}\"},\"query-input\":\"required name=search_term_string\"}],\"inLanguage\":\"sv-SE\"}]}<\/script>\n<!-- \/ Yoast SEO plugin. -->","yoast_head_json":{"title":"Reningstekniker - Vilokan Recycling Tech","robots":{"index":"index","follow":"follow","max-snippet":"max-snippet:-1","max-image-preview":"max-image-preview:large","max-video-preview":"max-video-preview:-1"},"canonical":"https:\/\/vilokan.com\/vrt\/reningstekniker\/","og_locale":"sv_SE","og_type":"article","og_title":"Reningstekniker - Vilokan Recycling Tech","og_description":"V\u00e5ra teknikl\u00f6sningar bygger p\u00e5 kombinationer av olika teknikomr\u00e5den En av hemligheterna bakom v\u00e5r framg\u00e5ng \u00e4r att den inte bygger p\u00e5 hemligheter. Teknikl\u00f6sningarna fr\u00e5n Vilokan Recycling Tech designas och konstrueras av standardkomponenter. Det g\u00f6r att vi kan garantera en drifts\u00e4ker l\u00f6sning med god tillg\u00e5ng till reservdelar. Detsamma g\u00e4ller processerna. V\u00e5ra l\u00f6sningar bygger p\u00e5 v\u00e4letablerade och v\u00e4ldokumenterade...","og_url":"https:\/\/vilokan.com\/vrt\/reningstekniker\/","og_site_name":"Vilokan Recycling Tech","article_modified_time":"2022-10-21T08:01:37+00:00","og_image":[{"width":1920,"height":800,"url":"https:\/\/aromdekor.fra1.digitaloceanspaces.com\/vilokan\/public\/sites\/2\/2019\/12\/vilokan-rt-reningstekniker-1920x800.jpg","type":"image\/jpeg"}],"twitter_card":"summary_large_image","twitter_misc":{"Est. reading time":"3 minuter"},"schema":{"@context":"https:\/\/schema.org","@graph":[{"@type":"WebPage","@id":"https:\/\/vilokan.com\/vrt\/reningstekniker\/","url":"https:\/\/vilokan.com\/vrt\/reningstekniker\/","name":"Reningstekniker - Vilokan Recycling Tech","isPartOf":{"@id":"https:\/\/vilokan.com\/vrt\/#website"},"datePublished":"2019-11-21T07:23:41+00:00","dateModified":"2022-10-21T08:01:37+00:00","breadcrumb":{"@id":"https:\/\/vilokan.com\/vrt\/reningstekniker\/#breadcrumb"},"inLanguage":"sv-SE","potentialAction":[{"@type":"ReadAction","target":["https:\/\/vilokan.com\/vrt\/reningstekniker\/"]}]},{"@type":"BreadcrumbList","@id":"https:\/\/vilokan.com\/vrt\/reningstekniker\/#breadcrumb","itemListElement":[{"@type":"ListItem","position":1,"name":"Hem","item":"https:\/\/vilokan.com\/vrt\/"},{"@type":"ListItem","position":2,"name":"Reningstekniker"}]},{"@type":"WebSite","@id":"https:\/\/vilokan.com\/vrt\/#website","url":"https:\/\/vilokan.com\/vrt\/","name":"Vilokan Recycling Tech","description":"En till Vilokan Group webbplats","potentialAction":[{"@type":"SearchAction","target":{"@type":"EntryPoint","urlTemplate":"https:\/\/vilokan.com\/vrt\/?s={search_term_string}"},"query-input":"required name=search_term_string"}],"inLanguage":"sv-SE"}]}},"_links":{"self":[{"href":"https:\/\/vilokan.com\/vrt\/wp-json\/wp\/v2\/pages\/11"}],"collection":[{"href":"https:\/\/vilokan.com\/vrt\/wp-json\/wp\/v2\/pages"}],"about":[{"href":"https:\/\/vilokan.com\/vrt\/wp-json\/wp\/v2\/types\/page"}],"author":[{"embeddable":true,"href":"https:\/\/vilokan.com\/vrt\/wp-json\/wp\/v2\/users\/1"}],"replies":[{"embeddable":true,"href":"https:\/\/vilokan.com\/vrt\/wp-json\/wp\/v2\/comments?post=11"}],"version-history":[{"count":50,"href":"https:\/\/vilokan.com\/vrt\/wp-json\/wp\/v2\/pages\/11\/revisions"}],"predecessor-version":[{"id":1236,"href":"https:\/\/vilokan.com\/vrt\/wp-json\/wp\/v2\/pages\/11\/revisions\/1236"}],"wp:featuredmedia":[{"embeddable":true,"href":"https:\/\/vilokan.com\/vrt\/wp-json\/wp\/v2\/media\/367"}],"wp:attachment":[{"href":"https:\/\/vilokan.com\/vrt\/wp-json\/wp\/v2\/media?parent=11"}],"curies":[{"name":"wp","href":"https:\/\/api.w.org\/{rel}","templated":true}]}}