{"id":2773,"date":"2023-11-21T14:43:57","date_gmt":"2023-11-21T13:43:57","guid":{"rendered":"https:\/\/vilokan.com\/ueber-uns\/work-for-us\/"},"modified":"2023-11-27T09:55:39","modified_gmt":"2023-11-27T08:55:39","slug":"work-for-us","status":"publish","type":"page","link":"https:\/\/vilokan.com\/de\/ueber-uns\/work-for-us\/","title":{"rendered":"Work for us"},"content":{"rendered":"\n<p>Wir sch\u00e4tzen die Vielfalt an Erfahrungen und Ideen in unserem st\u00e4ndigen Streben nach Fortschritt. Wir m\u00f6chten gerne mit Ihnen zusammenarbeiten, wenn Sie Branchenerfahrung haben und Wirtschaftswissenschaftler oder Ingenieur sind. Wir glauben, dass ein Gleichgewicht zwischen der individuellen Entwicklung und dem Erfolg des Unternehmens den besten N\u00e4hrboden f\u00fcr gemeinsames Wachstum schafft.<\/p>\n\n\n\n<p>Sind Sie daran interessiert mit uns zu arbeiten? Z\u00f6gern Sie nicht Ihre Bewerbung einzureichen, auch wenn derzeit keine offenen Stellen vorhanden sind. Wir begr\u00fc\u00dfen sowohl&nbsp;Mitarbeiter&nbsp;mit umfangreicher Branchenerfahrung als auch neue Gesichter mit frischen Ideen. Wir sind \u00fcberzeugt,&nbsp;dass die Vielfalt in unserer Belegschaft ein Schl\u00fcssel zum Erfolg ist.<\/p>\n\n\n\n<p>Lassen Sie uns gemeinsam ein Arbeitsumfeld schaffen, in dem wir zusammen Innovation und Entwicklung vorantreiben. Wir freuen uns darauf, von Ihnen zu h\u00f6ren und mehr \u00fcber Ihren Beitrag zu unserem Team zu erfahren. Kontaktieren Sie uns unter&nbsp;<a href=\"mailto:info@vilokan.com\">info@vilokan.com<\/a>.<\/p>\n","protected":false},"excerpt":{"rendered":"<p>Wir sch\u00e4tzen die Vielfalt an Erfahrungen und Ideen in unserem st\u00e4ndigen Streben nach Fortschritt. Wir m\u00f6chten gerne mit Ihnen zusammenarbeiten, wenn Sie Branchenerfahrung haben und Wirtschaftswissenschaftler oder Ingenieur sind. Wir glauben, dass ein Gleichgewicht zwischen der individuellen Entwicklung und dem Erfolg des Unternehmens den besten N\u00e4hrboden f\u00fcr gemeinsames Wachstum schafft. Sind Sie daran interessiert mit&#8230;<\/p>\n","protected":false},"author":1,"featured_media":3241,"parent":1542,"menu_order":0,"comment_status":"closed","ping_status":"closed","template":"","meta":[],"acf":[],"yoast_head":"<!-- This site is optimized with the Yoast SEO plugin v20.2.1 - https:\/\/yoast.com\/wordpress\/plugins\/seo\/ -->\n<title>Work for us - Vilokan Group<\/title>\n<meta name=\"robots\" content=\"index, follow, max-snippet:-1, max-image-preview:large, max-video-preview:-1\" \/>\n<link rel=\"canonical\" href=\"https:\/\/vilokan.com\/de\/ueber-uns\/work-for-us\/\" \/>\n<meta property=\"og:locale\" content=\"de_DE\" \/>\n<meta property=\"og:type\" content=\"article\" \/>\n<meta property=\"og:title\" content=\"Work for us - Vilokan Group\" \/>\n<meta property=\"og:description\" content=\"Wir sch\u00e4tzen die Vielfalt an Erfahrungen und Ideen in unserem st\u00e4ndigen Streben nach Fortschritt. Wir m\u00f6chten gerne mit Ihnen zusammenarbeiten, wenn Sie Branchenerfahrung haben und Wirtschaftswissenschaftler oder Ingenieur sind. Wir glauben, dass ein Gleichgewicht zwischen der individuellen Entwicklung und dem Erfolg des Unternehmens den besten N\u00e4hrboden f\u00fcr gemeinsames Wachstum schafft. Sind Sie daran interessiert mit...\" \/>\n<meta property=\"og:url\" content=\"https:\/\/vilokan.com\/de\/ueber-uns\/work-for-us\/\" \/>\n<meta property=\"og:site_name\" content=\"Vilokan Group\" \/>\n<meta property=\"article:modified_time\" content=\"2023-11-27T08:55:39+00:00\" \/>\n<meta property=\"og:image\" content=\"https:\/\/vilokan.com\/wp-content\/uploads\/2023\/11\/Jobba-hos-oss_5300131966.jpg\" \/>\n\t<meta property=\"og:image:width\" content=\"1920\" \/>\n\t<meta property=\"og:image:height\" content=\"1166\" \/>\n\t<meta property=\"og:image:type\" content=\"image\/jpeg\" \/>\n<meta name=\"twitter:card\" content=\"summary_large_image\" \/>\n<meta name=\"twitter:label1\" content=\"Est. reading time\" \/>\n\t<meta name=\"twitter:data1\" content=\"1 minute\" \/>\n<script type=\"application\/ld+json\" class=\"yoast-schema-graph\">{\"@context\":\"https:\/\/schema.org\",\"@graph\":[{\"@type\":\"WebPage\",\"@id\":\"https:\/\/vilokan.com\/de\/ueber-uns\/work-for-us\/\",\"url\":\"https:\/\/vilokan.com\/de\/ueber-uns\/work-for-us\/\",\"name\":\"Work for us - Vilokan Group\",\"isPartOf\":{\"@id\":\"https:\/\/vilokan.com\/#website\"},\"datePublished\":\"2023-11-21T13:43:57+00:00\",\"dateModified\":\"2023-11-27T08:55:39+00:00\",\"breadcrumb\":{\"@id\":\"https:\/\/vilokan.com\/de\/ueber-uns\/work-for-us\/#breadcrumb\"},\"inLanguage\":\"de-DE\",\"potentialAction\":[{\"@type\":\"ReadAction\",\"target\":[\"https:\/\/vilokan.com\/de\/ueber-uns\/work-for-us\/\"]}]},{\"@type\":\"BreadcrumbList\",\"@id\":\"https:\/\/vilokan.com\/de\/ueber-uns\/work-for-us\/#breadcrumb\",\"itemListElement\":[{\"@type\":\"ListItem\",\"position\":1,\"name\":\"Hem\",\"item\":\"https:\/\/vilokan.com\/de\/\"},{\"@type\":\"ListItem\",\"position\":2,\"name\":\"\u00dcber uns\",\"item\":\"https:\/\/vilokan.com\/de\/ueber-uns\/\"},{\"@type\":\"ListItem\",\"position\":3,\"name\":\"Work for us\"}]},{\"@type\":\"WebSite\",\"@id\":\"https:\/\/vilokan.com\/#website\",\"url\":\"https:\/\/vilokan.com\/\",\"name\":\"Vilokan Group\",\"description\":\"En till WordPress-webbplats\",\"potentialAction\":[{\"@type\":\"SearchAction\",\"target\":{\"@type\":\"EntryPoint\",\"urlTemplate\":\"https:\/\/vilokan.com\/?s={search_term_string}\"},\"query-input\":\"required name=search_term_string\"}],\"inLanguage\":\"de-DE\"}]}<\/script>\n<!-- \/ Yoast SEO plugin. -->","yoast_head_json":{"title":"Work for us - Vilokan Group","robots":{"index":"index","follow":"follow","max-snippet":"max-snippet:-1","max-image-preview":"max-image-preview:large","max-video-preview":"max-video-preview:-1"},"canonical":"https:\/\/vilokan.com\/de\/ueber-uns\/work-for-us\/","og_locale":"de_DE","og_type":"article","og_title":"Work for us - Vilokan Group","og_description":"Wir sch\u00e4tzen die Vielfalt an Erfahrungen und Ideen in unserem st\u00e4ndigen Streben nach Fortschritt. Wir m\u00f6chten gerne mit Ihnen zusammenarbeiten, wenn Sie Branchenerfahrung haben und Wirtschaftswissenschaftler oder Ingenieur sind. Wir glauben, dass ein Gleichgewicht zwischen der individuellen Entwicklung und dem Erfolg des Unternehmens den besten N\u00e4hrboden f\u00fcr gemeinsames Wachstum schafft. Sind Sie daran interessiert mit...","og_url":"https:\/\/vilokan.com\/de\/ueber-uns\/work-for-us\/","og_site_name":"Vilokan Group","article_modified_time":"2023-11-27T08:55:39+00:00","og_image":[{"width":1920,"height":1166,"url":"https:\/\/vilokan.com\/wp-content\/uploads\/2023\/11\/Jobba-hos-oss_5300131966.jpg","type":"image\/jpeg"}],"twitter_card":"summary_large_image","twitter_misc":{"Est. reading time":"1 minute"},"schema":{"@context":"https:\/\/schema.org","@graph":[{"@type":"WebPage","@id":"https:\/\/vilokan.com\/de\/ueber-uns\/work-for-us\/","url":"https:\/\/vilokan.com\/de\/ueber-uns\/work-for-us\/","name":"Work for us - Vilokan Group","isPartOf":{"@id":"https:\/\/vilokan.com\/#website"},"datePublished":"2023-11-21T13:43:57+00:00","dateModified":"2023-11-27T08:55:39+00:00","breadcrumb":{"@id":"https:\/\/vilokan.com\/de\/ueber-uns\/work-for-us\/#breadcrumb"},"inLanguage":"de-DE","potentialAction":[{"@type":"ReadAction","target":["https:\/\/vilokan.com\/de\/ueber-uns\/work-for-us\/"]}]},{"@type":"BreadcrumbList","@id":"https:\/\/vilokan.com\/de\/ueber-uns\/work-for-us\/#breadcrumb","itemListElement":[{"@type":"ListItem","position":1,"name":"Hem","item":"https:\/\/vilokan.com\/de\/"},{"@type":"ListItem","position":2,"name":"\u00dcber uns","item":"https:\/\/vilokan.com\/de\/ueber-uns\/"},{"@type":"ListItem","position":3,"name":"Work for us"}]},{"@type":"WebSite","@id":"https:\/\/vilokan.com\/#website","url":"https:\/\/vilokan.com\/","name":"Vilokan Group","description":"En till WordPress-webbplats","potentialAction":[{"@type":"SearchAction","target":{"@type":"EntryPoint","urlTemplate":"https:\/\/vilokan.com\/?s={search_term_string}"},"query-input":"required name=search_term_string"}],"inLanguage":"de-DE"}]}},"_links":{"self":[{"href":"https:\/\/vilokan.com\/de\/wp-json\/wp\/v2\/pages\/2773"}],"collection":[{"href":"https:\/\/vilokan.com\/de\/wp-json\/wp\/v2\/pages"}],"about":[{"href":"https:\/\/vilokan.com\/de\/wp-json\/wp\/v2\/types\/page"}],"author":[{"embeddable":true,"href":"https:\/\/vilokan.com\/de\/wp-json\/wp\/v2\/users\/1"}],"replies":[{"embeddable":true,"href":"https:\/\/vilokan.com\/de\/wp-json\/wp\/v2\/comments?post=2773"}],"version-history":[{"count":1,"href":"https:\/\/vilokan.com\/de\/wp-json\/wp\/v2\/pages\/2773\/revisions"}],"predecessor-version":[{"id":2780,"href":"https:\/\/vilokan.com\/de\/wp-json\/wp\/v2\/pages\/2773\/revisions\/2780"}],"up":[{"embeddable":true,"href":"https:\/\/vilokan.com\/de\/wp-json\/wp\/v2\/pages\/1542"}],"wp:featuredmedia":[{"embeddable":true,"href":"https:\/\/vilokan.com\/de\/wp-json\/wp\/v2\/media\/3241"}],"wp:attachment":[{"href":"https:\/\/vilokan.com\/de\/wp-json\/wp\/v2\/media?parent=2773"}],"curies":[{"name":"wp","href":"https:\/\/api.w.org\/{rel}","templated":true}]}}