{"id":2426,"date":"2023-06-16T15:11:19","date_gmt":"2023-06-16T13:11:19","guid":{"rendered":"https:\/\/vilokan.com\/hallbarhet-for-oss\/"},"modified":"2024-05-28T07:48:21","modified_gmt":"2024-05-28T05:48:21","slug":"nachhaltigkeit-fur-vilokan","status":"publish","type":"page","link":"https:\/\/vilokan.com\/de\/nachhaltigkeit-fur-vilokan\/","title":{"rendered":"Nachhaltigkeit f\u00fcr Vilokan"},"content":{"rendered":"\n<p>F\u00fcr uns bei der Vilokan Group ist Nachhaltigkeit eine Selbstverst\u00e4ndlichkeit in unserer t\u00e4glichen Arbeit. Wir treffen st\u00e4ndig aktive Entscheidungen und strategische Beschl\u00fcsse, die uns zu unserer Vision f\u00fchren sollen \u2013 Eine saubere Zukunft. In unserem Nachhaltigkeitsbericht 2023 fassen wir unsere Bem\u00fchungen zusammen und pr\u00e4sentieren unsere langfristigen und kurzfristigen Ziele, heben unsere Erfolge hervor und gehen unsere Herausforderungen an.<\/p>\n\n\n\n<p><br>Der Bericht fasst unsere Arbeit in mehreren Nachhaltigkeitsbereichen zusammen und beschreibt sie, einschlie\u00dflich Umweltauswirkungen, soziale Verantwortung und wirtschaftliche Nachhaltigkeit. Unser Ziel ist es, dass der Bericht Transparenz und Offenheit f\u00f6rdert und einen tieferen Einblick in unsere Arbeit gibt.<\/p>\n\n\n\n<p><strong><a href=\"https:\/\/vilokan.com\/wp-content\/uploads\/2024\/05\/Vilokan-Sustainability-report_2023_Vilokan_Eng_20240520_compressed.pdf\">Nachhaltigkeitsbericht 2023, lesen\/herunterladen hier.<\/a><\/strong><br><strong><a href=\"https:\/\/vilokan.com\/wp-content\/uploads\/2023\/06\/Vilokan-Group-Sustainability-Report-2022.pdf\">Nachhaltigkeitsbericht 2022, lesen\/herunterladen hier.<\/a><\/strong><\/p>\n\n\n\n<p><\/p>\n\n\n\n<p>Heute tr\u00e4gt die Vilokan Group zu einer nachhaltigeren Gesellschaft bei, indem sie Kreisl\u00e4ufe realisiert und eine bestm\u00f6gliche Versorgung mit Wasser und anderen Rohstoffen erm\u00f6glicht, sowohl als Kreislauf- als auch als Wertsch\u00f6pfungsperspektive. W\u00e4hrend der Gesch\u00e4ftsbereich Technology kosteng\u00fcnstiges Abfallmanagement und L\u00f6sungen zur Wiederverwertung von Rohstoffen entwickelt, kann Solutions sowohl Systeme als auch Recyclingl\u00f6sungen nutzen bis hin zur R\u00fcckf\u00fchrung von gereinigtem Wasser und recycelten Rohstoffen in den Betrieb des Kunden sowie zur Versorgung des Gesch\u00e4ftsbereichs Fluids mit den recycelten Rohstoffen, die zu neuen Produkten werden k\u00f6nnen.<br><\/p>\n\n\n\n<p><strong>EINE NACHHALTIGE LIEFERKETTE TR\u00c4GT EBENFALLS ZUR  KREISLAUFWIRTSCHAFT BEI <\/strong>      <br>Die Vilokan Group umfasst Unternehmen, die sich f\u00fcr eine bessere Umwelt einsetzen. Durch die Interaktion der Unternehmen werden Synergien geschaffen, die die Wirkung der Kreislaufwirtschaft noch verst\u00e4rken. Ein Gesch\u00e4ftsbereich entwickelt beispielsweise Technologien f\u00fcr die Aufbereitung und das Recycling. Ein anderer entwickelt ma\u00dfgeschneiderte L\u00f6sungen, die aufbereitetes Wasser und Rohstoffe in den Betrieb des Kunden zur\u00fcckleiten. \u00dcbersch\u00fcssige recycelte Rohstoffe werden in den n\u00e4chsten Gesch\u00e4ftsbereich \u00fcberf\u00fchrt und zu neuen Produkten verarbeitet. In einer Kreislaufwirtschaft kann ein Konzern zum eigenen Lieferanten werden. Wir streben dabei nach geschlossenen Systemen.<\/p>\n\n\n\n<p>Aber nat\u00fcrlich haben wir auch externe Lieferanten. Der Gesch\u00e4ftsbereich Fluids mit <a href=\"https:\/\/aromdekor.se\/sv\">Arom-dekor Kemi<\/a> beispielsweise arbeitet mit Hunderten von verschiedenen Lieferanten zusammen. Damit sich unsere Kunden sicher f\u00fchlen, achten wir darauf, stets alle Rechtsvorschriften und Anforderungen der EU und anderer M\u00e4rkte erf\u00fcllen, z.&nbsp;B. das neue Transparenzgesetz [<em>\u00c5penhetsloven<\/em>] in Norwegen. Wir setzen uns daf\u00fcr ein, dass unsere Lieferanten den Verhaltenskodex unterzeichnen und Risikoanalysen aller sozialen und \u00f6kologischen Aspekte auf Grundlage l\u00e4nderspezifischer Risikodaten durchf\u00fchren.<\/p>\n\n\n\n<p>Das f\u00fcr unsere Lieferanten entwickelte Instrument zur Selbstbewertung ist ein gutes Beispiel daf\u00fcr, dass wir auch in diesem Bereich auf die Kreislaufwirtschaft achten. Die Arbeit im Bereich Nachhaltigkeit ist nie abgeschlossen, und unsere Lieferantenbeziehungen sind lebendige Partnerschaften, bei denen wir uns nicht mit einer formellen Verpflichtung zufrieden geben. Wir m\u00fcssen auch davon \u00fcberzeugt sein, dass die Lieferanten unseren Anforderungen entsprechen. Der Weg dorthin f\u00fchrt \u00fcber Deutlichkeit, Transparenz und Vertrauen \u2013 und diesen m\u00fcssen wir gemeinsam mit unseren Kunden, Mitarbeitern und Lieferanten gehen.<\/p>\n","protected":false},"excerpt":{"rendered":"<p>F\u00fcr uns bei der Vilokan Group ist Nachhaltigkeit eine Selbstverst\u00e4ndlichkeit in unserer t\u00e4glichen Arbeit. Wir treffen st\u00e4ndig aktive Entscheidungen und strategische Beschl\u00fcsse, die uns zu unserer Vision f\u00fchren sollen \u2013 Eine saubere Zukunft. In unserem Nachhaltigkeitsbericht 2023 fassen wir unsere Bem\u00fchungen zusammen und pr\u00e4sentieren unsere langfristigen und kurzfristigen Ziele, heben unsere Erfolge hervor und gehen&#8230;<\/p>\n","protected":false},"author":1,"featured_media":3126,"parent":0,"menu_order":0,"comment_status":"closed","ping_status":"closed","template":"","meta":[],"acf":[],"yoast_head":"<!-- This site is optimized with the Yoast SEO plugin v20.2.1 - https:\/\/yoast.com\/wordpress\/plugins\/seo\/ -->\n<title>Nachhaltigkeit f\u00fcr Vilokan - Vilokan Group<\/title>\n<meta name=\"robots\" content=\"index, follow, max-snippet:-1, max-image-preview:large, max-video-preview:-1\" \/>\n<link rel=\"canonical\" href=\"https:\/\/vilokan.com\/de\/nachhaltigkeit-fur-vilokan\/\" \/>\n<meta property=\"og:locale\" content=\"de_DE\" \/>\n<meta property=\"og:type\" content=\"article\" \/>\n<meta property=\"og:title\" content=\"Nachhaltigkeit f\u00fcr Vilokan - Vilokan Group\" \/>\n<meta property=\"og:description\" content=\"F\u00fcr uns bei der Vilokan Group ist Nachhaltigkeit eine Selbstverst\u00e4ndlichkeit in unserer t\u00e4glichen Arbeit. Wir treffen st\u00e4ndig aktive Entscheidungen und strategische Beschl\u00fcsse, die uns zu unserer Vision f\u00fchren sollen \u2013 Eine saubere Zukunft. In unserem Nachhaltigkeitsbericht 2023 fassen wir unsere Bem\u00fchungen zusammen und pr\u00e4sentieren unsere langfristigen und kurzfristigen Ziele, heben unsere Erfolge hervor und gehen...\" \/>\n<meta property=\"og:url\" content=\"https:\/\/vilokan.com\/de\/nachhaltigkeit-fur-vilokan\/\" \/>\n<meta property=\"og:site_name\" content=\"Vilokan Group\" \/>\n<meta property=\"article:modified_time\" content=\"2024-05-28T05:48:21+00:00\" \/>\n<meta property=\"og:image\" content=\"https:\/\/vilokan.com\/wp-content\/uploads\/2023\/06\/image005.jpg\" \/>\n\t<meta property=\"og:image:width\" content=\"1900\" \/>\n\t<meta property=\"og:image:height\" content=\"1069\" \/>\n\t<meta property=\"og:image:type\" content=\"image\/jpeg\" \/>\n<meta name=\"twitter:card\" content=\"summary_large_image\" \/>\n<meta name=\"twitter:label1\" content=\"Est. reading time\" \/>\n\t<meta name=\"twitter:data1\" content=\"3 minutes\" \/>\n<script type=\"application\/ld+json\" class=\"yoast-schema-graph\">{\"@context\":\"https:\/\/schema.org\",\"@graph\":[{\"@type\":\"WebPage\",\"@id\":\"https:\/\/vilokan.com\/de\/nachhaltigkeit-fur-vilokan\/\",\"url\":\"https:\/\/vilokan.com\/de\/nachhaltigkeit-fur-vilokan\/\",\"name\":\"Nachhaltigkeit f\u00fcr Vilokan - Vilokan Group\",\"isPartOf\":{\"@id\":\"https:\/\/vilokan.com\/#website\"},\"datePublished\":\"2023-06-16T13:11:19+00:00\",\"dateModified\":\"2024-05-28T05:48:21+00:00\",\"breadcrumb\":{\"@id\":\"https:\/\/vilokan.com\/de\/nachhaltigkeit-fur-vilokan\/#breadcrumb\"},\"inLanguage\":\"de-DE\",\"potentialAction\":[{\"@type\":\"ReadAction\",\"target\":[\"https:\/\/vilokan.com\/de\/nachhaltigkeit-fur-vilokan\/\"]}]},{\"@type\":\"BreadcrumbList\",\"@id\":\"https:\/\/vilokan.com\/de\/nachhaltigkeit-fur-vilokan\/#breadcrumb\",\"itemListElement\":[{\"@type\":\"ListItem\",\"position\":1,\"name\":\"Hem\",\"item\":\"https:\/\/vilokan.com\/de\/\"},{\"@type\":\"ListItem\",\"position\":2,\"name\":\"Nachhaltigkeit f\u00fcr Vilokan\"}]},{\"@type\":\"WebSite\",\"@id\":\"https:\/\/vilokan.com\/#website\",\"url\":\"https:\/\/vilokan.com\/\",\"name\":\"Vilokan Group\",\"description\":\"En till WordPress-webbplats\",\"potentialAction\":[{\"@type\":\"SearchAction\",\"target\":{\"@type\":\"EntryPoint\",\"urlTemplate\":\"https:\/\/vilokan.com\/?s={search_term_string}\"},\"query-input\":\"required name=search_term_string\"}],\"inLanguage\":\"de-DE\"}]}<\/script>\n<!-- \/ Yoast SEO plugin. -->","yoast_head_json":{"title":"Nachhaltigkeit f\u00fcr Vilokan - Vilokan Group","robots":{"index":"index","follow":"follow","max-snippet":"max-snippet:-1","max-image-preview":"max-image-preview:large","max-video-preview":"max-video-preview:-1"},"canonical":"https:\/\/vilokan.com\/de\/nachhaltigkeit-fur-vilokan\/","og_locale":"de_DE","og_type":"article","og_title":"Nachhaltigkeit f\u00fcr Vilokan - Vilokan Group","og_description":"F\u00fcr uns bei der Vilokan Group ist Nachhaltigkeit eine Selbstverst\u00e4ndlichkeit in unserer t\u00e4glichen Arbeit. Wir treffen st\u00e4ndig aktive Entscheidungen und strategische Beschl\u00fcsse, die uns zu unserer Vision f\u00fchren sollen \u2013 Eine saubere Zukunft. In unserem Nachhaltigkeitsbericht 2023 fassen wir unsere Bem\u00fchungen zusammen und pr\u00e4sentieren unsere langfristigen und kurzfristigen Ziele, heben unsere Erfolge hervor und gehen...","og_url":"https:\/\/vilokan.com\/de\/nachhaltigkeit-fur-vilokan\/","og_site_name":"Vilokan Group","article_modified_time":"2024-05-28T05:48:21+00:00","og_image":[{"width":1900,"height":1069,"url":"https:\/\/vilokan.com\/wp-content\/uploads\/2023\/06\/image005.jpg","type":"image\/jpeg"}],"twitter_card":"summary_large_image","twitter_misc":{"Est. reading time":"3 minutes"},"schema":{"@context":"https:\/\/schema.org","@graph":[{"@type":"WebPage","@id":"https:\/\/vilokan.com\/de\/nachhaltigkeit-fur-vilokan\/","url":"https:\/\/vilokan.com\/de\/nachhaltigkeit-fur-vilokan\/","name":"Nachhaltigkeit f\u00fcr Vilokan - Vilokan Group","isPartOf":{"@id":"https:\/\/vilokan.com\/#website"},"datePublished":"2023-06-16T13:11:19+00:00","dateModified":"2024-05-28T05:48:21+00:00","breadcrumb":{"@id":"https:\/\/vilokan.com\/de\/nachhaltigkeit-fur-vilokan\/#breadcrumb"},"inLanguage":"de-DE","potentialAction":[{"@type":"ReadAction","target":["https:\/\/vilokan.com\/de\/nachhaltigkeit-fur-vilokan\/"]}]},{"@type":"BreadcrumbList","@id":"https:\/\/vilokan.com\/de\/nachhaltigkeit-fur-vilokan\/#breadcrumb","itemListElement":[{"@type":"ListItem","position":1,"name":"Hem","item":"https:\/\/vilokan.com\/de\/"},{"@type":"ListItem","position":2,"name":"Nachhaltigkeit f\u00fcr Vilokan"}]},{"@type":"WebSite","@id":"https:\/\/vilokan.com\/#website","url":"https:\/\/vilokan.com\/","name":"Vilokan Group","description":"En till WordPress-webbplats","potentialAction":[{"@type":"SearchAction","target":{"@type":"EntryPoint","urlTemplate":"https:\/\/vilokan.com\/?s={search_term_string}"},"query-input":"required name=search_term_string"}],"inLanguage":"de-DE"}]}},"_links":{"self":[{"href":"https:\/\/vilokan.com\/de\/wp-json\/wp\/v2\/pages\/2426"}],"collection":[{"href":"https:\/\/vilokan.com\/de\/wp-json\/wp\/v2\/pages"}],"about":[{"href":"https:\/\/vilokan.com\/de\/wp-json\/wp\/v2\/types\/page"}],"author":[{"embeddable":true,"href":"https:\/\/vilokan.com\/de\/wp-json\/wp\/v2\/users\/1"}],"replies":[{"embeddable":true,"href":"https:\/\/vilokan.com\/de\/wp-json\/wp\/v2\/comments?post=2426"}],"version-history":[{"count":5,"href":"https:\/\/vilokan.com\/de\/wp-json\/wp\/v2\/pages\/2426\/revisions"}],"predecessor-version":[{"id":2974,"href":"https:\/\/vilokan.com\/de\/wp-json\/wp\/v2\/pages\/2426\/revisions\/2974"}],"wp:featuredmedia":[{"embeddable":true,"href":"https:\/\/vilokan.com\/de\/wp-json\/wp\/v2\/media\/3126"}],"wp:attachment":[{"href":"https:\/\/vilokan.com\/de\/wp-json\/wp\/v2\/media?parent=2426"}],"curies":[{"name":"wp","href":"https:\/\/api.w.org\/{rel}","templated":true}]}}