{"id":2067,"date":"2022-05-05T09:23:56","date_gmt":"2022-05-05T07:23:56","guid":{"rendered":"https:\/\/vilokan.com\/?page_id=2067"},"modified":"2022-05-06T10:42:40","modified_gmt":"2022-05-06T08:42:40","slug":"flughaefen","status":"publish","type":"page","link":"https:\/\/vilokan.com\/de\/flughaefen\/","title":{"rendered":"Flugh\u00e4fen"},"content":{"rendered":"\n<figure class=\"wp-block-image size-large\"><img decoding=\"async\" loading=\"lazy\" width=\"1000\" height=\"53\" src=\"https:\/\/vilokan.com\/wp-content\/uploads\/2022\/05\/Vit-rand-upptill.jpg\" alt=\"\" class=\"wp-image-1999\" srcset=\"https:\/\/vilokan.com\/wp-content\/uploads\/2022\/05\/Vit-rand-upptill.jpg 1000w, https:\/\/vilokan.com\/wp-content\/uploads\/2022\/05\/Vit-rand-upptill-300x16.jpg 300w, https:\/\/vilokan.com\/wp-content\/uploads\/2022\/05\/Vit-rand-upptill-768x41.jpg 768w\" sizes=\"(max-width: 1000px) 100vw, 1000px\" \/><\/figure>\n\n\n\n<p><strong>Wir verwandeln Abfall in einen Wertstoff<\/strong><br>Jeder Industriesektor, der in seinem Betrieb Str\u00f6me von fl\u00fcssigen Abf\u00e4llen<em> <\/em>erzeugt, muss sich mit den damit verbundenen Kosten- und Umweltproblemen auseinandersetzen. Die Vilokan-Gruppe wandelt diese Str\u00f6me in Einnahmequellen um und sorgt f\u00fcr eine verbesserte Betriebssteuerung. Wo andere Abfall sehen, sehen wir Wertstoffe.<\/p>\n\n\n\n<figure class=\"wp-block-image size-large\"><a href=\"https:\/\/vilokan.com\/vrt\/en\/purification\/\"><img decoding=\"async\" loading=\"lazy\" width=\"1024\" height=\"757\" src=\"https:\/\/vilokan.com\/wp-content\/uploads\/2022\/05\/Sector-Airports_bildx3_web_De2022-1-1024x757.png\" alt=\"\" class=\"wp-image-2130\" srcset=\"https:\/\/vilokan.com\/wp-content\/uploads\/2022\/05\/Sector-Airports_bildx3_web_De2022-1-1024x757.png 1024w, https:\/\/vilokan.com\/wp-content\/uploads\/2022\/05\/Sector-Airports_bildx3_web_De2022-1-300x222.png 300w, https:\/\/vilokan.com\/wp-content\/uploads\/2022\/05\/Sector-Airports_bildx3_web_De2022-1-768x568.png 768w, https:\/\/vilokan.com\/wp-content\/uploads\/2022\/05\/Sector-Airports_bildx3_web_De2022-1.png 1200w\" sizes=\"(max-width: 1024px) 100vw, 1024px\" \/><\/a><\/figure>\n\n\n\n<p><strong>Wenn ein Flugzeug enteist ist, beginnt unsere Arbeit zur R\u00fcckgewinnung der wertvollen Rohstoffe<\/strong><br>Die Vilokan Group unterst\u00fctzt Flugh\u00e4fen auf der ganzen Welt bei der Aufbereitung ihres gebrauchten Enteisungsmittels, um die Umweltbelastung und die damit verbundenen Kosten zu reduzieren, das Abwasser zu reinigen und das Glykol zu recyceln. Wir schlie\u00dfen den Kreislauf und schaffen ein profitables Gesch\u00e4ft.<\/p>\n\n\n\n<p><strong>Folgen Sie dem profitablen Fluss von Startbahn zu Startbahn<\/strong><br>F\u00fcr die Enteisung eines einzigen Flugzeugs k\u00f6nnen bis zu 1.000 Liter Glykol, oft mit verschiedenen chemischen Zus\u00e4tzen, verwendet werden. Mit mehr als 30 Jahren Erfahrung entwickeln wir ma\u00dfgeschneiderte L\u00f6sungen mit einer Reihe bew\u00e4hrter Techniken zur Wasserreinigung und zum Recycling wertvoller Rohstoffe.<\/p>\n\n\n\n<p>Die wichtigsten Methoden, die auf den Flugh\u00e4fen f\u00fcr die Aufbereitung von Enteisungsfl\u00fcssigkeiten, verwendet werden, sind:<br><a href=\"https:\/\/vilokan.com\/vrt\/en\/purification\/\">&#8211; Ultrafiltration<br>&#8211; Verdampfung<br>&#8211; Destillation<\/a><\/p>\n\n\n\n<p><strong>Wertstoffgewinnung durch Aufbereitung<\/strong><br>Was die meisten Menschen fr\u00fcher f\u00fcr Abfall hielten, wird heute als potenzieller Rohstoff betrachtet. Dies sind die h\u00e4ufigsten Wertstoffe, die wir auf Flugh\u00e4fen gewinnen:<br>&#8211; Recyceltes Glykol<br>&#8211; Ethanol<br>&#8211; Sauberes Prozesswasser<\/p>\n\n\n\n<p><strong>Breites Spektrum an Vorteilen<\/strong><br>Unser Verfahren recycelt wertvolle Rohstoffe, welches zu greifbaren Vorteilen f\u00fchrt. Wir k\u00f6nnen den Kreislauf vor Ort schlie\u00dfen, indem wir gereinigtes Wasser und recyceltes Glykol zu neuer, gebrauchsfertiger Enteisungsfl\u00fcssigkeit aufbereiten. Dadurch werden Abfall und Kosten minimiert und der Bedarf an externen Transporten erheblich reduziert.<br>&#8211; Geschlossener Kreislauf<br>&#8211; Wiederverwendung von recyceltem Rohmaterial<br>&#8211; Kommerzielle Einnahmen aus recyceltem Material<br>&#8211; Minimierung der Abfallentsorgungskosten<\/p>\n\n\n\n<p><strong>Kommerzielle Produkte<\/strong><br>Die Vilokan-Gruppe unterst\u00fctzt ihre Kunden bei der Wiederverwendung von recycelten Materialien, wo immer dies m\u00f6glich ist, oder bei der Wiederaufbereitung zu neuen Produkten f\u00fcr den Markt.<\/p>\n\n\n\n<p>Einige lokale und regionale Flugh\u00e4fen sind mit einem Netzwerk und einer gemeinsamen zentralen Vilokan-Anlage besser bedient. Wir schlie\u00dfen auch diese Kreisl\u00e4ufe und recyceln die Enteisungsfl\u00fcssigkeit von Flughafen zu Flughafen.<br>&#8211; Enteisungsfl\u00fcssigkeit<br><a href=\"https:\/\/aromdekor.se\/produkter\/glykol\/maringlykol\/?attribute_pa_forpackning=ibc\">&#8211; AdTechLine\u00ae Marin Glykol<\/a><br>&#8211;<a href=\"https:\/\/aromdekor.se\/produkter\/glykol\/kg-propylen-ih\/?attribute_pa_forpackning=ibc\"> AdProLine\u00ae KG Propylen IH<\/a><br><a href=\"https:\/\/aromdekor.se\/produkter\/glykol\/propylen-ih-vvs\/?attribute_pa_forpackning=ibc\">&#8211; AdTechLine\u00ae Propylen IH VVS<\/a><\/p>\n\n\n\n<p><strong><strong>M\u00f6chten Sie, dass wir Ihren Abfall in einen&nbsp;Wertstoff verwandeln?<\/strong><\/strong><\/p>\n\n\n\n<figure class=\"wp-block-image size-large\"><a href=\"mailto: info@vilokan.com\"><img decoding=\"async\" loading=\"lazy\" width=\"200\" height=\"53\" src=\"https:\/\/vilokan.com\/wp-content\/uploads\/2022\/05\/Kontakta-us_De.png\" alt=\"\" class=\"wp-image-2115\"\/><\/a><\/figure>\n","protected":false},"excerpt":{"rendered":"<p>Wir verwandeln Abfall in einen WertstoffJeder Industriesektor, der in seinem Betrieb Str\u00f6me von fl\u00fcssigen Abf\u00e4llen erzeugt, muss sich mit den damit verbundenen Kosten- und Umweltproblemen auseinandersetzen. Die Vilokan-Gruppe wandelt diese Str\u00f6me in Einnahmequellen um und sorgt f\u00fcr eine verbesserte Betriebssteuerung. Wo andere Abfall sehen, sehen wir Wertstoffe. Wenn ein Flugzeug enteist ist, beginnt unsere Arbeit&#8230;<\/p>\n","protected":false},"author":2,"featured_media":0,"parent":0,"menu_order":0,"comment_status":"closed","ping_status":"closed","template":"","meta":[],"acf":[],"yoast_head":"<!-- This site is optimized with the Yoast SEO plugin v20.2.1 - https:\/\/yoast.com\/wordpress\/plugins\/seo\/ -->\n<title>Flugh\u00e4fen - Vilokan Group<\/title>\n<meta name=\"robots\" content=\"index, follow, max-snippet:-1, max-image-preview:large, max-video-preview:-1\" \/>\n<link rel=\"canonical\" href=\"https:\/\/vilokan.com\/de\/flughaefen\/\" \/>\n<meta property=\"og:locale\" content=\"de_DE\" \/>\n<meta property=\"og:type\" content=\"article\" \/>\n<meta property=\"og:title\" content=\"Flugh\u00e4fen - Vilokan Group\" \/>\n<meta property=\"og:description\" content=\"Wir verwandeln Abfall in einen WertstoffJeder Industriesektor, der in seinem Betrieb Str\u00f6me von fl\u00fcssigen Abf\u00e4llen erzeugt, muss sich mit den damit verbundenen Kosten- und Umweltproblemen auseinandersetzen. Die Vilokan-Gruppe wandelt diese Str\u00f6me in Einnahmequellen um und sorgt f\u00fcr eine verbesserte Betriebssteuerung. Wo andere Abfall sehen, sehen wir Wertstoffe. Wenn ein Flugzeug enteist ist, beginnt unsere Arbeit...\" \/>\n<meta property=\"og:url\" content=\"https:\/\/vilokan.com\/de\/flughaefen\/\" \/>\n<meta property=\"og:site_name\" content=\"Vilokan Group\" \/>\n<meta property=\"article:modified_time\" content=\"2022-05-06T08:42:40+00:00\" \/>\n<meta property=\"og:image\" content=\"https:\/\/aromdekor.fra1.digitaloceanspaces.com\/vilokan\/public\/2022\/05\/Vit-rand-upptill.jpg\" \/>\n<meta name=\"twitter:card\" content=\"summary_large_image\" \/>\n<meta name=\"twitter:label1\" content=\"Est. reading time\" \/>\n\t<meta name=\"twitter:data1\" content=\"2 minutes\" \/>\n<script type=\"application\/ld+json\" class=\"yoast-schema-graph\">{\"@context\":\"https:\/\/schema.org\",\"@graph\":[{\"@type\":\"WebPage\",\"@id\":\"https:\/\/vilokan.com\/de\/flughaefen\/\",\"url\":\"https:\/\/vilokan.com\/de\/flughaefen\/\",\"name\":\"Flugh\u00e4fen - Vilokan Group\",\"isPartOf\":{\"@id\":\"https:\/\/vilokan.com\/#website\"},\"datePublished\":\"2022-05-05T07:23:56+00:00\",\"dateModified\":\"2022-05-06T08:42:40+00:00\",\"breadcrumb\":{\"@id\":\"https:\/\/vilokan.com\/de\/flughaefen\/#breadcrumb\"},\"inLanguage\":\"de-DE\",\"potentialAction\":[{\"@type\":\"ReadAction\",\"target\":[\"https:\/\/vilokan.com\/de\/flughaefen\/\"]}]},{\"@type\":\"BreadcrumbList\",\"@id\":\"https:\/\/vilokan.com\/de\/flughaefen\/#breadcrumb\",\"itemListElement\":[{\"@type\":\"ListItem\",\"position\":1,\"name\":\"Hem\",\"item\":\"https:\/\/vilokan.com\/de\/\"},{\"@type\":\"ListItem\",\"position\":2,\"name\":\"Flugh\u00e4fen\"}]},{\"@type\":\"WebSite\",\"@id\":\"https:\/\/vilokan.com\/#website\",\"url\":\"https:\/\/vilokan.com\/\",\"name\":\"Vilokan Group\",\"description\":\"En till WordPress-webbplats\",\"potentialAction\":[{\"@type\":\"SearchAction\",\"target\":{\"@type\":\"EntryPoint\",\"urlTemplate\":\"https:\/\/vilokan.com\/?s={search_term_string}\"},\"query-input\":\"required name=search_term_string\"}],\"inLanguage\":\"de-DE\"}]}<\/script>\n<!-- \/ Yoast SEO plugin. -->","yoast_head_json":{"title":"Flugh\u00e4fen - Vilokan Group","robots":{"index":"index","follow":"follow","max-snippet":"max-snippet:-1","max-image-preview":"max-image-preview:large","max-video-preview":"max-video-preview:-1"},"canonical":"https:\/\/vilokan.com\/de\/flughaefen\/","og_locale":"de_DE","og_type":"article","og_title":"Flugh\u00e4fen - Vilokan Group","og_description":"Wir verwandeln Abfall in einen WertstoffJeder Industriesektor, der in seinem Betrieb Str\u00f6me von fl\u00fcssigen Abf\u00e4llen erzeugt, muss sich mit den damit verbundenen Kosten- und Umweltproblemen auseinandersetzen. Die Vilokan-Gruppe wandelt diese Str\u00f6me in Einnahmequellen um und sorgt f\u00fcr eine verbesserte Betriebssteuerung. Wo andere Abfall sehen, sehen wir Wertstoffe. Wenn ein Flugzeug enteist ist, beginnt unsere Arbeit...","og_url":"https:\/\/vilokan.com\/de\/flughaefen\/","og_site_name":"Vilokan Group","article_modified_time":"2022-05-06T08:42:40+00:00","og_image":[{"url":"https:\/\/aromdekor.fra1.digitaloceanspaces.com\/vilokan\/public\/2022\/05\/Vit-rand-upptill.jpg"}],"twitter_card":"summary_large_image","twitter_misc":{"Est. reading time":"2 minutes"},"schema":{"@context":"https:\/\/schema.org","@graph":[{"@type":"WebPage","@id":"https:\/\/vilokan.com\/de\/flughaefen\/","url":"https:\/\/vilokan.com\/de\/flughaefen\/","name":"Flugh\u00e4fen - Vilokan Group","isPartOf":{"@id":"https:\/\/vilokan.com\/#website"},"datePublished":"2022-05-05T07:23:56+00:00","dateModified":"2022-05-06T08:42:40+00:00","breadcrumb":{"@id":"https:\/\/vilokan.com\/de\/flughaefen\/#breadcrumb"},"inLanguage":"de-DE","potentialAction":[{"@type":"ReadAction","target":["https:\/\/vilokan.com\/de\/flughaefen\/"]}]},{"@type":"BreadcrumbList","@id":"https:\/\/vilokan.com\/de\/flughaefen\/#breadcrumb","itemListElement":[{"@type":"ListItem","position":1,"name":"Hem","item":"https:\/\/vilokan.com\/de\/"},{"@type":"ListItem","position":2,"name":"Flugh\u00e4fen"}]},{"@type":"WebSite","@id":"https:\/\/vilokan.com\/#website","url":"https:\/\/vilokan.com\/","name":"Vilokan Group","description":"En till WordPress-webbplats","potentialAction":[{"@type":"SearchAction","target":{"@type":"EntryPoint","urlTemplate":"https:\/\/vilokan.com\/?s={search_term_string}"},"query-input":"required name=search_term_string"}],"inLanguage":"de-DE"}]}},"_links":{"self":[{"href":"https:\/\/vilokan.com\/de\/wp-json\/wp\/v2\/pages\/2067"}],"collection":[{"href":"https:\/\/vilokan.com\/de\/wp-json\/wp\/v2\/pages"}],"about":[{"href":"https:\/\/vilokan.com\/de\/wp-json\/wp\/v2\/types\/page"}],"author":[{"embeddable":true,"href":"https:\/\/vilokan.com\/de\/wp-json\/wp\/v2\/users\/2"}],"replies":[{"embeddable":true,"href":"https:\/\/vilokan.com\/de\/wp-json\/wp\/v2\/comments?post=2067"}],"version-history":[{"count":6,"href":"https:\/\/vilokan.com\/de\/wp-json\/wp\/v2\/pages\/2067\/revisions"}],"predecessor-version":[{"id":2160,"href":"https:\/\/vilokan.com\/de\/wp-json\/wp\/v2\/pages\/2067\/revisions\/2160"}],"wp:attachment":[{"href":"https:\/\/vilokan.com\/de\/wp-json\/wp\/v2\/media?parent=2067"}],"curies":[{"name":"wp","href":"https:\/\/api.w.org\/{rel}","templated":true}]}}