{"id":2059,"date":"2022-05-05T09:10:04","date_gmt":"2022-05-05T07:10:04","guid":{"rendered":"https:\/\/vilokan.com\/?page_id=2059"},"modified":"2022-05-06T10:43:11","modified_gmt":"2022-05-06T08:43:11","slug":"abfallwirtschaftsunternehmen","status":"publish","type":"page","link":"https:\/\/vilokan.com\/de\/abfallwirtschaftsunternehmen\/","title":{"rendered":"Abfallwirtschaftsunternehmen"},"content":{"rendered":"\n<figure class=\"wp-block-image size-large\"><img decoding=\"async\" loading=\"lazy\" width=\"1000\" height=\"53\" src=\"https:\/\/vilokan.com\/wp-content\/uploads\/2022\/05\/Vit-rand-upptill.jpg\" alt=\"\" class=\"wp-image-1999\" srcset=\"https:\/\/vilokan.com\/wp-content\/uploads\/2022\/05\/Vit-rand-upptill.jpg 1000w, https:\/\/vilokan.com\/wp-content\/uploads\/2022\/05\/Vit-rand-upptill-300x16.jpg 300w, https:\/\/vilokan.com\/wp-content\/uploads\/2022\/05\/Vit-rand-upptill-768x41.jpg 768w\" sizes=\"(max-width: 1000px) 100vw, 1000px\" \/><\/figure>\n\n\n\n<figure class=\"wp-block-image size-large\"><img decoding=\"async\" loading=\"lazy\" width=\"1000\" height=\"53\" src=\"https:\/\/vilokan.com\/wp-content\/uploads\/2022\/05\/Vit-rand-upptill.jpg\" alt=\"\" class=\"wp-image-1999\" srcset=\"https:\/\/vilokan.com\/wp-content\/uploads\/2022\/05\/Vit-rand-upptill.jpg 1000w, https:\/\/vilokan.com\/wp-content\/uploads\/2022\/05\/Vit-rand-upptill-300x16.jpg 300w, https:\/\/vilokan.com\/wp-content\/uploads\/2022\/05\/Vit-rand-upptill-768x41.jpg 768w\" sizes=\"(max-width: 1000px) 100vw, 1000px\" \/><\/figure>\n\n\n\n<p><strong>Wir verwandeln Abfall in einen Wertstoff<\/strong><br>Jeder Industriesektor, der in seinem Betrieb Str\u00f6me von fl\u00fcssigen Abf\u00e4llen<em> <\/em>erzeugt, muss sich mit den damit verbundenen Kosten- und Umweltproblemen auseinandersetzen. Die Vilokan-Gruppe wandelt diese Str\u00f6me in Einnahmequellen um und sorgt f\u00fcr eine verbesserte Betriebssteuerung. Wo andere Abfall sehen, sehen wir Wertstoffe.<\/p>\n\n\n\n<figure class=\"wp-block-image size-large\"><a href=\"https:\/\/vilokan.com\/vrt\/en\/purification\/\"><img decoding=\"async\" loading=\"lazy\" width=\"1024\" height=\"816\" src=\"https:\/\/vilokan.com\/wp-content\/uploads\/2022\/05\/Sector-WasteManagemen_bildx3_web_De_2022-1-1024x816.png\" alt=\"\" class=\"wp-image-2149\" srcset=\"https:\/\/vilokan.com\/wp-content\/uploads\/2022\/05\/Sector-WasteManagemen_bildx3_web_De_2022-1-1024x816.png 1024w, https:\/\/vilokan.com\/wp-content\/uploads\/2022\/05\/Sector-WasteManagemen_bildx3_web_De_2022-1-300x239.png 300w, https:\/\/vilokan.com\/wp-content\/uploads\/2022\/05\/Sector-WasteManagemen_bildx3_web_De_2022-1-768x612.png 768w, https:\/\/vilokan.com\/wp-content\/uploads\/2022\/05\/Sector-WasteManagemen_bildx3_web_De_2022-1.png 1200w\" sizes=\"(max-width: 1024px) 100vw, 1024px\" \/><\/a><\/figure>\n\n\n\n<p><strong>Abfallwirtschaftsunternehmen haben die einmalige Gelegenheit, ihre Kosten durch eine verbesserte Abwasserbehandlung zu senken<\/strong><br>F\u00fcr Abfallentsorgungsunternehmen geh\u00f6rt die st\u00e4ndige Verbesserung und Optimierung der Reinigungsleistung zum Gesch\u00e4ftsalltag. Viele Unternehmen der Branche sind bereits Kunden der Vilokan-Gruppe. Wir sind gerne bereit immer wieder neue Wege zu gehen, sei es bei der Umstellung von einem alten, chemisch orientierten System oder bei der Optimierung und Feinabstimmung einer hochmodernen Anlage. Eines ist sicher: Die Regeln und Vorschriften werden immer strenger werden.<\/p>\n\n\n\n<p><strong>Folgen Sie dem profitablen Fluss durch bew\u00e4hrte Methoden<\/strong><br>Das Abwasser steht im Mittelpunkt unserer Aufmerksamkeit. Mit \u00fcber 30 Jahren Erfahrung entwickeln wir ma\u00dfgeschneiderte L\u00f6sungen mit einer Reihe bew\u00e4hrter Techniken zur Wasserreinigung und zum Recycling wertvoller Rohstoffe.<\/p>\n\n\n\n<p>Die wichtigsten Methoden zur Behandlung von Abw\u00e4ssern sind:<br><a href=\"https:\/\/vilokan.com\/vrt\/en\/purification\/\">&#8211; Verdampfung<br>&#8211; Destillation<br>&#8211; Filtration<br>&#8211; Adsorption<\/a><\/p>\n\n\n\n<p><strong>Wertstoffgewinnung durch Aufbereitung<\/strong><br>Was die meisten Menschen fr\u00fcher als Abfall betrachteten, wird heute als potenzieller Rohstoff angesehen. Dies sind die h\u00e4ufigsten Wertstoffe, die wir aus abfallwirtschaftlichen Abw\u00e4ssern gewinnen:<br>&#8211; Aceton\/Xylol<br>&#8211; Sauberes Prozesswasser<br>&#8211; Ethanol<br>&#8211; Glykol<\/p>\n\n\n\n<p><strong>Breites Spektrum an Vorteilen<\/strong><br>Mit erprobten Methoden und technischer Ausstattung k\u00f6nnen wir uns darauf konzentrieren, f\u00fcr jeden einzelnen Kunden die wirtschaftlichste L\u00f6sung zu finden. Dar\u00fcber hinaus recycelt unser Verfahren wertvolle Rohstoffe, was zu greifbaren Vorteilen f\u00fchrt. Wir minimieren Abfall und Kosten und er\u00f6ffnen M\u00f6glichkeiten f\u00fcr neue Einnahmequellen.<br>&#8211; Kosteng\u00fcnstiges Verfahren<br>&#8211; Bereitschaft f\u00fcr sch\u00e4rfere Vorschriften<br>&#8211; Kommerzielle Einnahmen aus recyceltem Material<\/p>\n\n\n\n<p><strong>Kommerzielle Produkte<\/strong><br>Die Vilokan-Gruppe unterst\u00fctzt ihre Kunden bei der Wiederverwendung von recycelten Materialien, wo immer dies m\u00f6glich ist, oder bei der Wiederaufbereitung zu neuen Produkten f\u00fcr den Markt.<\/p>\n\n\n\n<p>Was urspr\u00fcnglich f\u00fcr eine Abfallbehandlung durch ein Abfallwirtschaftsunternehmen vorgesehen war, wird stattdessen in ein kommerzielles Produkt umgewandelt.<br>&#8211; Scheibenwischwascher<br>&#8211; Aceton<br>&#8211; Ethanol<br>&#8211; Isopropanol<br>&#8211; Ethylenglykol<br>&#8211; Verd\u00fcnner, etc.<\/p>\n\n\n\n<p><strong><strong>M\u00f6chten Sie, dass wir Ihren Abfall in einen&nbsp;Wertstoff verwandeln?<\/strong><\/strong><\/p>\n\n\n\n<figure class=\"wp-block-image size-large\"><a href=\"mailto:info@vilokan.com\"><img decoding=\"async\" loading=\"lazy\" width=\"200\" height=\"53\" src=\"https:\/\/vilokan.com\/wp-content\/uploads\/2022\/05\/Kontakta-us_De.png\" alt=\"\" class=\"wp-image-2115\"\/><\/a><\/figure>\n\n\n\n<p><\/p>\n","protected":false},"excerpt":{"rendered":"<p>Wir verwandeln Abfall in einen WertstoffJeder Industriesektor, der in seinem Betrieb Str\u00f6me von fl\u00fcssigen Abf\u00e4llen erzeugt, muss sich mit den damit verbundenen Kosten- und Umweltproblemen auseinandersetzen. Die Vilokan-Gruppe wandelt diese Str\u00f6me in Einnahmequellen um und sorgt f\u00fcr eine verbesserte Betriebssteuerung. Wo andere Abfall sehen, sehen wir Wertstoffe. Abfallwirtschaftsunternehmen haben die einmalige Gelegenheit, ihre Kosten durch&#8230;<\/p>\n","protected":false},"author":2,"featured_media":0,"parent":0,"menu_order":0,"comment_status":"closed","ping_status":"closed","template":"","meta":[],"acf":[],"yoast_head":"<!-- This site is optimized with the Yoast SEO plugin v20.2.1 - https:\/\/yoast.com\/wordpress\/plugins\/seo\/ -->\n<title>Abfallwirtschaftsunternehmen - Vilokan Group<\/title>\n<meta name=\"robots\" content=\"index, follow, max-snippet:-1, max-image-preview:large, max-video-preview:-1\" \/>\n<link rel=\"canonical\" href=\"https:\/\/vilokan.com\/de\/abfallwirtschaftsunternehmen\/\" \/>\n<meta property=\"og:locale\" content=\"de_DE\" \/>\n<meta property=\"og:type\" content=\"article\" \/>\n<meta property=\"og:title\" content=\"Abfallwirtschaftsunternehmen - Vilokan Group\" \/>\n<meta property=\"og:description\" content=\"Wir verwandeln Abfall in einen WertstoffJeder Industriesektor, der in seinem Betrieb Str\u00f6me von fl\u00fcssigen Abf\u00e4llen erzeugt, muss sich mit den damit verbundenen Kosten- und Umweltproblemen auseinandersetzen. Die Vilokan-Gruppe wandelt diese Str\u00f6me in Einnahmequellen um und sorgt f\u00fcr eine verbesserte Betriebssteuerung. Wo andere Abfall sehen, sehen wir Wertstoffe. Abfallwirtschaftsunternehmen haben die einmalige Gelegenheit, ihre Kosten durch...\" \/>\n<meta property=\"og:url\" content=\"https:\/\/vilokan.com\/de\/abfallwirtschaftsunternehmen\/\" \/>\n<meta property=\"og:site_name\" content=\"Vilokan Group\" \/>\n<meta property=\"article:modified_time\" content=\"2022-05-06T08:43:11+00:00\" \/>\n<meta property=\"og:image\" content=\"https:\/\/aromdekor.fra1.digitaloceanspaces.com\/vilokan\/public\/2022\/05\/Vit-rand-upptill.jpg\" \/>\n<meta name=\"twitter:card\" content=\"summary_large_image\" \/>\n<meta name=\"twitter:label1\" content=\"Est. reading time\" \/>\n\t<meta name=\"twitter:data1\" content=\"2 minutes\" \/>\n<script type=\"application\/ld+json\" class=\"yoast-schema-graph\">{\"@context\":\"https:\/\/schema.org\",\"@graph\":[{\"@type\":\"WebPage\",\"@id\":\"https:\/\/vilokan.com\/de\/abfallwirtschaftsunternehmen\/\",\"url\":\"https:\/\/vilokan.com\/de\/abfallwirtschaftsunternehmen\/\",\"name\":\"Abfallwirtschaftsunternehmen - Vilokan Group\",\"isPartOf\":{\"@id\":\"https:\/\/vilokan.com\/#website\"},\"datePublished\":\"2022-05-05T07:10:04+00:00\",\"dateModified\":\"2022-05-06T08:43:11+00:00\",\"breadcrumb\":{\"@id\":\"https:\/\/vilokan.com\/de\/abfallwirtschaftsunternehmen\/#breadcrumb\"},\"inLanguage\":\"de-DE\",\"potentialAction\":[{\"@type\":\"ReadAction\",\"target\":[\"https:\/\/vilokan.com\/de\/abfallwirtschaftsunternehmen\/\"]}]},{\"@type\":\"BreadcrumbList\",\"@id\":\"https:\/\/vilokan.com\/de\/abfallwirtschaftsunternehmen\/#breadcrumb\",\"itemListElement\":[{\"@type\":\"ListItem\",\"position\":1,\"name\":\"Hem\",\"item\":\"https:\/\/vilokan.com\/de\/\"},{\"@type\":\"ListItem\",\"position\":2,\"name\":\"Abfallwirtschaftsunternehmen\"}]},{\"@type\":\"WebSite\",\"@id\":\"https:\/\/vilokan.com\/#website\",\"url\":\"https:\/\/vilokan.com\/\",\"name\":\"Vilokan Group\",\"description\":\"En till WordPress-webbplats\",\"potentialAction\":[{\"@type\":\"SearchAction\",\"target\":{\"@type\":\"EntryPoint\",\"urlTemplate\":\"https:\/\/vilokan.com\/?s={search_term_string}\"},\"query-input\":\"required name=search_term_string\"}],\"inLanguage\":\"de-DE\"}]}<\/script>\n<!-- \/ Yoast SEO plugin. -->","yoast_head_json":{"title":"Abfallwirtschaftsunternehmen - Vilokan Group","robots":{"index":"index","follow":"follow","max-snippet":"max-snippet:-1","max-image-preview":"max-image-preview:large","max-video-preview":"max-video-preview:-1"},"canonical":"https:\/\/vilokan.com\/de\/abfallwirtschaftsunternehmen\/","og_locale":"de_DE","og_type":"article","og_title":"Abfallwirtschaftsunternehmen - Vilokan Group","og_description":"Wir verwandeln Abfall in einen WertstoffJeder Industriesektor, der in seinem Betrieb Str\u00f6me von fl\u00fcssigen Abf\u00e4llen erzeugt, muss sich mit den damit verbundenen Kosten- und Umweltproblemen auseinandersetzen. Die Vilokan-Gruppe wandelt diese Str\u00f6me in Einnahmequellen um und sorgt f\u00fcr eine verbesserte Betriebssteuerung. Wo andere Abfall sehen, sehen wir Wertstoffe. Abfallwirtschaftsunternehmen haben die einmalige Gelegenheit, ihre Kosten durch...","og_url":"https:\/\/vilokan.com\/de\/abfallwirtschaftsunternehmen\/","og_site_name":"Vilokan Group","article_modified_time":"2022-05-06T08:43:11+00:00","og_image":[{"url":"https:\/\/aromdekor.fra1.digitaloceanspaces.com\/vilokan\/public\/2022\/05\/Vit-rand-upptill.jpg"}],"twitter_card":"summary_large_image","twitter_misc":{"Est. reading time":"2 minutes"},"schema":{"@context":"https:\/\/schema.org","@graph":[{"@type":"WebPage","@id":"https:\/\/vilokan.com\/de\/abfallwirtschaftsunternehmen\/","url":"https:\/\/vilokan.com\/de\/abfallwirtschaftsunternehmen\/","name":"Abfallwirtschaftsunternehmen - Vilokan Group","isPartOf":{"@id":"https:\/\/vilokan.com\/#website"},"datePublished":"2022-05-05T07:10:04+00:00","dateModified":"2022-05-06T08:43:11+00:00","breadcrumb":{"@id":"https:\/\/vilokan.com\/de\/abfallwirtschaftsunternehmen\/#breadcrumb"},"inLanguage":"de-DE","potentialAction":[{"@type":"ReadAction","target":["https:\/\/vilokan.com\/de\/abfallwirtschaftsunternehmen\/"]}]},{"@type":"BreadcrumbList","@id":"https:\/\/vilokan.com\/de\/abfallwirtschaftsunternehmen\/#breadcrumb","itemListElement":[{"@type":"ListItem","position":1,"name":"Hem","item":"https:\/\/vilokan.com\/de\/"},{"@type":"ListItem","position":2,"name":"Abfallwirtschaftsunternehmen"}]},{"@type":"WebSite","@id":"https:\/\/vilokan.com\/#website","url":"https:\/\/vilokan.com\/","name":"Vilokan Group","description":"En till WordPress-webbplats","potentialAction":[{"@type":"SearchAction","target":{"@type":"EntryPoint","urlTemplate":"https:\/\/vilokan.com\/?s={search_term_string}"},"query-input":"required name=search_term_string"}],"inLanguage":"de-DE"}]}},"_links":{"self":[{"href":"https:\/\/vilokan.com\/de\/wp-json\/wp\/v2\/pages\/2059"}],"collection":[{"href":"https:\/\/vilokan.com\/de\/wp-json\/wp\/v2\/pages"}],"about":[{"href":"https:\/\/vilokan.com\/de\/wp-json\/wp\/v2\/types\/page"}],"author":[{"embeddable":true,"href":"https:\/\/vilokan.com\/de\/wp-json\/wp\/v2\/users\/2"}],"replies":[{"embeddable":true,"href":"https:\/\/vilokan.com\/de\/wp-json\/wp\/v2\/comments?post=2059"}],"version-history":[{"count":8,"href":"https:\/\/vilokan.com\/de\/wp-json\/wp\/v2\/pages\/2059\/revisions"}],"predecessor-version":[{"id":2158,"href":"https:\/\/vilokan.com\/de\/wp-json\/wp\/v2\/pages\/2059\/revisions\/2158"}],"wp:attachment":[{"href":"https:\/\/vilokan.com\/de\/wp-json\/wp\/v2\/media?parent=2059"}],"curies":[{"name":"wp","href":"https:\/\/api.w.org\/{rel}","templated":true}]}}