{"id":2054,"date":"2022-05-05T08:57:57","date_gmt":"2022-05-05T06:57:57","guid":{"rendered":"https:\/\/vilokan.com\/?page_id=2054"},"modified":"2022-05-06T10:45:02","modified_gmt":"2022-05-06T08:45:02","slug":"pharmazeutische-industrie","status":"publish","type":"page","link":"https:\/\/vilokan.com\/de\/pharmazeutische-industrie\/","title":{"rendered":"Pharmazeutische Industrie"},"content":{"rendered":"\n<figure class=\"wp-block-image size-large\"><img decoding=\"async\" loading=\"lazy\" width=\"1000\" height=\"53\" src=\"https:\/\/vilokan.com\/wp-content\/uploads\/2022\/05\/Vit-rand-upptill.jpg\" alt=\"\" class=\"wp-image-1999\" srcset=\"https:\/\/vilokan.com\/wp-content\/uploads\/2022\/05\/Vit-rand-upptill.jpg 1000w, https:\/\/vilokan.com\/wp-content\/uploads\/2022\/05\/Vit-rand-upptill-300x16.jpg 300w, https:\/\/vilokan.com\/wp-content\/uploads\/2022\/05\/Vit-rand-upptill-768x41.jpg 768w\" sizes=\"(max-width: 1000px) 100vw, 1000px\" \/><\/figure>\n\n\n\n<p><strong>Wir verwandeln Abfall in einen Wertstoff<\/strong><br>Jeder Industriesektor, der in seinem Betrieb Str\u00f6me von fl\u00fcssigen Abf\u00e4llen erzeugt, muss sich mit den damit verbundenen Kosten- und Umweltproblemen auseinandersetzen. Die Vilokan-Gruppe wandelt diese Str\u00f6me in Einnahmequellen um und sorgt f\u00fcr eine verbesserte Betriebssteuerung. Wo andere Abfall sehen, sehen wir Wertstoffe.<\/p>\n\n\n\n<figure class=\"wp-block-image size-large\"><a href=\"https:\/\/vilokan.com\/vrt\/en\/purification\/\"><img decoding=\"async\" loading=\"lazy\" width=\"1024\" height=\"809\" src=\"https:\/\/vilokan.com\/wp-content\/uploads\/2022\/05\/Sector_pharmaceuticalx3_web_De_-1024x809.png\" alt=\"\" class=\"wp-image-2142\" srcset=\"https:\/\/vilokan.com\/wp-content\/uploads\/2022\/05\/Sector_pharmaceuticalx3_web_De_-1024x809.png 1024w, https:\/\/vilokan.com\/wp-content\/uploads\/2022\/05\/Sector_pharmaceuticalx3_web_De_-300x237.png 300w, https:\/\/vilokan.com\/wp-content\/uploads\/2022\/05\/Sector_pharmaceuticalx3_web_De_-768x607.png 768w, https:\/\/vilokan.com\/wp-content\/uploads\/2022\/05\/Sector_pharmaceuticalx3_web_De_.png 1200w\" sizes=\"(max-width: 1024px) 100vw, 1024px\" \/><\/a><\/figure>\n\n\n\n<p><strong>Die pharmazeutische Industrie ist mit immer strengeren Umweltvorschriften konfrontiert.<\/strong> <strong>Verwandeln Sie das in einen Vorteil, bleiben Sie einen Schritt voraus!<\/strong><br>Wir bei der Vilokan-Gruppe betrachten Umwelttechnologie als Chance, als proaktives Instrument mit dem Potenzial, die Unabh\u00e4ngigkeit und Rentabilit\u00e4t eines Unternehmens zu steigern. Die pharmazeutische Industrie kennt die Herausforderungen im Umgang mit Abfallprodukten, die von den Aufsichtsbeh\u00f6rden besonders beachtet werden, besser als die meisten anderen.<\/p>\n\n\n\n<p><strong>Verfolgen Sie den profitablen Fluss durch Verdampfung und Destillation<\/strong><br>Die pharmazeutischen Abw\u00e4sser stehen im Mittelpunkt unserer Aufmerksamkeit. Mit mehr als 30 Jahren Erfahrung entwickeln wir ma\u00dfgeschneiderte L\u00f6sungen mit einer Reihe bew\u00e4hrter Techniken zur Reinigung von Wasser und zum Recycling wertvoller Rohstoffe.<\/p>\n\n\n\n<p>Die wichtigsten in der pharmazeutischen Industrie angewandten Methoden sind:<br>&#8211; <a href=\"https:\/\/vilokan.com\/vrt\/en\/purification\/\">Verdampfung<\/a><br>&#8211;<a href=\"https:\/\/vilokan.com\/vrt\/en\/purification\/\"> Destillation<\/a><\/p>\n\n\n\n<p><strong>Wertstoffgewinnung durch Aufbereitung<\/strong><br>Was die meisten Menschen fr\u00fcher als Abfall betrachteten, wird heute als potenzieller Rohstoff angesehen. Dies sind die h\u00e4ufigsten Wertstoffe, die wir aus Abw\u00e4ssern pharmazeutischer Prozesse gewinnen:<br>&#8211; Recyceltes Glykol<br>&#8211; Aceton\/Xylol<br>&#8211; Ethanol<br>&#8211; Sauberes Prozesswasser<\/p>\n\n\n\n<p><strong>Breites Spektrum an Vorteilen<\/strong><br>Unsere Kunden erhalten sauberes Wasser, das sie in der Produktion wiederverwenden k\u00f6nnen, wodurch ein geschlossener Kreislauf entsteht. Dar\u00fcber hinaus recycelt unser Verfahren wertvolle Rohstoffe, was zu greifbaren Vorteilen f\u00fchrt. Wir minimieren Abfall und Kosten und erschlie\u00dfen neue Einnahmequellen.<br>&#8211; Geschlossener Kreislauf<br>&#8211; Wiederverwendung von recyceltem Rohmaterial<br>&#8211; Kommerzielle Einnahmen aus recyceltem Material<br>&#8211; Minimierung der Abfallentsorgungskosten<\/p>\n\n\n\n<p><strong>Kommerzielle Produkte<\/strong><br>Die Vilokan-Gruppe unterst\u00fctzt ihre Kunden bei der Wiederverwendung von recycelten Materialien, wo immer dies m\u00f6glich ist, oder bei der Wiederaufbereitung zu neuen Produkten f\u00fcr den Markt.<\/p>\n\n\n\n<p>Was urspr\u00fcnglich Abfall eines Pharmaunternehmens war, wird in ein kommerzielles Produkt umgewandelt.<br><a href=\"https:\/\/aromdekor.se\/produkter\/glykol\/maringlykol\/?attribute_pa_forpackning=ibc\">&#8211; Maringlykol<\/a><br>&#8211; Washer fluid<br><a href=\"https:\/\/aromdekor.se\/produkter\/glykol\/propylen-ih-vvs\/?attribute_pa_forpackning=ibc\">&#8211; Propylen IH VVS<\/a><br>&#8211;<a href=\"https:\/\/aromdekor.se\/produkter\/glykol\/kg-propylen-ih\/?attribute_pa_forpackning=ibc\"> KG Propylen IH<\/a><\/p>\n\n\n\n<p><strong><strong>M\u00f6chten Sie, dass wir Ihren Abfall in einen&nbsp;Wertstoff verwandeln?<\/strong><\/strong><\/p>\n\n\n\n<figure class=\"wp-block-image size-large\"><a href=\"mailto: info@vilokan.com\"><img decoding=\"async\" loading=\"lazy\" width=\"200\" height=\"53\" src=\"https:\/\/vilokan.com\/wp-content\/uploads\/2022\/05\/Kontakta-us_De.png\" alt=\"\" class=\"wp-image-2115\"\/><\/a><\/figure>\n","protected":false},"excerpt":{"rendered":"<p>Wir verwandeln Abfall in einen WertstoffJeder Industriesektor, der in seinem Betrieb Str\u00f6me von fl\u00fcssigen Abf\u00e4llen erzeugt, muss sich mit den damit verbundenen Kosten- und Umweltproblemen auseinandersetzen. Die Vilokan-Gruppe wandelt diese Str\u00f6me in Einnahmequellen um und sorgt f\u00fcr eine verbesserte Betriebssteuerung. Wo andere Abfall sehen, sehen wir Wertstoffe. Die pharmazeutische Industrie ist mit immer strengeren Umweltvorschriften&#8230;<\/p>\n","protected":false},"author":2,"featured_media":0,"parent":0,"menu_order":0,"comment_status":"closed","ping_status":"closed","template":"","meta":[],"acf":[],"yoast_head":"<!-- This site is optimized with the Yoast SEO plugin v20.2.1 - https:\/\/yoast.com\/wordpress\/plugins\/seo\/ -->\n<title>Pharmazeutische Industrie - Vilokan Group<\/title>\n<meta name=\"robots\" content=\"index, follow, max-snippet:-1, max-image-preview:large, max-video-preview:-1\" \/>\n<link rel=\"canonical\" href=\"https:\/\/vilokan.com\/de\/pharmazeutische-industrie\/\" \/>\n<meta property=\"og:locale\" content=\"de_DE\" \/>\n<meta property=\"og:type\" content=\"article\" \/>\n<meta property=\"og:title\" content=\"Pharmazeutische Industrie - Vilokan Group\" \/>\n<meta property=\"og:description\" content=\"Wir verwandeln Abfall in einen WertstoffJeder Industriesektor, der in seinem Betrieb Str\u00f6me von fl\u00fcssigen Abf\u00e4llen erzeugt, muss sich mit den damit verbundenen Kosten- und Umweltproblemen auseinandersetzen. Die Vilokan-Gruppe wandelt diese Str\u00f6me in Einnahmequellen um und sorgt f\u00fcr eine verbesserte Betriebssteuerung. Wo andere Abfall sehen, sehen wir Wertstoffe. Die pharmazeutische Industrie ist mit immer strengeren Umweltvorschriften...\" \/>\n<meta property=\"og:url\" content=\"https:\/\/vilokan.com\/de\/pharmazeutische-industrie\/\" \/>\n<meta property=\"og:site_name\" content=\"Vilokan Group\" \/>\n<meta property=\"article:modified_time\" content=\"2022-05-06T08:45:02+00:00\" \/>\n<meta property=\"og:image\" content=\"https:\/\/aromdekor.fra1.digitaloceanspaces.com\/vilokan\/public\/2022\/05\/Vit-rand-upptill.jpg\" \/>\n<meta name=\"twitter:card\" content=\"summary_large_image\" \/>\n<meta name=\"twitter:label1\" content=\"Est. reading time\" \/>\n\t<meta name=\"twitter:data1\" content=\"2 minutes\" \/>\n<script type=\"application\/ld+json\" class=\"yoast-schema-graph\">{\"@context\":\"https:\/\/schema.org\",\"@graph\":[{\"@type\":\"WebPage\",\"@id\":\"https:\/\/vilokan.com\/de\/pharmazeutische-industrie\/\",\"url\":\"https:\/\/vilokan.com\/de\/pharmazeutische-industrie\/\",\"name\":\"Pharmazeutische Industrie - Vilokan Group\",\"isPartOf\":{\"@id\":\"https:\/\/vilokan.com\/#website\"},\"datePublished\":\"2022-05-05T06:57:57+00:00\",\"dateModified\":\"2022-05-06T08:45:02+00:00\",\"breadcrumb\":{\"@id\":\"https:\/\/vilokan.com\/de\/pharmazeutische-industrie\/#breadcrumb\"},\"inLanguage\":\"de-DE\",\"potentialAction\":[{\"@type\":\"ReadAction\",\"target\":[\"https:\/\/vilokan.com\/de\/pharmazeutische-industrie\/\"]}]},{\"@type\":\"BreadcrumbList\",\"@id\":\"https:\/\/vilokan.com\/de\/pharmazeutische-industrie\/#breadcrumb\",\"itemListElement\":[{\"@type\":\"ListItem\",\"position\":1,\"name\":\"Hem\",\"item\":\"https:\/\/vilokan.com\/de\/\"},{\"@type\":\"ListItem\",\"position\":2,\"name\":\"Pharmazeutische Industrie\"}]},{\"@type\":\"WebSite\",\"@id\":\"https:\/\/vilokan.com\/#website\",\"url\":\"https:\/\/vilokan.com\/\",\"name\":\"Vilokan Group\",\"description\":\"En till WordPress-webbplats\",\"potentialAction\":[{\"@type\":\"SearchAction\",\"target\":{\"@type\":\"EntryPoint\",\"urlTemplate\":\"https:\/\/vilokan.com\/?s={search_term_string}\"},\"query-input\":\"required name=search_term_string\"}],\"inLanguage\":\"de-DE\"}]}<\/script>\n<!-- \/ Yoast SEO plugin. -->","yoast_head_json":{"title":"Pharmazeutische Industrie - Vilokan Group","robots":{"index":"index","follow":"follow","max-snippet":"max-snippet:-1","max-image-preview":"max-image-preview:large","max-video-preview":"max-video-preview:-1"},"canonical":"https:\/\/vilokan.com\/de\/pharmazeutische-industrie\/","og_locale":"de_DE","og_type":"article","og_title":"Pharmazeutische Industrie - Vilokan Group","og_description":"Wir verwandeln Abfall in einen WertstoffJeder Industriesektor, der in seinem Betrieb Str\u00f6me von fl\u00fcssigen Abf\u00e4llen erzeugt, muss sich mit den damit verbundenen Kosten- und Umweltproblemen auseinandersetzen. Die Vilokan-Gruppe wandelt diese Str\u00f6me in Einnahmequellen um und sorgt f\u00fcr eine verbesserte Betriebssteuerung. Wo andere Abfall sehen, sehen wir Wertstoffe. Die pharmazeutische Industrie ist mit immer strengeren Umweltvorschriften...","og_url":"https:\/\/vilokan.com\/de\/pharmazeutische-industrie\/","og_site_name":"Vilokan Group","article_modified_time":"2022-05-06T08:45:02+00:00","og_image":[{"url":"https:\/\/aromdekor.fra1.digitaloceanspaces.com\/vilokan\/public\/2022\/05\/Vit-rand-upptill.jpg"}],"twitter_card":"summary_large_image","twitter_misc":{"Est. reading time":"2 minutes"},"schema":{"@context":"https:\/\/schema.org","@graph":[{"@type":"WebPage","@id":"https:\/\/vilokan.com\/de\/pharmazeutische-industrie\/","url":"https:\/\/vilokan.com\/de\/pharmazeutische-industrie\/","name":"Pharmazeutische Industrie - Vilokan Group","isPartOf":{"@id":"https:\/\/vilokan.com\/#website"},"datePublished":"2022-05-05T06:57:57+00:00","dateModified":"2022-05-06T08:45:02+00:00","breadcrumb":{"@id":"https:\/\/vilokan.com\/de\/pharmazeutische-industrie\/#breadcrumb"},"inLanguage":"de-DE","potentialAction":[{"@type":"ReadAction","target":["https:\/\/vilokan.com\/de\/pharmazeutische-industrie\/"]}]},{"@type":"BreadcrumbList","@id":"https:\/\/vilokan.com\/de\/pharmazeutische-industrie\/#breadcrumb","itemListElement":[{"@type":"ListItem","position":1,"name":"Hem","item":"https:\/\/vilokan.com\/de\/"},{"@type":"ListItem","position":2,"name":"Pharmazeutische Industrie"}]},{"@type":"WebSite","@id":"https:\/\/vilokan.com\/#website","url":"https:\/\/vilokan.com\/","name":"Vilokan Group","description":"En till WordPress-webbplats","potentialAction":[{"@type":"SearchAction","target":{"@type":"EntryPoint","urlTemplate":"https:\/\/vilokan.com\/?s={search_term_string}"},"query-input":"required name=search_term_string"}],"inLanguage":"de-DE"}]}},"_links":{"self":[{"href":"https:\/\/vilokan.com\/de\/wp-json\/wp\/v2\/pages\/2054"}],"collection":[{"href":"https:\/\/vilokan.com\/de\/wp-json\/wp\/v2\/pages"}],"about":[{"href":"https:\/\/vilokan.com\/de\/wp-json\/wp\/v2\/types\/page"}],"author":[{"embeddable":true,"href":"https:\/\/vilokan.com\/de\/wp-json\/wp\/v2\/users\/2"}],"replies":[{"embeddable":true,"href":"https:\/\/vilokan.com\/de\/wp-json\/wp\/v2\/comments?post=2054"}],"version-history":[{"count":5,"href":"https:\/\/vilokan.com\/de\/wp-json\/wp\/v2\/pages\/2054\/revisions"}],"predecessor-version":[{"id":2161,"href":"https:\/\/vilokan.com\/de\/wp-json\/wp\/v2\/pages\/2054\/revisions\/2161"}],"wp:attachment":[{"href":"https:\/\/vilokan.com\/de\/wp-json\/wp\/v2\/media?parent=2054"}],"curies":[{"name":"wp","href":"https:\/\/api.w.org\/{rel}","templated":true}]}}