{"id":2041,"date":"2022-05-05T08:44:03","date_gmt":"2022-05-05T06:44:03","guid":{"rendered":"https:\/\/vilokan.com\/?page_id=2041"},"modified":"2022-05-06T10:47:01","modified_gmt":"2022-05-06T08:47:01","slug":"produktionsbetriebe","status":"publish","type":"page","link":"https:\/\/vilokan.com\/de\/produktionsbetriebe\/","title":{"rendered":"Produktionsbetriebe"},"content":{"rendered":"\n<figure class=\"wp-block-image size-large\"><img decoding=\"async\" loading=\"lazy\" width=\"1000\" height=\"53\" src=\"https:\/\/vilokan.com\/wp-content\/uploads\/2022\/05\/Vit-rand-upptill.jpg\" alt=\"\" class=\"wp-image-1999\" srcset=\"https:\/\/vilokan.com\/wp-content\/uploads\/2022\/05\/Vit-rand-upptill.jpg 1000w, https:\/\/vilokan.com\/wp-content\/uploads\/2022\/05\/Vit-rand-upptill-300x16.jpg 300w, https:\/\/vilokan.com\/wp-content\/uploads\/2022\/05\/Vit-rand-upptill-768x41.jpg 768w\" sizes=\"(max-width: 1000px) 100vw, 1000px\" \/><\/figure>\n\n\n\n<p><strong>Wir verwandeln Abfall in einen Wertstoff<\/strong><br>Jeder Industriesektor, der in seinem Betrieb Str\u00f6me von fl\u00fcssigen Abf\u00e4llen erzeugt, muss sich mit den damit verbundenen Kosten- und Umweltproblemen auseinandersetzen. Die Vilokan-Gruppe wandelt diese Str\u00f6me in Einnahmequellen um und sorgt f\u00fcr eine verbesserte Betriebssteuerung. Wo andere Abfall sehen, sehen wir Wertstoffe<em>.<\/em><\/p>\n\n\n\n<figure class=\"wp-block-image size-large\"><a href=\"https:\/\/vilokan.com\/vrt\/en\/purification\/\"><img decoding=\"async\" loading=\"lazy\" width=\"1024\" height=\"832\" src=\"https:\/\/vilokan.com\/wp-content\/uploads\/2022\/05\/Sector-Manufacturing-Plants_bildx3_web_De_2022-1024x832.png\" alt=\"\" class=\"wp-image-2138\" srcset=\"https:\/\/vilokan.com\/wp-content\/uploads\/2022\/05\/Sector-Manufacturing-Plants_bildx3_web_De_2022-1024x832.png 1024w, https:\/\/vilokan.com\/wp-content\/uploads\/2022\/05\/Sector-Manufacturing-Plants_bildx3_web_De_2022-300x244.png 300w, https:\/\/vilokan.com\/wp-content\/uploads\/2022\/05\/Sector-Manufacturing-Plants_bildx3_web_De_2022-768x624.png 768w, https:\/\/vilokan.com\/wp-content\/uploads\/2022\/05\/Sector-Manufacturing-Plants_bildx3_web_De_2022.png 1200w\" sizes=\"(max-width: 1024px) 100vw, 1024px\" \/><\/a><\/figure>\n\n\n\n<p><strong>Prozesswasser ist f\u00fcr Produktionsbetriebe nicht l\u00e4nger ein Problem. Es ist ein Gewinn!<\/strong><br>F\u00fcr viele Unternehmen des verarbeitenden Gewerbes ist eine zuverl\u00e4ssige Wasserversorgung ein zunehmend problematischer Schwerpunkt. Ein geschlossener Kreislauf mit st\u00e4ndig wiederaufbereitetem, gereinigtem Wasser oder, um noch bessere Ergebnisse zu erzielen, eine v\u00f6llig abwasserfreie Anlage bringt dem Betrieb eine wichtige Unabh\u00e4ngigkeit von Lieferketten au\u00dferhalb. Und das alles mit dem Zusatz gro\u00dfer \u00f6kologischer Vorteile.<\/p>\n\n\n\n<p><strong>Folgen Sie dem Fluss durch bew\u00e4hrte Methoden<\/strong><br>Das industrielle Prozesswasser steht im Mittelpunkt unserer Aufmerksamkeit. Mit mehr als 30 Jahren Erfahrung entwickeln wir ma\u00dfgeschneiderte L\u00f6sungen mit einer Reihe von bew\u00e4hrten Techniken zur Wasserreinigung.<\/p>\n\n\n\n<p>Die wichtigsten Methoden, die in Produktionsbetrieben angewandt werden, sind:<br><a href=\"https:\/\/vilokan.com\/vrt\/en\/purification\/\">&#8211; Verdampfung<br>&#8211; Destillation<br>&#8211; Umkehrosmose<br>&#8211; Ionenaustausch<\/a><\/p>\n\n\n\n<p><strong>Wertstoffgewinnung durch Aufbereitung<\/strong><br>Was die meisten Menschen fr\u00fcher als Abfall betrachteten, wird heute als potenzieller Rohstoff angesehen. Dies sind die h\u00e4ufigsten Wertstoffe, die wir aus Prozesswasser in der Produktion gewinnen:<br>&#8211; \u00d6le<br>&#8211; Sauberes Prozesswasser<br>&#8211; Sp\u00fcll\u00f6sungsmittel auf Wasserbasis<br>&#8211; R\u00fcckgewinnung von L\u00f6semitteln<\/p>\n\n\n\n<p><strong>Vorteile einer zukunftssicheren Unabh\u00e4ngigkeit<\/strong><br>Unsere Kunden erhalten sauberes Wasser, das sie in der Produktion wiederverwenden k\u00f6nnen, wodurch ein geschlossener Kreislauf entsteht. Die Vilokan-Gruppe ist ein Pionier auf dem Gebiet der abwasserfreien L\u00f6sungen. Bereits 1995 haben wir f\u00fcr Volvo die erste komplett abwasserfreie Fabrik Schwedens errichtet. Die Wasserversorgung wird in Zukunft ein immer wichtigerer Aspekt f\u00fcr die Industrie sein.<br>&#8211; Geschlossener Kreislauf<br>&#8211; Kanalisationslose Fabrik<br>&#8211; Unabh\u00e4ngigkeit der Wasserversorgung<\/p>\n\n\n\n<p><strong>Kommerzielle Produkte<\/strong><br>Die Vilokan-Gruppe unterst\u00fctzt ihre Kunden bei der Wiederverwendung von recycelten Materialien, wo immer dies m\u00f6glich ist, oder bei der Wiederaufbereitung zu neuen Produkten f\u00fcr den Markt.<br>&#8211; Brauchwasser, H2O<br>&#8211; L\u00f6sungsmittel, Aceton etc.<\/p>\n\n\n\n<p><strong><strong>M\u00f6chten Sie, dass wir Ihren Abfall in einen&nbsp;Wertstoff verwandeln?<\/strong><\/strong><\/p>\n\n\n\n<figure class=\"wp-block-image size-large\"><a href=\"mailto: info@vilokan.com\"><img decoding=\"async\" loading=\"lazy\" width=\"200\" height=\"53\" src=\"https:\/\/vilokan.com\/wp-content\/uploads\/2022\/05\/Kontakta-us_De.png\" alt=\"\" class=\"wp-image-2115\"\/><\/a><\/figure>\n","protected":false},"excerpt":{"rendered":"<p>Wir verwandeln Abfall in einen WertstoffJeder Industriesektor, der in seinem Betrieb Str\u00f6me von fl\u00fcssigen Abf\u00e4llen erzeugt, muss sich mit den damit verbundenen Kosten- und Umweltproblemen auseinandersetzen. Die Vilokan-Gruppe wandelt diese Str\u00f6me in Einnahmequellen um und sorgt f\u00fcr eine verbesserte Betriebssteuerung. Wo andere Abfall sehen, sehen wir Wertstoffe. Prozesswasser ist f\u00fcr Produktionsbetriebe nicht l\u00e4nger ein Problem&#8230;.<\/p>\n","protected":false},"author":2,"featured_media":0,"parent":0,"menu_order":0,"comment_status":"closed","ping_status":"closed","template":"","meta":[],"acf":[],"yoast_head":"<!-- This site is optimized with the Yoast SEO plugin v20.2.1 - https:\/\/yoast.com\/wordpress\/plugins\/seo\/ -->\n<title>Produktionsbetriebe - Vilokan Group<\/title>\n<meta name=\"robots\" content=\"index, follow, max-snippet:-1, max-image-preview:large, max-video-preview:-1\" \/>\n<link rel=\"canonical\" href=\"https:\/\/vilokan.com\/de\/produktionsbetriebe\/\" \/>\n<meta property=\"og:locale\" content=\"de_DE\" \/>\n<meta property=\"og:type\" content=\"article\" \/>\n<meta property=\"og:title\" content=\"Produktionsbetriebe - Vilokan Group\" \/>\n<meta property=\"og:description\" content=\"Wir verwandeln Abfall in einen WertstoffJeder Industriesektor, der in seinem Betrieb Str\u00f6me von fl\u00fcssigen Abf\u00e4llen erzeugt, muss sich mit den damit verbundenen Kosten- und Umweltproblemen auseinandersetzen. Die Vilokan-Gruppe wandelt diese Str\u00f6me in Einnahmequellen um und sorgt f\u00fcr eine verbesserte Betriebssteuerung. Wo andere Abfall sehen, sehen wir Wertstoffe. Prozesswasser ist f\u00fcr Produktionsbetriebe nicht l\u00e4nger ein Problem....\" \/>\n<meta property=\"og:url\" content=\"https:\/\/vilokan.com\/de\/produktionsbetriebe\/\" \/>\n<meta property=\"og:site_name\" content=\"Vilokan Group\" \/>\n<meta property=\"article:modified_time\" content=\"2022-05-06T08:47:01+00:00\" \/>\n<meta property=\"og:image\" content=\"https:\/\/aromdekor.fra1.digitaloceanspaces.com\/vilokan\/public\/2022\/05\/Vit-rand-upptill.jpg\" \/>\n<meta name=\"twitter:card\" content=\"summary_large_image\" \/>\n<meta name=\"twitter:label1\" content=\"Est. reading time\" \/>\n\t<meta name=\"twitter:data1\" content=\"2 minutes\" \/>\n<script type=\"application\/ld+json\" class=\"yoast-schema-graph\">{\"@context\":\"https:\/\/schema.org\",\"@graph\":[{\"@type\":\"WebPage\",\"@id\":\"https:\/\/vilokan.com\/de\/produktionsbetriebe\/\",\"url\":\"https:\/\/vilokan.com\/de\/produktionsbetriebe\/\",\"name\":\"Produktionsbetriebe - Vilokan Group\",\"isPartOf\":{\"@id\":\"https:\/\/vilokan.com\/#website\"},\"datePublished\":\"2022-05-05T06:44:03+00:00\",\"dateModified\":\"2022-05-06T08:47:01+00:00\",\"breadcrumb\":{\"@id\":\"https:\/\/vilokan.com\/de\/produktionsbetriebe\/#breadcrumb\"},\"inLanguage\":\"de-DE\",\"potentialAction\":[{\"@type\":\"ReadAction\",\"target\":[\"https:\/\/vilokan.com\/de\/produktionsbetriebe\/\"]}]},{\"@type\":\"BreadcrumbList\",\"@id\":\"https:\/\/vilokan.com\/de\/produktionsbetriebe\/#breadcrumb\",\"itemListElement\":[{\"@type\":\"ListItem\",\"position\":1,\"name\":\"Hem\",\"item\":\"https:\/\/vilokan.com\/de\/\"},{\"@type\":\"ListItem\",\"position\":2,\"name\":\"Produktionsbetriebe\"}]},{\"@type\":\"WebSite\",\"@id\":\"https:\/\/vilokan.com\/#website\",\"url\":\"https:\/\/vilokan.com\/\",\"name\":\"Vilokan Group\",\"description\":\"En till WordPress-webbplats\",\"potentialAction\":[{\"@type\":\"SearchAction\",\"target\":{\"@type\":\"EntryPoint\",\"urlTemplate\":\"https:\/\/vilokan.com\/?s={search_term_string}\"},\"query-input\":\"required name=search_term_string\"}],\"inLanguage\":\"de-DE\"}]}<\/script>\n<!-- \/ Yoast SEO plugin. -->","yoast_head_json":{"title":"Produktionsbetriebe - Vilokan Group","robots":{"index":"index","follow":"follow","max-snippet":"max-snippet:-1","max-image-preview":"max-image-preview:large","max-video-preview":"max-video-preview:-1"},"canonical":"https:\/\/vilokan.com\/de\/produktionsbetriebe\/","og_locale":"de_DE","og_type":"article","og_title":"Produktionsbetriebe - Vilokan Group","og_description":"Wir verwandeln Abfall in einen WertstoffJeder Industriesektor, der in seinem Betrieb Str\u00f6me von fl\u00fcssigen Abf\u00e4llen erzeugt, muss sich mit den damit verbundenen Kosten- und Umweltproblemen auseinandersetzen. Die Vilokan-Gruppe wandelt diese Str\u00f6me in Einnahmequellen um und sorgt f\u00fcr eine verbesserte Betriebssteuerung. Wo andere Abfall sehen, sehen wir Wertstoffe. Prozesswasser ist f\u00fcr Produktionsbetriebe nicht l\u00e4nger ein Problem....","og_url":"https:\/\/vilokan.com\/de\/produktionsbetriebe\/","og_site_name":"Vilokan Group","article_modified_time":"2022-05-06T08:47:01+00:00","og_image":[{"url":"https:\/\/aromdekor.fra1.digitaloceanspaces.com\/vilokan\/public\/2022\/05\/Vit-rand-upptill.jpg"}],"twitter_card":"summary_large_image","twitter_misc":{"Est. reading time":"2 minutes"},"schema":{"@context":"https:\/\/schema.org","@graph":[{"@type":"WebPage","@id":"https:\/\/vilokan.com\/de\/produktionsbetriebe\/","url":"https:\/\/vilokan.com\/de\/produktionsbetriebe\/","name":"Produktionsbetriebe - Vilokan Group","isPartOf":{"@id":"https:\/\/vilokan.com\/#website"},"datePublished":"2022-05-05T06:44:03+00:00","dateModified":"2022-05-06T08:47:01+00:00","breadcrumb":{"@id":"https:\/\/vilokan.com\/de\/produktionsbetriebe\/#breadcrumb"},"inLanguage":"de-DE","potentialAction":[{"@type":"ReadAction","target":["https:\/\/vilokan.com\/de\/produktionsbetriebe\/"]}]},{"@type":"BreadcrumbList","@id":"https:\/\/vilokan.com\/de\/produktionsbetriebe\/#breadcrumb","itemListElement":[{"@type":"ListItem","position":1,"name":"Hem","item":"https:\/\/vilokan.com\/de\/"},{"@type":"ListItem","position":2,"name":"Produktionsbetriebe"}]},{"@type":"WebSite","@id":"https:\/\/vilokan.com\/#website","url":"https:\/\/vilokan.com\/","name":"Vilokan Group","description":"En till WordPress-webbplats","potentialAction":[{"@type":"SearchAction","target":{"@type":"EntryPoint","urlTemplate":"https:\/\/vilokan.com\/?s={search_term_string}"},"query-input":"required name=search_term_string"}],"inLanguage":"de-DE"}]}},"_links":{"self":[{"href":"https:\/\/vilokan.com\/de\/wp-json\/wp\/v2\/pages\/2041"}],"collection":[{"href":"https:\/\/vilokan.com\/de\/wp-json\/wp\/v2\/pages"}],"about":[{"href":"https:\/\/vilokan.com\/de\/wp-json\/wp\/v2\/types\/page"}],"author":[{"embeddable":true,"href":"https:\/\/vilokan.com\/de\/wp-json\/wp\/v2\/users\/2"}],"replies":[{"embeddable":true,"href":"https:\/\/vilokan.com\/de\/wp-json\/wp\/v2\/comments?post=2041"}],"version-history":[{"count":5,"href":"https:\/\/vilokan.com\/de\/wp-json\/wp\/v2\/pages\/2041\/revisions"}],"predecessor-version":[{"id":2141,"href":"https:\/\/vilokan.com\/de\/wp-json\/wp\/v2\/pages\/2041\/revisions\/2141"}],"wp:attachment":[{"href":"https:\/\/vilokan.com\/de\/wp-json\/wp\/v2\/media?parent=2041"}],"curies":[{"name":"wp","href":"https:\/\/api.w.org\/{rel}","templated":true}]}}