{"id":2023,"date":"2022-05-05T08:27:24","date_gmt":"2022-05-05T06:27:24","guid":{"rendered":"https:\/\/vilokan.com\/?page_id=2023"},"modified":"2022-05-06T10:42:00","modified_gmt":"2022-05-06T08:42:00","slug":"biokraftstoffanlagen","status":"publish","type":"page","link":"https:\/\/vilokan.com\/de\/biokraftstoffanlagen\/","title":{"rendered":"Biokraftstoffanlagen"},"content":{"rendered":"\n<figure class=\"wp-block-image size-large\"><img decoding=\"async\" loading=\"lazy\" width=\"1000\" height=\"53\" src=\"https:\/\/vilokan.com\/wp-content\/uploads\/2022\/05\/Vit-rand-upptill.jpg\" alt=\"\" class=\"wp-image-1999\" srcset=\"https:\/\/vilokan.com\/wp-content\/uploads\/2022\/05\/Vit-rand-upptill.jpg 1000w, https:\/\/vilokan.com\/wp-content\/uploads\/2022\/05\/Vit-rand-upptill-300x16.jpg 300w, https:\/\/vilokan.com\/wp-content\/uploads\/2022\/05\/Vit-rand-upptill-768x41.jpg 768w\" sizes=\"(max-width: 1000px) 100vw, 1000px\" \/><\/figure>\n\n\n\n<p><strong>Wir verwandeln Abfall in einen Wertstoff<\/strong><br>Jeder Industriesektor, der in seinem Betrieb Str\u00f6me von fl\u00fcssigen Abf\u00e4llen<em> <\/em>erzeugt, muss sich mit den damit verbundenen Kosten- und Umweltproblemen auseinandersetzen. Die Vilokan-Gruppe wandelt diese Str\u00f6me in Einnahmequellen um und sorgt f\u00fcr eine verbesserte Betriebssteuerung. Wo andere Abfall sehen, sehen wir Wertstoffe.<\/p>\n\n\n\n<figure class=\"wp-block-image size-large\"><a href=\"https:\/\/vilokan.com\/vrt\/en\/purification\/\"><img decoding=\"async\" loading=\"lazy\" width=\"1024\" height=\"836\" src=\"https:\/\/vilokan.com\/wp-content\/uploads\/2022\/05\/Sector-Biofuel_bildx3_web_De_2022-1024x836.png\" alt=\"\" class=\"wp-image-2134\" srcset=\"https:\/\/vilokan.com\/wp-content\/uploads\/2022\/05\/Sector-Biofuel_bildx3_web_De_2022-1024x836.png 1024w, https:\/\/vilokan.com\/wp-content\/uploads\/2022\/05\/Sector-Biofuel_bildx3_web_De_2022-300x245.png 300w, https:\/\/vilokan.com\/wp-content\/uploads\/2022\/05\/Sector-Biofuel_bildx3_web_De_2022-768x627.png 768w, https:\/\/vilokan.com\/wp-content\/uploads\/2022\/05\/Sector-Biofuel_bildx3_web_De_2022.png 1200w\" sizes=\"(max-width: 1024px) 100vw, 1024px\" \/><\/a><\/figure>\n\n\n\n<p><strong>Biokraftstoffanlagen k\u00f6nnen nun den G\u00e4rrestausschuss um 70-95 % reduzieren und gleichzeitig zus\u00e4tzliche Einnahmequellen erschlie\u00dfen<\/strong><br>Damit industrielle Biogasanlagen erfolgreich sind, muss die Behandlung der G\u00e4rreste in Angriff genommen und gel\u00f6st werden. Bei der Vilokan-Gruppe sehen wir Umwelttechnologie als Chance, als proaktives Instrument mit dem Potenzial, die Unabh\u00e4ngigkeit und Rentabilit\u00e4t eines Unternehmens zu steigern.<\/p>\n\n\n\n<p><strong>Folgen Sie dem profitablen Fluss durch die Verdampfung<\/strong><br>Das Biogas-Reject steht im Mittelpunkt unserer Aufmerksamkeit. Mit \u00fcber 30 Jahren Erfahrung entwickeln wir ma\u00dfgeschneiderte L\u00f6sungen mit einer Reihe bew\u00e4hrter Techniken zur Wasserreinigung und zum Recycling wertvoller Rohstoffe.<\/p>\n\n\n\n<p>Die Methode, die bei Biokraftstoffanlagen angewandt wird, ist die:<br><a href=\"https:\/\/vilokan.com\/vrt\/en\/purification\/\">&#8211; Verdampfung<\/a><\/p>\n\n\n\n<p><strong>Wertstoffgewinnung durch Aufbereitung<\/strong><br>Was die meisten Menschen fr\u00fcher f\u00fcr Abfall hielten, wird heute als potenzieller Rohstoff betrachtet. Dies sind die h\u00e4ufigsten Wertstoffe, die wir aus dem Prozess gewinnen:<br>&#8211; D\u00fcngemittel<br>&#8211; Sauberes Prozesswasser<\/p>\n\n\n\n<p><strong>Breites Spektrum an Vorteilen<\/strong><br>Die Verringerung des Ausschusses erh\u00f6ht die Effizienz des gesamten Betriebs. Au\u00dferdem erhalten unsere Kunden sauberes Wasser, das sie in der Produktion wiederverwenden k\u00f6nnen, wodurch ein geschlossener Kreislauf entsteht. Au\u00dferdem recycelt unser Verfahren wertvolle Rohstoffe, was zu greifbaren Vorteilen und interessanten Einnahmestr\u00f6men f\u00fchrt.<br>&#8211; Geschlossener Kreislauf<br>&#8211; Verringerung des Ausschussanteils<br>&#8211; Kommerzielle Einnahmen aus zur\u00fcckgewonnenen N\u00e4hrstoffen<\/p>\n\n\n\n<p><strong>Kommerzielle Produkte<\/strong><br>Die Vilokan-Gruppe unterst\u00fctzt ihre Kunden bei der Wiederverwendung von recycelten Materialien, wo immer dies m\u00f6glich ist, oder bei der Wiederaufbereitung zu neuen Produkten f\u00fcr den Markt.<\/p>\n\n\n\n<p>Was urspr\u00fcnglich Abfall aus einer Biogasanlage war, wird durch die Landwirtschaft in ein kommerzielles Produkt zum Nutzen der gesamten Gesellschaft umgewandelt.<br>&#8211; D\u00fcngemittel, Pellets<\/p>\n\n\n\n<p><strong><strong>M\u00f6chten Sie, dass wir Ihren Abfall in einen&nbsp;Wertstoff verwandeln?<\/strong><\/strong><\/p>\n\n\n\n<figure class=\"wp-block-image size-large\"><a href=\"Mailto:info@vilokan.com\"><img decoding=\"async\" loading=\"lazy\" width=\"200\" height=\"53\" src=\"https:\/\/vilokan.com\/wp-content\/uploads\/2022\/05\/Kontakta-us_De.png\" alt=\"\" class=\"wp-image-2115\"\/><\/a><\/figure>\n","protected":false},"excerpt":{"rendered":"<p>Wir verwandeln Abfall in einen WertstoffJeder Industriesektor, der in seinem Betrieb Str\u00f6me von fl\u00fcssigen Abf\u00e4llen erzeugt, muss sich mit den damit verbundenen Kosten- und Umweltproblemen auseinandersetzen. Die Vilokan-Gruppe wandelt diese Str\u00f6me in Einnahmequellen um und sorgt f\u00fcr eine verbesserte Betriebssteuerung. Wo andere Abfall sehen, sehen wir Wertstoffe. Biokraftstoffanlagen k\u00f6nnen nun den G\u00e4rrestausschuss um 70-95 %&#8230;<\/p>\n","protected":false},"author":2,"featured_media":0,"parent":0,"menu_order":0,"comment_status":"closed","ping_status":"closed","template":"","meta":[],"acf":[],"yoast_head":"<!-- This site is optimized with the Yoast SEO plugin v20.2.1 - https:\/\/yoast.com\/wordpress\/plugins\/seo\/ -->\n<title>Biokraftstoffanlagen - Vilokan Group<\/title>\n<meta name=\"robots\" content=\"index, follow, max-snippet:-1, max-image-preview:large, max-video-preview:-1\" \/>\n<link rel=\"canonical\" href=\"https:\/\/vilokan.com\/de\/biokraftstoffanlagen\/\" \/>\n<meta property=\"og:locale\" content=\"de_DE\" \/>\n<meta property=\"og:type\" content=\"article\" \/>\n<meta property=\"og:title\" content=\"Biokraftstoffanlagen - Vilokan Group\" \/>\n<meta property=\"og:description\" content=\"Wir verwandeln Abfall in einen WertstoffJeder Industriesektor, der in seinem Betrieb Str\u00f6me von fl\u00fcssigen Abf\u00e4llen erzeugt, muss sich mit den damit verbundenen Kosten- und Umweltproblemen auseinandersetzen. Die Vilokan-Gruppe wandelt diese Str\u00f6me in Einnahmequellen um und sorgt f\u00fcr eine verbesserte Betriebssteuerung. Wo andere Abfall sehen, sehen wir Wertstoffe. Biokraftstoffanlagen k\u00f6nnen nun den G\u00e4rrestausschuss um 70-95 %...\" \/>\n<meta property=\"og:url\" content=\"https:\/\/vilokan.com\/de\/biokraftstoffanlagen\/\" \/>\n<meta property=\"og:site_name\" content=\"Vilokan Group\" \/>\n<meta property=\"article:modified_time\" content=\"2022-05-06T08:42:00+00:00\" \/>\n<meta property=\"og:image\" content=\"https:\/\/aromdekor.fra1.digitaloceanspaces.com\/vilokan\/public\/2022\/05\/Vit-rand-upptill.jpg\" \/>\n<meta name=\"twitter:card\" content=\"summary_large_image\" \/>\n<meta name=\"twitter:label1\" content=\"Est. reading time\" \/>\n\t<meta name=\"twitter:data1\" content=\"2 minutes\" \/>\n<script type=\"application\/ld+json\" class=\"yoast-schema-graph\">{\"@context\":\"https:\/\/schema.org\",\"@graph\":[{\"@type\":\"WebPage\",\"@id\":\"https:\/\/vilokan.com\/de\/biokraftstoffanlagen\/\",\"url\":\"https:\/\/vilokan.com\/de\/biokraftstoffanlagen\/\",\"name\":\"Biokraftstoffanlagen - Vilokan Group\",\"isPartOf\":{\"@id\":\"https:\/\/vilokan.com\/#website\"},\"datePublished\":\"2022-05-05T06:27:24+00:00\",\"dateModified\":\"2022-05-06T08:42:00+00:00\",\"breadcrumb\":{\"@id\":\"https:\/\/vilokan.com\/de\/biokraftstoffanlagen\/#breadcrumb\"},\"inLanguage\":\"de-DE\",\"potentialAction\":[{\"@type\":\"ReadAction\",\"target\":[\"https:\/\/vilokan.com\/de\/biokraftstoffanlagen\/\"]}]},{\"@type\":\"BreadcrumbList\",\"@id\":\"https:\/\/vilokan.com\/de\/biokraftstoffanlagen\/#breadcrumb\",\"itemListElement\":[{\"@type\":\"ListItem\",\"position\":1,\"name\":\"Hem\",\"item\":\"https:\/\/vilokan.com\/de\/\"},{\"@type\":\"ListItem\",\"position\":2,\"name\":\"Biokraftstoffanlagen\"}]},{\"@type\":\"WebSite\",\"@id\":\"https:\/\/vilokan.com\/#website\",\"url\":\"https:\/\/vilokan.com\/\",\"name\":\"Vilokan Group\",\"description\":\"En till WordPress-webbplats\",\"potentialAction\":[{\"@type\":\"SearchAction\",\"target\":{\"@type\":\"EntryPoint\",\"urlTemplate\":\"https:\/\/vilokan.com\/?s={search_term_string}\"},\"query-input\":\"required name=search_term_string\"}],\"inLanguage\":\"de-DE\"}]}<\/script>\n<!-- \/ Yoast SEO plugin. -->","yoast_head_json":{"title":"Biokraftstoffanlagen - Vilokan Group","robots":{"index":"index","follow":"follow","max-snippet":"max-snippet:-1","max-image-preview":"max-image-preview:large","max-video-preview":"max-video-preview:-1"},"canonical":"https:\/\/vilokan.com\/de\/biokraftstoffanlagen\/","og_locale":"de_DE","og_type":"article","og_title":"Biokraftstoffanlagen - Vilokan Group","og_description":"Wir verwandeln Abfall in einen WertstoffJeder Industriesektor, der in seinem Betrieb Str\u00f6me von fl\u00fcssigen Abf\u00e4llen erzeugt, muss sich mit den damit verbundenen Kosten- und Umweltproblemen auseinandersetzen. Die Vilokan-Gruppe wandelt diese Str\u00f6me in Einnahmequellen um und sorgt f\u00fcr eine verbesserte Betriebssteuerung. Wo andere Abfall sehen, sehen wir Wertstoffe. Biokraftstoffanlagen k\u00f6nnen nun den G\u00e4rrestausschuss um 70-95 %...","og_url":"https:\/\/vilokan.com\/de\/biokraftstoffanlagen\/","og_site_name":"Vilokan Group","article_modified_time":"2022-05-06T08:42:00+00:00","og_image":[{"url":"https:\/\/aromdekor.fra1.digitaloceanspaces.com\/vilokan\/public\/2022\/05\/Vit-rand-upptill.jpg"}],"twitter_card":"summary_large_image","twitter_misc":{"Est. reading time":"2 minutes"},"schema":{"@context":"https:\/\/schema.org","@graph":[{"@type":"WebPage","@id":"https:\/\/vilokan.com\/de\/biokraftstoffanlagen\/","url":"https:\/\/vilokan.com\/de\/biokraftstoffanlagen\/","name":"Biokraftstoffanlagen - Vilokan Group","isPartOf":{"@id":"https:\/\/vilokan.com\/#website"},"datePublished":"2022-05-05T06:27:24+00:00","dateModified":"2022-05-06T08:42:00+00:00","breadcrumb":{"@id":"https:\/\/vilokan.com\/de\/biokraftstoffanlagen\/#breadcrumb"},"inLanguage":"de-DE","potentialAction":[{"@type":"ReadAction","target":["https:\/\/vilokan.com\/de\/biokraftstoffanlagen\/"]}]},{"@type":"BreadcrumbList","@id":"https:\/\/vilokan.com\/de\/biokraftstoffanlagen\/#breadcrumb","itemListElement":[{"@type":"ListItem","position":1,"name":"Hem","item":"https:\/\/vilokan.com\/de\/"},{"@type":"ListItem","position":2,"name":"Biokraftstoffanlagen"}]},{"@type":"WebSite","@id":"https:\/\/vilokan.com\/#website","url":"https:\/\/vilokan.com\/","name":"Vilokan Group","description":"En till WordPress-webbplats","potentialAction":[{"@type":"SearchAction","target":{"@type":"EntryPoint","urlTemplate":"https:\/\/vilokan.com\/?s={search_term_string}"},"query-input":"required name=search_term_string"}],"inLanguage":"de-DE"}]}},"_links":{"self":[{"href":"https:\/\/vilokan.com\/de\/wp-json\/wp\/v2\/pages\/2023"}],"collection":[{"href":"https:\/\/vilokan.com\/de\/wp-json\/wp\/v2\/pages"}],"about":[{"href":"https:\/\/vilokan.com\/de\/wp-json\/wp\/v2\/types\/page"}],"author":[{"embeddable":true,"href":"https:\/\/vilokan.com\/de\/wp-json\/wp\/v2\/users\/2"}],"replies":[{"embeddable":true,"href":"https:\/\/vilokan.com\/de\/wp-json\/wp\/v2\/comments?post=2023"}],"version-history":[{"count":9,"href":"https:\/\/vilokan.com\/de\/wp-json\/wp\/v2\/pages\/2023\/revisions"}],"predecessor-version":[{"id":2159,"href":"https:\/\/vilokan.com\/de\/wp-json\/wp\/v2\/pages\/2023\/revisions\/2159"}],"wp:attachment":[{"href":"https:\/\/vilokan.com\/de\/wp-json\/wp\/v2\/media?parent=2023"}],"curies":[{"name":"wp","href":"https:\/\/api.w.org\/{rel}","templated":true}]}}