{"id":1555,"date":"2022-02-09T11:06:40","date_gmt":"2022-02-09T10:06:40","guid":{"rendered":"https:\/\/vilokan.com\/?page_id=1555"},"modified":"2023-09-14T10:57:01","modified_gmt":"2023-09-14T08:57:01","slug":"kontakt","status":"publish","type":"page","link":"https:\/\/vilokan.com\/de\/kontakt\/","title":{"rendered":"Kontakt"},"content":{"rendered":"\n<p>Sprechen Sie uns an. Wir erkl\u00e4ren Ihnen gern, wie wir Sie mit unseren L\u00f6sungen unterst\u00fctzen k\u00f6nnen.<\/p>\n\n\n\n<p><\/p>\n\n\n\n<p><strong>Vilokan Group<\/strong><\/p>\n\n\n\n<p><a rel=\"noreferrer noopener\" href=\"https:\/\/goo.gl\/maps\/wFrJXcb4m3sieTdNA\" target=\"_blank\">Uddevallav\u00e4gen 3 <br> SE-452 31 Str\u00f6mstad <br> SCHWEDEN<\/a><br> +46 526 187 30<br> <a href=\"mailto:info@vilokan.com\">info@vilokan.com<\/a><\/p>\n","protected":false},"excerpt":{"rendered":"<p>Sprechen Sie uns an. Wir erkl\u00e4ren Ihnen gern, wie wir Sie mit unseren L\u00f6sungen unterst\u00fctzen k\u00f6nnen. Vilokan Group Uddevallav\u00e4gen 3 SE-452 31 Str\u00f6mstad SCHWEDEN +46 526 187 30 info@vilokan.com<\/p>\n","protected":false},"author":1,"featured_media":0,"parent":0,"menu_order":0,"comment_status":"closed","ping_status":"closed","template":"page-contact.php","meta":[],"acf":[],"yoast_head":"<!-- This site is optimized with the Yoast SEO plugin v20.2.1 - https:\/\/yoast.com\/wordpress\/plugins\/seo\/ -->\n<title>Kontakt - Vilokan Group<\/title>\n<meta name=\"robots\" content=\"index, follow, max-snippet:-1, max-image-preview:large, max-video-preview:-1\" \/>\n<link rel=\"canonical\" href=\"https:\/\/vilokan.com\/de\/kontakt\/\" \/>\n<meta property=\"og:locale\" content=\"de_DE\" \/>\n<meta property=\"og:type\" content=\"article\" \/>\n<meta property=\"og:title\" content=\"Kontakt - Vilokan Group\" \/>\n<meta property=\"og:description\" content=\"Sprechen Sie uns an. Wir erkl\u00e4ren Ihnen gern, wie wir Sie mit unseren L\u00f6sungen unterst\u00fctzen k\u00f6nnen. Vilokan Group Uddevallav\u00e4gen 3 SE-452 31 Str\u00f6mstad SCHWEDEN +46 526 187 30 info@vilokan.com\" \/>\n<meta property=\"og:url\" content=\"https:\/\/vilokan.com\/de\/kontakt\/\" \/>\n<meta property=\"og:site_name\" content=\"Vilokan Group\" \/>\n<meta property=\"article:modified_time\" content=\"2023-09-14T08:57:01+00:00\" \/>\n<meta name=\"twitter:card\" content=\"summary_large_image\" \/>\n<meta name=\"twitter:label1\" content=\"Est. reading time\" \/>\n\t<meta name=\"twitter:data1\" content=\"1 minute\" \/>\n<script type=\"application\/ld+json\" class=\"yoast-schema-graph\">{\"@context\":\"https:\/\/schema.org\",\"@graph\":[{\"@type\":\"WebPage\",\"@id\":\"https:\/\/vilokan.com\/de\/kontakt\/\",\"url\":\"https:\/\/vilokan.com\/de\/kontakt\/\",\"name\":\"Kontakt - Vilokan Group\",\"isPartOf\":{\"@id\":\"https:\/\/vilokan.com\/#website\"},\"datePublished\":\"2022-02-09T10:06:40+00:00\",\"dateModified\":\"2023-09-14T08:57:01+00:00\",\"breadcrumb\":{\"@id\":\"https:\/\/vilokan.com\/de\/kontakt\/#breadcrumb\"},\"inLanguage\":\"de-DE\",\"potentialAction\":[{\"@type\":\"ReadAction\",\"target\":[\"https:\/\/vilokan.com\/de\/kontakt\/\"]}]},{\"@type\":\"BreadcrumbList\",\"@id\":\"https:\/\/vilokan.com\/de\/kontakt\/#breadcrumb\",\"itemListElement\":[{\"@type\":\"ListItem\",\"position\":1,\"name\":\"Hem\",\"item\":\"https:\/\/vilokan.com\/de\/\"},{\"@type\":\"ListItem\",\"position\":2,\"name\":\"Kontakt\"}]},{\"@type\":\"WebSite\",\"@id\":\"https:\/\/vilokan.com\/#website\",\"url\":\"https:\/\/vilokan.com\/\",\"name\":\"Vilokan Group\",\"description\":\"En till WordPress-webbplats\",\"potentialAction\":[{\"@type\":\"SearchAction\",\"target\":{\"@type\":\"EntryPoint\",\"urlTemplate\":\"https:\/\/vilokan.com\/?s={search_term_string}\"},\"query-input\":\"required name=search_term_string\"}],\"inLanguage\":\"de-DE\"}]}<\/script>\n<!-- \/ Yoast SEO plugin. -->","yoast_head_json":{"title":"Kontakt - Vilokan Group","robots":{"index":"index","follow":"follow","max-snippet":"max-snippet:-1","max-image-preview":"max-image-preview:large","max-video-preview":"max-video-preview:-1"},"canonical":"https:\/\/vilokan.com\/de\/kontakt\/","og_locale":"de_DE","og_type":"article","og_title":"Kontakt - Vilokan Group","og_description":"Sprechen Sie uns an. Wir erkl\u00e4ren Ihnen gern, wie wir Sie mit unseren L\u00f6sungen unterst\u00fctzen k\u00f6nnen. Vilokan Group Uddevallav\u00e4gen 3 SE-452 31 Str\u00f6mstad SCHWEDEN +46 526 187 30 info@vilokan.com","og_url":"https:\/\/vilokan.com\/de\/kontakt\/","og_site_name":"Vilokan Group","article_modified_time":"2023-09-14T08:57:01+00:00","twitter_card":"summary_large_image","twitter_misc":{"Est. reading time":"1 minute"},"schema":{"@context":"https:\/\/schema.org","@graph":[{"@type":"WebPage","@id":"https:\/\/vilokan.com\/de\/kontakt\/","url":"https:\/\/vilokan.com\/de\/kontakt\/","name":"Kontakt - Vilokan Group","isPartOf":{"@id":"https:\/\/vilokan.com\/#website"},"datePublished":"2022-02-09T10:06:40+00:00","dateModified":"2023-09-14T08:57:01+00:00","breadcrumb":{"@id":"https:\/\/vilokan.com\/de\/kontakt\/#breadcrumb"},"inLanguage":"de-DE","potentialAction":[{"@type":"ReadAction","target":["https:\/\/vilokan.com\/de\/kontakt\/"]}]},{"@type":"BreadcrumbList","@id":"https:\/\/vilokan.com\/de\/kontakt\/#breadcrumb","itemListElement":[{"@type":"ListItem","position":1,"name":"Hem","item":"https:\/\/vilokan.com\/de\/"},{"@type":"ListItem","position":2,"name":"Kontakt"}]},{"@type":"WebSite","@id":"https:\/\/vilokan.com\/#website","url":"https:\/\/vilokan.com\/","name":"Vilokan Group","description":"En till WordPress-webbplats","potentialAction":[{"@type":"SearchAction","target":{"@type":"EntryPoint","urlTemplate":"https:\/\/vilokan.com\/?s={search_term_string}"},"query-input":"required name=search_term_string"}],"inLanguage":"de-DE"}]}},"_links":{"self":[{"href":"https:\/\/vilokan.com\/de\/wp-json\/wp\/v2\/pages\/1555"}],"collection":[{"href":"https:\/\/vilokan.com\/de\/wp-json\/wp\/v2\/pages"}],"about":[{"href":"https:\/\/vilokan.com\/de\/wp-json\/wp\/v2\/types\/page"}],"author":[{"embeddable":true,"href":"https:\/\/vilokan.com\/de\/wp-json\/wp\/v2\/users\/1"}],"replies":[{"embeddable":true,"href":"https:\/\/vilokan.com\/de\/wp-json\/wp\/v2\/comments?post=1555"}],"version-history":[{"count":22,"href":"https:\/\/vilokan.com\/de\/wp-json\/wp\/v2\/pages\/1555\/revisions"}],"predecessor-version":[{"id":2713,"href":"https:\/\/vilokan.com\/de\/wp-json\/wp\/v2\/pages\/1555\/revisions\/2713"}],"wp:attachment":[{"href":"https:\/\/vilokan.com\/de\/wp-json\/wp\/v2\/media?parent=1555"}],"curies":[{"name":"wp","href":"https:\/\/api.w.org\/{rel}","templated":true}]}}