{"id":1553,"date":"2022-02-09T11:06:44","date_gmt":"2022-02-09T10:06:44","guid":{"rendered":"https:\/\/vilokan.com\/?page_id=1553"},"modified":"2023-09-14T10:48:53","modified_gmt":"2023-09-14T08:48:53","slug":"unsere-unternehmen","status":"publish","type":"page","link":"https:\/\/vilokan.com\/de\/unsere-unternehmen\/","title":{"rendered":"Unsere Unternehmen"},"content":{"rendered":"\n<figure class=\"wp-block-image size-full\"><img decoding=\"async\" loading=\"lazy\" width=\"876\" height=\"363\" src=\"https:\/\/vilokan.com\/wp-content\/uploads\/2023\/09\/vilokan-group-diagramme-unternehmen-875x725-1.jpg\" alt=\"\" class=\"wp-image-2642\" srcset=\"https:\/\/vilokan.com\/wp-content\/uploads\/2023\/09\/vilokan-group-diagramme-unternehmen-875x725-1.jpg 876w, https:\/\/vilokan.com\/wp-content\/uploads\/2023\/09\/vilokan-group-diagramme-unternehmen-875x725-1-300x124.jpg 300w, https:\/\/vilokan.com\/wp-content\/uploads\/2023\/09\/vilokan-group-diagramme-unternehmen-875x725-1-768x318.jpg 768w\" sizes=\"(max-width: 876px) 100vw, 876px\" \/><\/figure>\n\n\n\n<div class=\"wp-block-columns is-layout-flex wp-container-4\">\n<div class=\"wp-block-column is-layout-flow\">\n<figure class=\"wp-block-image size-full\"><img decoding=\"async\" loading=\"lazy\" width=\"66\" height=\"76\" src=\"https:\/\/vilokan.com\/wp-content\/uploads\/2019\/11\/Group-391.png\" alt=\"\" class=\"wp-image-722\"\/><\/figure>\n\n\n\n<p><a href=\"https:\/\/vilokan.com\/vrt\/en\" target=\"_blank\" rel=\"noreferrer noopener\"><strong>TECHNOLGY<\/strong><\/a><\/p>\n\n\n\n<p><a href=\"https:\/\/vilokan.com\/vrt\/en\" target=\"_blank\" rel=\"noreferrer noopener\">Vilokan Recycling Tech<\/a><br><a href=\"https:\/\/www.epcon.org\/\" target=\"_blank\" rel=\"noreferrer noopener\">Epcon Evaporation Technology<\/a><\/p>\n<\/div>\n\n\n\n<div class=\"wp-block-column is-layout-flow\">\n<figure class=\"wp-block-image size-full\"><img decoding=\"async\" loading=\"lazy\" width=\"66\" height=\"76\" src=\"https:\/\/vilokan.com\/wp-content\/uploads\/2019\/11\/Group-392.png\" alt=\"\" class=\"wp-image-724\"\/><\/figure>\n\n\n\n<p><a href=\"https:\/\/vilokan.com\/adf\" target=\"_blank\" rel=\"noreferrer noopener\"><strong>SOLUTIONS<\/strong><\/a><\/p>\n\n\n\n<p><a href=\"https:\/\/vilokan.com\/adf\/sv\" target=\"_blank\" rel=\"noreferrer noopener\">Vilokan ADF Solutions AB<\/a><br><a href=\"https:\/\/vilokan.com\/adf\" target=\"_blank\" rel=\"noreferrer noopener\">Vilokan ADF Solutions Oy<\/a><br><a href=\"https:\/\/vilokan.com\/adf\" target=\"_blank\" rel=\"noreferrer noopener\">Vilokan ADF Solutions AS<\/a><br><a href=\"https:\/\/vilokan.com\/adf\" target=\"_blank\" rel=\"noreferrer noopener\">Vilokan Group US<\/a><br><a href=\"https:\/\/vilokan.com\/adf\" target=\"_blank\" rel=\"noreferrer noopener\">Vilokan Group UK<\/a><br><a href=\"https:\/\/vilokan.com\/adf\" target=\"_blank\" rel=\"noreferrer noopener\">Vilokan ADF Solutions GmbH<\/a><\/p>\n<\/div>\n\n\n\n<div class=\"wp-block-column is-layout-flow\">\n<figure class=\"wp-block-image size-full\"><img decoding=\"async\" loading=\"lazy\" width=\"66\" height=\"76\" src=\"https:\/\/vilokan.com\/wp-content\/uploads\/2019\/11\/Group-393.png\" alt=\"\" class=\"wp-image-726\"\/><\/figure>\n\n\n\n<p><a href=\"https:\/\/aromdekor.com\/\" target=\"_blank\" rel=\"noreferrer noopener\"><strong>FLUIDS<\/strong><\/a><\/p>\n\n\n\n<p><a href=\"https:\/\/aromdekor.se\" target=\"_blank\" rel=\"noreferrer noopener\">Arom-dekor Kemi AB<\/a><br><a href=\"https:\/\/aromdekor.no\/\" target=\"_blank\" rel=\"noreferrer noopener\">Arom-dekor Kemi AS<\/a><br><a href=\"https:\/\/aromdekor.fi\/\" target=\"_blank\" rel=\"noreferrer noopener\">Arom-dekor Kemi Oy<\/a><\/p>\n<\/div>\n<\/div>\n\n\n\n<h4 class=\"wp-block-heading\"><strong><strong>Muttergesellschaft \u2013 Vilokan AB<\/strong><\/strong><\/h4>\n\n\n\n<h4 class=\"wp-block-heading mt-5 mb-3\">Gesch\u00e4ftsbereich Technology<\/h4>\n\n\n\n<figure class=\"wp-block-image\"><img decoding=\"async\" loading=\"lazy\" width=\"833\" height=\"507\" src=\"https:\/\/vilokan.com\/wp-content\/uploads\/2019\/11\/Vilokan-ADF_Arlanda_3.png\" alt=\"\" class=\"wp-image-695\" srcset=\"https:\/\/vilokan.com\/wp-content\/uploads\/2019\/11\/Vilokan-ADF_Arlanda_3.png 833w, https:\/\/vilokan.com\/wp-content\/uploads\/2019\/11\/Vilokan-ADF_Arlanda_3-300x183.png 300w, https:\/\/vilokan.com\/wp-content\/uploads\/2019\/11\/Vilokan-ADF_Arlanda_3-768x467.png 768w\" sizes=\"(max-width: 833px) 100vw, 833px\" \/><\/figure>\n\n\n\n<p><strong><a href=\"https:\/\/vilokan.com\/vrt\/en\/\">Vilokan Recycling Tech AB<\/a><\/strong><\/p>\n\n\n\n<p>Anzahl der Angestellten: 14<br>Umsatz: 86 Mio. SEK<\/p>\n\n\n\n<p>Entwicklungsgesellschaft und Innovationszentrum des Konzerns. Technische Entwicklung und Projektvertrieb von Aufbereitungs- und Recyclinganlagen. Ma\u00dfgeschneiderte L\u00f6sungen f\u00fcr die Industrie und den \u00f6ffentlichen Sektor.<\/p>\n\n\n\n<p><strong><a href=\"https:\/\/www.epcon.org\/\" target=\"_blank\" rel=\"noreferrer noopener\"><strong><\/strong><\/a><strong><a href=\"https:\/\/www.epcon.org\/\" target=\"_blank\" rel=\"noreferrer noopener\"><strong>EPCON Evaporation Technology AS<\/strong><\/a><\/strong><\/strong><\/p>\n\n\n\n<p>Anzahl der Angestellten: 23<br>Umsatz: 160 Mio. NOK<\/p>\n\n\n\n<p>EPCON ist ein Technologieunternehmen mit hoher theoretischer und praktischer Kompetenz mit Sitz in Trondheim, Norwegen. EPCON wurde 1986 als Ableger der norwegischen Molkereiindustrie gegr\u00fcndet. Heute bietet EPCON eine Reihe von Anwendungen f\u00fcr die Prozessindustrie sowie die Biokraftstoff- und Lebensmittelbranche an.<\/p>\n\n\n\n<p>EPCON liefert Prozessanlagen zur Abscheidung unterschiedlicher Fl\u00fcssigkeiten oder Fl\u00fcssigkeiten von Feststoffen, basierend auf den Prinzipien der Verdampfung und Destillation. Die Abscheidung und Reinigung sind wichtige Elemente in vielen industriellen Prozessen. EPCON hat dabei einzigartige technische L\u00f6sungen f\u00fcr verschiedene Abscheideverfahren entwickelt.\u00a0Die Prozessl\u00f6sungen werden mit einer hohen Energier\u00fcckgewinnung in Form von W\u00e4rmepumpen auf Basis der mechanischen Br\u00fcdenkompression (Mechanical Vapor Recompression, MVR) geliefert. EPCON ist seit 2020 Teil der Vilokan Group.<\/p>\n\n\n\n<h4 class=\"wp-block-heading mt-5 mb-3\"><strong>Gesch\u00e4ftsbereich<\/strong> Solutions<\/h4>\n\n\n\n<figure class=\"wp-block-image\"><img decoding=\"async\" loading=\"lazy\" width=\"833\" height=\"507\" src=\"https:\/\/vilokan.com\/wp-content\/uploads\/2019\/11\/Vilokan-ADF_Arlanda_2_edit.png\" alt=\"\" class=\"wp-image-697\" srcset=\"https:\/\/vilokan.com\/wp-content\/uploads\/2019\/11\/Vilokan-ADF_Arlanda_2_edit.png 833w, https:\/\/vilokan.com\/wp-content\/uploads\/2019\/11\/Vilokan-ADF_Arlanda_2_edit-300x183.png 300w, https:\/\/vilokan.com\/wp-content\/uploads\/2019\/11\/Vilokan-ADF_Arlanda_2_edit-768x467.png 768w\" sizes=\"(max-width: 833px) 100vw, 833px\" \/><\/figure>\n\n\n\n<p><strong><a href=\"https:\/\/vilokan.com\/adf\/\">Vilokan ADF Solutions AB<\/a><br>Vilokan ADF Solutions Oy<br>Vilokan ADF Solutions AS<\/strong><br><strong>Vilokan Group US<\/strong><\/p>\n\n\n\n<p>Anzahl der Angestellten: 6<br>Umsatz: 202 Mio. SEK<\/p>\n\n\n\n<p>Bietet Flugh\u00e4fen weltweit die Verarbeitung verwendeter Enteisungsmittel sowie die Wasseraufbereitung und das Recycling von Glykol an. Schlie\u00dft den Kreislauf und steigert die Wirtschaftlichkeit mit einem vollst\u00e4ndigen Sortiment an Technologien und Dienstleistungen. Bietet auch Finanzierung, Betrieb und Beteiligungen an.<\/p>\n\n\n\n<h4 class=\"wp-block-heading mt-5 mb-3\"><strong>Gesch\u00e4ftsbereich<\/strong> Fluids<\/h4>\n\n\n\n<figure class=\"wp-block-image\"><img decoding=\"async\" loading=\"lazy\" width=\"833\" height=\"507\" src=\"https:\/\/vilokan.com\/wp-content\/uploads\/2019\/11\/Arom-dekor_produktion.png\" alt=\"\" class=\"wp-image-699\" srcset=\"https:\/\/vilokan.com\/wp-content\/uploads\/2019\/11\/Arom-dekor_produktion.png 833w, https:\/\/vilokan.com\/wp-content\/uploads\/2019\/11\/Arom-dekor_produktion-300x183.png 300w, https:\/\/vilokan.com\/wp-content\/uploads\/2019\/11\/Arom-dekor_produktion-768x467.png 768w\" sizes=\"(max-width: 833px) 100vw, 833px\" \/><\/figure>\n\n\n\n<p><strong><a href=\"https:\/\/aromdekor.se\/sv\">Arom-dekor Kemi AB<\/a><br><a href=\"https:\/\/aromdekor.no\/\">Arom dekor Kemi AS<\/a><br><a href=\"https:\/\/aromdekor.fi\/\">Arom-dekor Kemi Oy<\/a><\/strong><\/p>\n\n\n\n<p>Anzahl der Angestellten: 71<br>Umsatz: 800 Mio. SEK<\/p>\n\n\n\n<p>Herstellung, Verpackung und Vertrieb von Chemikalien f\u00fcr Fahrzeuge, Industrie und Haushalt. Nutzt recycelte Rohstoffe und aufbereitetes Wasser der Vilokan Group. Gut ausgebautes Logistiknetz mit eigenen Lkw und Tankwagen.<\/p>\n","protected":false},"excerpt":{"rendered":"<p>TECHNOLGY Vilokan Recycling TechEpcon Evaporation Technology SOLUTIONS Vilokan ADF Solutions ABVilokan ADF Solutions OyVilokan ADF Solutions ASVilokan Group USVilokan Group UKVilokan ADF Solutions GmbH FLUIDS Arom-dekor Kemi ABArom-dekor Kemi ASArom-dekor Kemi Oy Muttergesellschaft \u2013 Vilokan AB Gesch\u00e4ftsbereich Technology Vilokan Recycling Tech AB Anzahl der Angestellten: 14Umsatz: 86 Mio. SEK Entwicklungsgesellschaft und Innovationszentrum des Konzerns. Technische&#8230;<\/p>\n","protected":false},"author":1,"featured_media":2673,"parent":0,"menu_order":0,"comment_status":"closed","ping_status":"closed","template":"","meta":[],"acf":[],"yoast_head":"<!-- This site is optimized with the Yoast SEO plugin v20.2.1 - https:\/\/yoast.com\/wordpress\/plugins\/seo\/ -->\n<title>Unsere Unternehmen - Vilokan Group<\/title>\n<meta name=\"robots\" content=\"index, follow, max-snippet:-1, max-image-preview:large, max-video-preview:-1\" \/>\n<link rel=\"canonical\" href=\"https:\/\/vilokan.com\/de\/unsere-unternehmen\/\" \/>\n<meta property=\"og:locale\" content=\"de_DE\" \/>\n<meta property=\"og:type\" content=\"article\" \/>\n<meta property=\"og:title\" content=\"Unsere Unternehmen - Vilokan Group\" \/>\n<meta property=\"og:description\" content=\"TECHNOLGY Vilokan Recycling TechEpcon Evaporation Technology SOLUTIONS Vilokan ADF Solutions ABVilokan ADF Solutions OyVilokan ADF Solutions ASVilokan Group USVilokan Group UKVilokan ADF Solutions GmbH FLUIDS Arom-dekor Kemi ABArom-dekor Kemi ASArom-dekor Kemi Oy Muttergesellschaft \u2013 Vilokan AB Gesch\u00e4ftsbereich Technology Vilokan Recycling Tech AB Anzahl der Angestellten: 14Umsatz: 86 Mio. SEK Entwicklungsgesellschaft und Innovationszentrum des Konzerns. Technische...\" \/>\n<meta property=\"og:url\" content=\"https:\/\/vilokan.com\/de\/unsere-unternehmen\/\" \/>\n<meta property=\"og:site_name\" content=\"Vilokan Group\" \/>\n<meta property=\"article:modified_time\" content=\"2023-09-14T08:48:53+00:00\" \/>\n<meta property=\"og:image\" content=\"https:\/\/vilokan.com\/wp-content\/uploads\/2023\/09\/image001-copy-1.jpg\" \/>\n\t<meta property=\"og:image:width\" content=\"2000\" \/>\n\t<meta property=\"og:image:height\" content=\"1334\" \/>\n\t<meta property=\"og:image:type\" content=\"image\/jpeg\" \/>\n<meta name=\"twitter:card\" content=\"summary_large_image\" \/>\n<meta name=\"twitter:label1\" content=\"Est. reading time\" \/>\n\t<meta name=\"twitter:data1\" content=\"3 minutes\" \/>\n<script type=\"application\/ld+json\" class=\"yoast-schema-graph\">{\"@context\":\"https:\/\/schema.org\",\"@graph\":[{\"@type\":\"WebPage\",\"@id\":\"https:\/\/vilokan.com\/de\/unsere-unternehmen\/\",\"url\":\"https:\/\/vilokan.com\/de\/unsere-unternehmen\/\",\"name\":\"Unsere Unternehmen - Vilokan Group\",\"isPartOf\":{\"@id\":\"https:\/\/vilokan.com\/#website\"},\"datePublished\":\"2022-02-09T10:06:44+00:00\",\"dateModified\":\"2023-09-14T08:48:53+00:00\",\"breadcrumb\":{\"@id\":\"https:\/\/vilokan.com\/de\/unsere-unternehmen\/#breadcrumb\"},\"inLanguage\":\"de-DE\",\"potentialAction\":[{\"@type\":\"ReadAction\",\"target\":[\"https:\/\/vilokan.com\/de\/unsere-unternehmen\/\"]}]},{\"@type\":\"BreadcrumbList\",\"@id\":\"https:\/\/vilokan.com\/de\/unsere-unternehmen\/#breadcrumb\",\"itemListElement\":[{\"@type\":\"ListItem\",\"position\":1,\"name\":\"Hem\",\"item\":\"https:\/\/vilokan.com\/de\/\"},{\"@type\":\"ListItem\",\"position\":2,\"name\":\"Unsere Unternehmen\"}]},{\"@type\":\"WebSite\",\"@id\":\"https:\/\/vilokan.com\/#website\",\"url\":\"https:\/\/vilokan.com\/\",\"name\":\"Vilokan Group\",\"description\":\"En till WordPress-webbplats\",\"potentialAction\":[{\"@type\":\"SearchAction\",\"target\":{\"@type\":\"EntryPoint\",\"urlTemplate\":\"https:\/\/vilokan.com\/?s={search_term_string}\"},\"query-input\":\"required name=search_term_string\"}],\"inLanguage\":\"de-DE\"}]}<\/script>\n<!-- \/ Yoast SEO plugin. -->","yoast_head_json":{"title":"Unsere Unternehmen - Vilokan Group","robots":{"index":"index","follow":"follow","max-snippet":"max-snippet:-1","max-image-preview":"max-image-preview:large","max-video-preview":"max-video-preview:-1"},"canonical":"https:\/\/vilokan.com\/de\/unsere-unternehmen\/","og_locale":"de_DE","og_type":"article","og_title":"Unsere Unternehmen - Vilokan Group","og_description":"TECHNOLGY Vilokan Recycling TechEpcon Evaporation Technology SOLUTIONS Vilokan ADF Solutions ABVilokan ADF Solutions OyVilokan ADF Solutions ASVilokan Group USVilokan Group UKVilokan ADF Solutions GmbH FLUIDS Arom-dekor Kemi ABArom-dekor Kemi ASArom-dekor Kemi Oy Muttergesellschaft \u2013 Vilokan AB Gesch\u00e4ftsbereich Technology Vilokan Recycling Tech AB Anzahl der Angestellten: 14Umsatz: 86 Mio. SEK Entwicklungsgesellschaft und Innovationszentrum des Konzerns. Technische...","og_url":"https:\/\/vilokan.com\/de\/unsere-unternehmen\/","og_site_name":"Vilokan Group","article_modified_time":"2023-09-14T08:48:53+00:00","og_image":[{"width":2000,"height":1334,"url":"https:\/\/vilokan.com\/wp-content\/uploads\/2023\/09\/image001-copy-1.jpg","type":"image\/jpeg"}],"twitter_card":"summary_large_image","twitter_misc":{"Est. reading time":"3 minutes"},"schema":{"@context":"https:\/\/schema.org","@graph":[{"@type":"WebPage","@id":"https:\/\/vilokan.com\/de\/unsere-unternehmen\/","url":"https:\/\/vilokan.com\/de\/unsere-unternehmen\/","name":"Unsere Unternehmen - Vilokan Group","isPartOf":{"@id":"https:\/\/vilokan.com\/#website"},"datePublished":"2022-02-09T10:06:44+00:00","dateModified":"2023-09-14T08:48:53+00:00","breadcrumb":{"@id":"https:\/\/vilokan.com\/de\/unsere-unternehmen\/#breadcrumb"},"inLanguage":"de-DE","potentialAction":[{"@type":"ReadAction","target":["https:\/\/vilokan.com\/de\/unsere-unternehmen\/"]}]},{"@type":"BreadcrumbList","@id":"https:\/\/vilokan.com\/de\/unsere-unternehmen\/#breadcrumb","itemListElement":[{"@type":"ListItem","position":1,"name":"Hem","item":"https:\/\/vilokan.com\/de\/"},{"@type":"ListItem","position":2,"name":"Unsere Unternehmen"}]},{"@type":"WebSite","@id":"https:\/\/vilokan.com\/#website","url":"https:\/\/vilokan.com\/","name":"Vilokan Group","description":"En till WordPress-webbplats","potentialAction":[{"@type":"SearchAction","target":{"@type":"EntryPoint","urlTemplate":"https:\/\/vilokan.com\/?s={search_term_string}"},"query-input":"required name=search_term_string"}],"inLanguage":"de-DE"}]}},"_links":{"self":[{"href":"https:\/\/vilokan.com\/de\/wp-json\/wp\/v2\/pages\/1553"}],"collection":[{"href":"https:\/\/vilokan.com\/de\/wp-json\/wp\/v2\/pages"}],"about":[{"href":"https:\/\/vilokan.com\/de\/wp-json\/wp\/v2\/types\/page"}],"author":[{"embeddable":true,"href":"https:\/\/vilokan.com\/de\/wp-json\/wp\/v2\/users\/1"}],"replies":[{"embeddable":true,"href":"https:\/\/vilokan.com\/de\/wp-json\/wp\/v2\/comments?post=1553"}],"version-history":[{"count":18,"href":"https:\/\/vilokan.com\/de\/wp-json\/wp\/v2\/pages\/1553\/revisions"}],"predecessor-version":[{"id":2693,"href":"https:\/\/vilokan.com\/de\/wp-json\/wp\/v2\/pages\/1553\/revisions\/2693"}],"wp:featuredmedia":[{"embeddable":true,"href":"https:\/\/vilokan.com\/de\/wp-json\/wp\/v2\/media\/2673"}],"wp:attachment":[{"href":"https:\/\/vilokan.com\/de\/wp-json\/wp\/v2\/media?parent=1553"}],"curies":[{"name":"wp","href":"https:\/\/api.w.org\/{rel}","templated":true}]}}