{"id":1542,"date":"2022-02-09T11:06:38","date_gmt":"2022-02-09T10:06:38","guid":{"rendered":"https:\/\/vilokan.com\/?page_id=1542"},"modified":"2022-02-22T08:41:22","modified_gmt":"2022-02-22T07:41:22","slug":"ueber-uns","status":"publish","type":"page","link":"https:\/\/vilokan.com\/de\/ueber-uns\/","title":{"rendered":"\u00dcber uns"},"content":{"rendered":"\n<p><strong><strong>Eine Unternehmensgruppe mit den Schwerpunkten Umwelttechnologie, Wasseraufbereitung und Recycling<\/strong><\/strong><br>Die Vilokan Group kann auf mehr als 30 Jahre Erfahrung bei der Innovation von Umwelttechnologien zur\u00fcckgreifen. Die Entwicklungsgesellschaft der Gruppe, Vilokan Recycling Tech, \u00fcbernahm bereits in den 1980er Jahren eine Pionierrolle bei der Lieferung von Aufbereitungs- und Recyclinganlagen f\u00fcr die skandinavische Fahrzeugindustrie. Tausende von Anlagen sp\u00e4ter ist Vilokan zu einer Unternehmensgruppe herangewachsen, deren Arbeitsfeld die ganze Welt umspannt. Im Mittelpunkt des Unternehmens steht nach wie vor die \u00dcberzeugung, dass erfolgreiche Umweltarbeit nur dann geleistet werden kann, wenn sie auch wirtschaftlich tragf\u00e4hig ist. Die Technologiepioniere von Vilokan sind auch heute noch mit Leidenschaft dabei und arbeiten im Gesch\u00e4ftsbereich Technology.<\/p>\n\n\n\n<p><strong><strong>Ganzheitliche L\u00f6sungen mit Inbetriebnahme und Finanzierung<\/strong><\/strong><br>In dem Ma\u00dfe, in dem wir die Kosten f\u00fcr die Abfallentsorgung unserer Kunden senken konnten und beim Recycling von Rohstoffen immer besser wurden, haben sich auch neue wirtschaftliche M\u00f6glichkeiten er\u00f6ffnet. Unsere Angebote f\u00fchren dazu, dass viele Kunden neben technischen L\u00f6sungen auch die Finanzierung, die Inbetriebnahme und die Beteiligung an Anlagen bei uns anfragen. Diese ganzheitlichen L\u00f6sungen werden vom Gesch\u00e4ftsfeld Solutions der Gruppe bereitgestellt.<\/p>\n\n\n\n<p><strong><strong>Zusammenarbeit bringt zus\u00e4tzlichen \u00f6kologischen und wirtschaftlichen Nutzen<\/strong><\/strong><br>Die Vilokan Group verzeichnet ein starkes Wachstum. Das bedeutet, dass auch immer gr\u00f6\u00dfere Mengen an aufbereitetem Wasser und recycelten Rohstoffen entstehen. Zun\u00e4chst werden sie in den Betrieb des Kunden zur\u00fcckgef\u00fchrt, um ein geschlossenes System zu schaffen. Ist dies jedoch nicht m\u00f6glich, entsteht ein \u00dcberschuss. Dann schlie\u00dfen wir den Kreislauf, indem wir in unserer chemischen Produktion, die im Gesch\u00e4ftsbereich Fluids untergebracht ist, recycelte Rohstoffe und aufbereitetes Wasser zu neuen Produkten verarbeiten.<\/p>\n\n\n\n<p><strong><strong><strong>Geschlossene Kreisl\u00e4ufe sind unser Ziel<\/strong><\/strong><\/strong><br>Wir sehen die Umwelttechnologie als Chance und proaktives Instrument, das die Unabh\u00e4ngigkeit und Wirtschaftlichkeit unserer Kunden erh\u00f6hen kann. Durch die Schaffung vollst\u00e4ndig geschlossener Systeme vermeiden sie Emissionen und sind vollst\u00e4ndig unabh\u00e4ngig von m\u00f6glichen k\u00fcnftigen staatlichen Beschr\u00e4nkungen. Au\u00dferdem herrscht an immer mehr Orten der Welt Wasserknappheit, und Unternehmen, die ihr Wasser wiederverwenden, haben ein Alleinstellungsmerkmal \u2013 sowohl aus finanzieller Sicht als auch als Mitglied der Gesellschaft.<\/p>\n\n\n\n<p>Die Vilokan Group verf\u00fcgt \u00fcber die Ressourcen und die Erfahrung, um mit globalen Unternehmen zusammenzuarbeiten. Wir bieten aber auch Logistikl\u00f6sungen an, die es sehr kleinen Akteuren erm\u00f6glichen, gr\u00f6\u00dfere Kapazit\u00e4ten gemeinsam zu nutzen. Wir sind \u00fcberzeugt, dass Umwelttechnologien und die Kreislaufwirtschaft die Zukunft f\u00fcr alle Unternehmen sind.<\/p>\n\n\n\n<p><strong><strong>Die Kreislaufwirtschaft ist die Zukunft<\/strong><\/strong><br>Durch eine wachsende Bev\u00f6lkerung und eine zunehmende Wirtschaftst\u00e4tigkeit verschwinden die Ressourcen der Erde in einem immer schnelleren Tempo. Wir brauchen eine nachhaltige Entwicklung und eine auf Wiederverwendung ausgerichtete Wirtschaft \u2013 eine Kreislaufwirtschaft. Immer mehr Unternehmen erkennen, dass Wirtschaftssysteme darauf ausgerichtet sein sollten, Ressourcen immer wieder zu verwenden. Die effiziente Verwendung von Ressourcen muss dabei der Wirtschaftlichkeit nicht entgegenstehen.<\/p>\n\n\n\n<p>Vilokan Group unterst\u00fctzt Kunden auf der ganzen Welt, Teil dieses wirtschaftlich tragf\u00e4higen Wandels zu werden. Die Vilokan Group sucht st\u00e4ndig nach neuen M\u00f6glichkeiten, Kreisl\u00e4ufe zu schlie\u00dfen. Daher befindet sich der Konzern auch in einem stetigen Wandel, sei es durch organisches Wachstum, \u00dcbernahmen oder Partnerschaften<\/p>\n\n\n\n<p><\/p>\n","protected":false},"excerpt":{"rendered":"<p>Eine Unternehmensgruppe mit den Schwerpunkten Umwelttechnologie, Wasseraufbereitung und RecyclingDie Vilokan Group kann auf mehr als 30 Jahre Erfahrung bei der Innovation von Umwelttechnologien zur\u00fcckgreifen. Die Entwicklungsgesellschaft der Gruppe, Vilokan Recycling Tech, \u00fcbernahm bereits in den 1980er Jahren eine Pionierrolle bei der Lieferung von Aufbereitungs- und Recyclinganlagen f\u00fcr die skandinavische Fahrzeugindustrie. Tausende von Anlagen sp\u00e4ter ist&#8230;<\/p>\n","protected":false},"author":1,"featured_media":1719,"parent":0,"menu_order":0,"comment_status":"closed","ping_status":"closed","template":"","meta":[],"acf":[],"yoast_head":"<!-- This site is optimized with the Yoast SEO plugin v20.2.1 - https:\/\/yoast.com\/wordpress\/plugins\/seo\/ -->\n<title>\u00dcber uns - Vilokan Group<\/title>\n<meta name=\"robots\" content=\"index, follow, max-snippet:-1, max-image-preview:large, max-video-preview:-1\" \/>\n<link rel=\"canonical\" href=\"https:\/\/vilokan.com\/de\/ueber-uns\/\" \/>\n<meta property=\"og:locale\" content=\"de_DE\" \/>\n<meta property=\"og:type\" content=\"article\" \/>\n<meta property=\"og:title\" content=\"\u00dcber uns - Vilokan Group\" \/>\n<meta property=\"og:description\" content=\"Eine Unternehmensgruppe mit den Schwerpunkten Umwelttechnologie, Wasseraufbereitung und RecyclingDie Vilokan Group kann auf mehr als 30 Jahre Erfahrung bei der Innovation von Umwelttechnologien zur\u00fcckgreifen. Die Entwicklungsgesellschaft der Gruppe, Vilokan Recycling Tech, \u00fcbernahm bereits in den 1980er Jahren eine Pionierrolle bei der Lieferung von Aufbereitungs- und Recyclinganlagen f\u00fcr die skandinavische Fahrzeugindustrie. Tausende von Anlagen sp\u00e4ter ist...\" \/>\n<meta property=\"og:url\" content=\"https:\/\/vilokan.com\/de\/ueber-uns\/\" \/>\n<meta property=\"og:site_name\" content=\"Vilokan Group\" \/>\n<meta property=\"article:modified_time\" content=\"2022-02-22T07:41:22+00:00\" \/>\n<meta property=\"og:image\" content=\"https:\/\/aromdekor.fra1.digitaloceanspaces.com\/vilokan\/public\/2022\/02\/vilokan-group-om-oss-1920x800-1.jpeg\" \/>\n\t<meta property=\"og:image:width\" content=\"1920\" \/>\n\t<meta property=\"og:image:height\" content=\"800\" \/>\n\t<meta property=\"og:image:type\" content=\"image\/jpeg\" \/>\n<meta name=\"twitter:card\" content=\"summary_large_image\" \/>\n<meta name=\"twitter:label1\" content=\"Est. reading time\" \/>\n\t<meta name=\"twitter:data1\" content=\"3 minutes\" \/>\n<script type=\"application\/ld+json\" class=\"yoast-schema-graph\">{\"@context\":\"https:\/\/schema.org\",\"@graph\":[{\"@type\":\"WebPage\",\"@id\":\"https:\/\/vilokan.com\/de\/ueber-uns\/\",\"url\":\"https:\/\/vilokan.com\/de\/ueber-uns\/\",\"name\":\"\u00dcber uns - Vilokan Group\",\"isPartOf\":{\"@id\":\"https:\/\/vilokan.com\/#website\"},\"datePublished\":\"2022-02-09T10:06:38+00:00\",\"dateModified\":\"2022-02-22T07:41:22+00:00\",\"breadcrumb\":{\"@id\":\"https:\/\/vilokan.com\/de\/ueber-uns\/#breadcrumb\"},\"inLanguage\":\"de-DE\",\"potentialAction\":[{\"@type\":\"ReadAction\",\"target\":[\"https:\/\/vilokan.com\/de\/ueber-uns\/\"]}]},{\"@type\":\"BreadcrumbList\",\"@id\":\"https:\/\/vilokan.com\/de\/ueber-uns\/#breadcrumb\",\"itemListElement\":[{\"@type\":\"ListItem\",\"position\":1,\"name\":\"Hem\",\"item\":\"https:\/\/vilokan.com\/de\/\"},{\"@type\":\"ListItem\",\"position\":2,\"name\":\"\u00dcber uns\"}]},{\"@type\":\"WebSite\",\"@id\":\"https:\/\/vilokan.com\/#website\",\"url\":\"https:\/\/vilokan.com\/\",\"name\":\"Vilokan Group\",\"description\":\"En till WordPress-webbplats\",\"potentialAction\":[{\"@type\":\"SearchAction\",\"target\":{\"@type\":\"EntryPoint\",\"urlTemplate\":\"https:\/\/vilokan.com\/?s={search_term_string}\"},\"query-input\":\"required name=search_term_string\"}],\"inLanguage\":\"de-DE\"}]}<\/script>\n<!-- \/ Yoast SEO plugin. -->","yoast_head_json":{"title":"\u00dcber uns - Vilokan Group","robots":{"index":"index","follow":"follow","max-snippet":"max-snippet:-1","max-image-preview":"max-image-preview:large","max-video-preview":"max-video-preview:-1"},"canonical":"https:\/\/vilokan.com\/de\/ueber-uns\/","og_locale":"de_DE","og_type":"article","og_title":"\u00dcber uns - Vilokan Group","og_description":"Eine Unternehmensgruppe mit den Schwerpunkten Umwelttechnologie, Wasseraufbereitung und RecyclingDie Vilokan Group kann auf mehr als 30 Jahre Erfahrung bei der Innovation von Umwelttechnologien zur\u00fcckgreifen. Die Entwicklungsgesellschaft der Gruppe, Vilokan Recycling Tech, \u00fcbernahm bereits in den 1980er Jahren eine Pionierrolle bei der Lieferung von Aufbereitungs- und Recyclinganlagen f\u00fcr die skandinavische Fahrzeugindustrie. Tausende von Anlagen sp\u00e4ter ist...","og_url":"https:\/\/vilokan.com\/de\/ueber-uns\/","og_site_name":"Vilokan Group","article_modified_time":"2022-02-22T07:41:22+00:00","og_image":[{"width":1920,"height":800,"url":"https:\/\/aromdekor.fra1.digitaloceanspaces.com\/vilokan\/public\/2022\/02\/vilokan-group-om-oss-1920x800-1.jpeg","type":"image\/jpeg"}],"twitter_card":"summary_large_image","twitter_misc":{"Est. reading time":"3 minutes"},"schema":{"@context":"https:\/\/schema.org","@graph":[{"@type":"WebPage","@id":"https:\/\/vilokan.com\/de\/ueber-uns\/","url":"https:\/\/vilokan.com\/de\/ueber-uns\/","name":"\u00dcber uns - Vilokan Group","isPartOf":{"@id":"https:\/\/vilokan.com\/#website"},"datePublished":"2022-02-09T10:06:38+00:00","dateModified":"2022-02-22T07:41:22+00:00","breadcrumb":{"@id":"https:\/\/vilokan.com\/de\/ueber-uns\/#breadcrumb"},"inLanguage":"de-DE","potentialAction":[{"@type":"ReadAction","target":["https:\/\/vilokan.com\/de\/ueber-uns\/"]}]},{"@type":"BreadcrumbList","@id":"https:\/\/vilokan.com\/de\/ueber-uns\/#breadcrumb","itemListElement":[{"@type":"ListItem","position":1,"name":"Hem","item":"https:\/\/vilokan.com\/de\/"},{"@type":"ListItem","position":2,"name":"\u00dcber uns"}]},{"@type":"WebSite","@id":"https:\/\/vilokan.com\/#website","url":"https:\/\/vilokan.com\/","name":"Vilokan Group","description":"En till WordPress-webbplats","potentialAction":[{"@type":"SearchAction","target":{"@type":"EntryPoint","urlTemplate":"https:\/\/vilokan.com\/?s={search_term_string}"},"query-input":"required name=search_term_string"}],"inLanguage":"de-DE"}]}},"_links":{"self":[{"href":"https:\/\/vilokan.com\/de\/wp-json\/wp\/v2\/pages\/1542"}],"collection":[{"href":"https:\/\/vilokan.com\/de\/wp-json\/wp\/v2\/pages"}],"about":[{"href":"https:\/\/vilokan.com\/de\/wp-json\/wp\/v2\/types\/page"}],"author":[{"embeddable":true,"href":"https:\/\/vilokan.com\/de\/wp-json\/wp\/v2\/users\/1"}],"replies":[{"embeddable":true,"href":"https:\/\/vilokan.com\/de\/wp-json\/wp\/v2\/comments?post=1542"}],"version-history":[{"count":3,"href":"https:\/\/vilokan.com\/de\/wp-json\/wp\/v2\/pages\/1542\/revisions"}],"predecessor-version":[{"id":1776,"href":"https:\/\/vilokan.com\/de\/wp-json\/wp\/v2\/pages\/1542\/revisions\/1776"}],"wp:featuredmedia":[{"embeddable":true,"href":"https:\/\/vilokan.com\/de\/wp-json\/wp\/v2\/media\/1719"}],"wp:attachment":[{"href":"https:\/\/vilokan.com\/de\/wp-json\/wp\/v2\/media?parent=1542"}],"curies":[{"name":"wp","href":"https:\/\/api.w.org\/{rel}","templated":true}]}}