{"id":1533,"date":"2022-02-09T11:10:04","date_gmt":"2022-02-09T10:10:04","guid":{"rendered":"https:\/\/vilokan.com\/?page_id=1533"},"modified":"2023-09-14T11:02:15","modified_gmt":"2023-09-14T09:02:15","slug":"geschaeftsbereiche","status":"publish","type":"page","link":"https:\/\/vilokan.com\/de\/geschaeftsbereiche\/","title":{"rendered":"Gesch\u00e4ftsbereiche"},"content":{"rendered":"\n<figure class=\"wp-block-image size-large\"><img decoding=\"async\" loading=\"lazy\" width=\"876\" height=\"725\" src=\"https:\/\/vilokan.com\/wp-content\/uploads\/2022\/02\/vilokan-group-diagramme-gescha\u0308ftsbereiche-875x725-1.jpg\" alt=\"\" class=\"wp-image-1778\" srcset=\"https:\/\/vilokan.com\/wp-content\/uploads\/2022\/02\/vilokan-group-diagramme-gescha\u0308ftsbereiche-875x725-1.jpg 876w, https:\/\/vilokan.com\/wp-content\/uploads\/2022\/02\/vilokan-group-diagramme-gescha\u0308ftsbereiche-875x725-1-300x248.jpg 300w, https:\/\/vilokan.com\/wp-content\/uploads\/2022\/02\/vilokan-group-diagramme-gescha\u0308ftsbereiche-875x725-1-768x636.jpg 768w\" sizes=\"(max-width: 876px) 100vw, 876px\" \/><\/figure>\n\n\n\n<div class=\"row\"><img decoding=\"async\" class=\"mr-3\" src=\"https:\/\/vilokan.com\/wp-content\/uploads\/2019\/11\/Group-391.png\" alt=\"\">\n<p class=\"d-flex align-items-center\" style=\"font-size:26px;\">Technology<\/p><\/div>\n\n\n\n<p><strong>Technische Entwicklung und Projektvertrieb von Aufbereitungs- und Recyclinganlagen<\/strong><\/p>\n\n\n\n<p>Seit 1987 bietet Vilokan Technology ma\u00dfgeschneiderte L\u00f6sungen f\u00fcr die Aufbereitung und das Recycling von Wasser und L\u00f6sungsmitteln f\u00fcr die Industrie und den \u00f6ffentlichen Sektor an. Tausende von Anlagen sind weltweit in Betrieb. Die Anlagen verbinden technologische Innovationen mit jahrelanger Erfahrung in der Planung, Inbetriebnahme und Wartung. Die Anlagen bestehen aus bew\u00e4hrten Standardkomponenten. Dies gew\u00e4hrleistet eine hohe Ausfallsicherheit und einen garantierten Zugang zu Ersatzteilen. Und es ist eine hervorragende M\u00f6glichkeit, Investitionen zukunftssicher zu gestalten.<\/p>\n\n\n\n<p>Die Unternehmen des Gesch\u00e4ftsbereichs Technology sind <a href=\"https:\/\/vilokan.com\/vrt\/en\/\" target=\"_blank\" rel=\"noreferrer noopener\">Vilokan Recycling Tech AB<\/a> und <a href=\"https:\/\/www.epcon.org\/\" target=\"_blank\" rel=\"noreferrer noopener\">EPCON Evaporation Technology AS<\/a>, die sich beide auf ma\u00dfgeschneiderte L\u00f6sungen konzentrieren. In einigen Branchen und Anwendungen sind die Aufgaben so umfangreich geworden, dass erweiterbare Modulsysteme entwickelt wurden. Diese Konzeptl\u00f6sungen sorgen f\u00fcr eine weitere Straffung des Prozesses und f\u00fcr Gr\u00f6\u00dfenvorteile beim Einkauf.\u00a0<\/p>\n\n\n\n<p>Immer mehr Kunden w\u00fcnschen sich Servicel\u00f6sungen, die die Inbetriebnahme und in einigen F\u00e4llen sogar die Finanzierung der gesamten Anlage umfassen. Manche Konzepte sind so gro\u00df geworden, dass sie eine eigene Organisation erfordern, so z.&nbsp;B. unsere Verarbeitung von Enteisungsmitteln auf Flugh\u00e4fen (ADF). F\u00fcr diese Zwecke hat die Vilokan Group den Gesch\u00e4ftsbereich Solutions gegr\u00fcndet.<\/p>\n\n\n\n<p>Unsere Experten sind st\u00e4ndig auf der Suche nach Rohstoffen, die aus Prozessfl\u00fcssigkeiten zur\u00fcckgewonnen werden k\u00f6nnen. Die Stoffe, die nicht in den Betrieb des Kunden zur\u00fcckgef\u00fchrt werden, k\u00f6nnen in der chemischen Produktion, die zum Gesch\u00e4ftsbereich Fluids der Vilokan Group geh\u00f6rt, zu neuen Produkten verarbeitet werden.<\/p>\n\n\n\n<div class=\"row\"><img decoding=\"async\" class=\"mr-3 mt-5\" src=\"https:\/\/vilokan.com\/wp-content\/uploads\/2019\/11\/Group-392.png\" alt=\"\"><p class=\"mt-5 d-flex align-items-center\" style=\"font-size:26px;\">Solutions<\/p><\/div>\n\n\n\n<p class=\"mt-3 mb-3\"><strong><strong>Komplette L\u00f6sungen mit Finanzierung, Beteiligung und Betrieb von Aufbereitungs- und Recyclinganlagen<\/strong><\/strong><\/p>\n\n\n\n<p>Steigende Rohstoffpreise machen das Recycling zunehmend wirtschaftlich tragf\u00e4hig. Dies hat zu wirtschaftlich interessanten Alternativen gef\u00fchrt, bei denen Vilokan neben technischen L\u00f6sungen auch die Finanzierung, den Betrieb und die Beteiligung an Anlagen anbieten kann. Das Hauptaugenmerk des Gesch\u00e4ftsbereichs Solutions richtet sich auf die Luftfahrtindustrie.<\/p>\n\n\n\n<p><a href=\"https:\/\/vilokan.com\/adf\/\">Vilokan ADF Solutions<\/a> unterst\u00fctzt Flugh\u00e4fen auf der ganzen Welt bei der Entsorgung von verwendeten Enteisungsmitteln, um die Umwelt zu schonen, das Wasser aufzubereiten und das Glykol zu recyceln. Wir m\u00f6chten den Kreislauf schlie\u00dfen und die Wirtschaftlichkeit mit einem vollst\u00e4ndigen Sortiment an Technologien und Dienstleistungen steigern.<\/p>\n\n\n\n<p>Durch ein fortschrittliches Verfahren gewinnt Vilokan ADF Solutions 99,9&nbsp;% reines Glykol aus verwendeten Enteisungsmitteln zur\u00fcck. Das bedeutet, dass das recycelte Glykol zu neuem Enteisungsmittel gemischt werden kann, das auf Flugh\u00e4fen oder als Bestandteil anderer glykolbasierter Produkte verwendet werden kann.<\/p>\n\n\n\n<p>Dank der Einnahmen aus dem Recycling von Glykol kann Vilokan ADF Solutions den Flughafenbetreibern sehr attraktive ganzheitliche L\u00f6sungen anbieten. Die L\u00f6sungen reichen dabei von der Planung und dem Entwurf bis zur Umsetzung und dem Betrieb der Anlage. Damit die Kunden nicht unn\u00f6tig Kapital binden m\u00fcssen, wird auch die Finanzierung angeboten.<\/p>\n\n\n\n<div class=\"row\"><img decoding=\"async\" class=\"mr-3 mt-5\" src=\"https:\/\/vilokan.com\/wp-content\/uploads\/2019\/11\/Group-393.png\" alt=\"\">\n<p class=\"mt-5 d-flex align-items-center\" style=\"font-size:26px;\">Fluids<\/p><\/div>\n\n\n\n<p class=\"mt-3 mb-3\"><strong><strong>Herstellung und Vertrieb von chemischen Produkten, Verwendung von recycelten Rohstoffen und aufbereitetem Wasser<\/strong><\/strong><\/p>\n\n\n\n<p>Das dritte Gesch\u00e4ftsfeld der Vilokan Group ist Fluids. Dazu geh\u00f6rt das Chemieunternehmen Arom-dekor Kemi, das einen v\u00f6llig eigenst\u00e4ndigen Kreislauf innerhalb des Konzerns erm\u00f6glicht. Hier k\u00f6nnen recycelte Rohstoffe und aufbereitetes Wasser aus den anderen Gesch\u00e4ftsbereichen des Konzerns zu neuen Produkten verarbeitet werden.<\/p>\n\n\n\n<p><a href=\"https:\/\/aromdekor.com\/\">Arom-dekor Kemi <\/a>ist ein f\u00fchrender Gesamtlieferant von AdBlue\u00ae und anderen Fahrzeugchemikalien f\u00fcr den skandinavischen Transportsektor. Das Unternehmen bietet auch ein ausgew\u00e4hltes Sortiment an Chemikalien f\u00fcr die Industrie und den Verbrauchermarkt an.<\/p>\n\n\n\n<p>Der gr\u00f6\u00dfte Teil der Produktion und Verpackung der Chemikalien findet in Skandinaviens modernstem Chemiewerk statt \u2013 unserer eigenen Fabrik. Durch die Kontrolle der gesamten Kette von der Produktion bis zur Verpackung und Lieferung kann Arom-dekor Kemi jederzeit eine gleichbleibend hohe Qualit\u00e4t garantieren.<\/p>\n\n\n\n<p>Ein gut ausgebautes Logistiknetz bietet den Kunden ma\u00dfgeschneiderte Vertriebsl\u00f6sungen, die oft auch das automatische Nachf\u00fcllen von AdBlue\u00ae umfassen. Mit unseren eigenen Lkw, Tankwagen und dem Einsatz verschiedener Tanks und Pumpstationen vor Ort beim Kunden k\u00f6nnen wir die bestm\u00f6gliche Wirtschaftlichkeit bei geringstm\u00f6glicher Umweltbelastung bieten.<\/p>\n\n\n\n<p>Die anderen Bereiche der Vilokan Group sind st\u00e4ndig auf der Suche nach neuen Synergien mit den wertvollen logistischen Kapazit\u00e4ten von Arom-dekor Kemi.<\/p>\n","protected":false},"excerpt":{"rendered":"<p>Technology Technische Entwicklung und Projektvertrieb von Aufbereitungs- und Recyclinganlagen Seit 1987 bietet Vilokan Technology ma\u00dfgeschneiderte L\u00f6sungen f\u00fcr die Aufbereitung und das Recycling von Wasser und L\u00f6sungsmitteln f\u00fcr die Industrie und den \u00f6ffentlichen Sektor an. Tausende von Anlagen sind weltweit in Betrieb. Die Anlagen verbinden technologische Innovationen mit jahrelanger Erfahrung in der Planung, Inbetriebnahme und Wartung&#8230;.<\/p>\n","protected":false},"author":1,"featured_media":2601,"parent":0,"menu_order":0,"comment_status":"closed","ping_status":"closed","template":"","meta":[],"acf":[],"yoast_head":"<!-- This site is optimized with the Yoast SEO plugin v20.2.1 - https:\/\/yoast.com\/wordpress\/plugins\/seo\/ -->\n<title>Gesch\u00e4ftsbereiche - Vilokan Group<\/title>\n<meta name=\"robots\" content=\"index, follow, max-snippet:-1, max-image-preview:large, max-video-preview:-1\" \/>\n<link rel=\"canonical\" href=\"https:\/\/vilokan.com\/de\/geschaeftsbereiche\/\" \/>\n<meta property=\"og:locale\" content=\"de_DE\" \/>\n<meta property=\"og:type\" content=\"article\" \/>\n<meta property=\"og:title\" content=\"Gesch\u00e4ftsbereiche - Vilokan Group\" \/>\n<meta property=\"og:description\" content=\"Technology Technische Entwicklung und Projektvertrieb von Aufbereitungs- und Recyclinganlagen Seit 1987 bietet Vilokan Technology ma\u00dfgeschneiderte L\u00f6sungen f\u00fcr die Aufbereitung und das Recycling von Wasser und L\u00f6sungsmitteln f\u00fcr die Industrie und den \u00f6ffentlichen Sektor an. Tausende von Anlagen sind weltweit in Betrieb. Die Anlagen verbinden technologische Innovationen mit jahrelanger Erfahrung in der Planung, Inbetriebnahme und Wartung....\" \/>\n<meta property=\"og:url\" content=\"https:\/\/vilokan.com\/de\/geschaeftsbereiche\/\" \/>\n<meta property=\"og:site_name\" content=\"Vilokan Group\" \/>\n<meta property=\"article:modified_time\" content=\"2023-09-14T09:02:15+00:00\" \/>\n<meta property=\"og:image\" content=\"https:\/\/vilokan.com\/wp-content\/uploads\/2023\/09\/thumbnail_image002.jpg\" \/>\n\t<meta property=\"og:image:width\" content=\"1920\" \/>\n\t<meta property=\"og:image:height\" content=\"1280\" \/>\n\t<meta property=\"og:image:type\" content=\"image\/jpeg\" \/>\n<meta name=\"twitter:card\" content=\"summary_large_image\" \/>\n<meta name=\"twitter:label1\" content=\"Est. reading time\" \/>\n\t<meta name=\"twitter:data1\" content=\"4 minutes\" \/>\n<script type=\"application\/ld+json\" class=\"yoast-schema-graph\">{\"@context\":\"https:\/\/schema.org\",\"@graph\":[{\"@type\":\"WebPage\",\"@id\":\"https:\/\/vilokan.com\/de\/geschaeftsbereiche\/\",\"url\":\"https:\/\/vilokan.com\/de\/geschaeftsbereiche\/\",\"name\":\"Gesch\u00e4ftsbereiche - Vilokan Group\",\"isPartOf\":{\"@id\":\"https:\/\/vilokan.com\/#website\"},\"datePublished\":\"2022-02-09T10:10:04+00:00\",\"dateModified\":\"2023-09-14T09:02:15+00:00\",\"breadcrumb\":{\"@id\":\"https:\/\/vilokan.com\/de\/geschaeftsbereiche\/#breadcrumb\"},\"inLanguage\":\"de-DE\",\"potentialAction\":[{\"@type\":\"ReadAction\",\"target\":[\"https:\/\/vilokan.com\/de\/geschaeftsbereiche\/\"]}]},{\"@type\":\"BreadcrumbList\",\"@id\":\"https:\/\/vilokan.com\/de\/geschaeftsbereiche\/#breadcrumb\",\"itemListElement\":[{\"@type\":\"ListItem\",\"position\":1,\"name\":\"Hem\",\"item\":\"https:\/\/vilokan.com\/de\/\"},{\"@type\":\"ListItem\",\"position\":2,\"name\":\"Gesch\u00e4ftsbereiche\"}]},{\"@type\":\"WebSite\",\"@id\":\"https:\/\/vilokan.com\/#website\",\"url\":\"https:\/\/vilokan.com\/\",\"name\":\"Vilokan Group\",\"description\":\"En till WordPress-webbplats\",\"potentialAction\":[{\"@type\":\"SearchAction\",\"target\":{\"@type\":\"EntryPoint\",\"urlTemplate\":\"https:\/\/vilokan.com\/?s={search_term_string}\"},\"query-input\":\"required name=search_term_string\"}],\"inLanguage\":\"de-DE\"}]}<\/script>\n<!-- \/ Yoast SEO plugin. -->","yoast_head_json":{"title":"Gesch\u00e4ftsbereiche - Vilokan Group","robots":{"index":"index","follow":"follow","max-snippet":"max-snippet:-1","max-image-preview":"max-image-preview:large","max-video-preview":"max-video-preview:-1"},"canonical":"https:\/\/vilokan.com\/de\/geschaeftsbereiche\/","og_locale":"de_DE","og_type":"article","og_title":"Gesch\u00e4ftsbereiche - Vilokan Group","og_description":"Technology Technische Entwicklung und Projektvertrieb von Aufbereitungs- und Recyclinganlagen Seit 1987 bietet Vilokan Technology ma\u00dfgeschneiderte L\u00f6sungen f\u00fcr die Aufbereitung und das Recycling von Wasser und L\u00f6sungsmitteln f\u00fcr die Industrie und den \u00f6ffentlichen Sektor an. Tausende von Anlagen sind weltweit in Betrieb. Die Anlagen verbinden technologische Innovationen mit jahrelanger Erfahrung in der Planung, Inbetriebnahme und Wartung....","og_url":"https:\/\/vilokan.com\/de\/geschaeftsbereiche\/","og_site_name":"Vilokan Group","article_modified_time":"2023-09-14T09:02:15+00:00","og_image":[{"width":1920,"height":1280,"url":"https:\/\/vilokan.com\/wp-content\/uploads\/2023\/09\/thumbnail_image002.jpg","type":"image\/jpeg"}],"twitter_card":"summary_large_image","twitter_misc":{"Est. reading time":"4 minutes"},"schema":{"@context":"https:\/\/schema.org","@graph":[{"@type":"WebPage","@id":"https:\/\/vilokan.com\/de\/geschaeftsbereiche\/","url":"https:\/\/vilokan.com\/de\/geschaeftsbereiche\/","name":"Gesch\u00e4ftsbereiche - Vilokan Group","isPartOf":{"@id":"https:\/\/vilokan.com\/#website"},"datePublished":"2022-02-09T10:10:04+00:00","dateModified":"2023-09-14T09:02:15+00:00","breadcrumb":{"@id":"https:\/\/vilokan.com\/de\/geschaeftsbereiche\/#breadcrumb"},"inLanguage":"de-DE","potentialAction":[{"@type":"ReadAction","target":["https:\/\/vilokan.com\/de\/geschaeftsbereiche\/"]}]},{"@type":"BreadcrumbList","@id":"https:\/\/vilokan.com\/de\/geschaeftsbereiche\/#breadcrumb","itemListElement":[{"@type":"ListItem","position":1,"name":"Hem","item":"https:\/\/vilokan.com\/de\/"},{"@type":"ListItem","position":2,"name":"Gesch\u00e4ftsbereiche"}]},{"@type":"WebSite","@id":"https:\/\/vilokan.com\/#website","url":"https:\/\/vilokan.com\/","name":"Vilokan Group","description":"En till WordPress-webbplats","potentialAction":[{"@type":"SearchAction","target":{"@type":"EntryPoint","urlTemplate":"https:\/\/vilokan.com\/?s={search_term_string}"},"query-input":"required name=search_term_string"}],"inLanguage":"de-DE"}]}},"_links":{"self":[{"href":"https:\/\/vilokan.com\/de\/wp-json\/wp\/v2\/pages\/1533"}],"collection":[{"href":"https:\/\/vilokan.com\/de\/wp-json\/wp\/v2\/pages"}],"about":[{"href":"https:\/\/vilokan.com\/de\/wp-json\/wp\/v2\/types\/page"}],"author":[{"embeddable":true,"href":"https:\/\/vilokan.com\/de\/wp-json\/wp\/v2\/users\/1"}],"replies":[{"embeddable":true,"href":"https:\/\/vilokan.com\/de\/wp-json\/wp\/v2\/comments?post=1533"}],"version-history":[{"count":8,"href":"https:\/\/vilokan.com\/de\/wp-json\/wp\/v2\/pages\/1533\/revisions"}],"predecessor-version":[{"id":2715,"href":"https:\/\/vilokan.com\/de\/wp-json\/wp\/v2\/pages\/1533\/revisions\/2715"}],"wp:featuredmedia":[{"embeddable":true,"href":"https:\/\/vilokan.com\/de\/wp-json\/wp\/v2\/media\/2601"}],"wp:attachment":[{"href":"https:\/\/vilokan.com\/de\/wp-json\/wp\/v2\/media?parent=1533"}],"curies":[{"name":"wp","href":"https:\/\/api.w.org\/{rel}","templated":true}]}}