{"id":996,"date":"2018-06-12T12:38:41","date_gmt":"2018-06-12T12:38:41","guid":{"rendered":"http:\/\/vilokan.test\/?page_id=996"},"modified":"2021-03-01T10:08:23","modified_gmt":"2021-03-01T10:08:23","slug":"references","status":"publish","type":"page","link":"https:\/\/vilokan.com\/adf\/references\/","title":{"rendered":"References"},"content":{"rendered":"<h2 class=\"p1\"><span class=\"s1\">Airports that use technological solutions and services from Vilokan ADF Solutions:<\/span><\/h2>\n<ul class=\"ul1\">\n<li class=\"li1\"><span class=\"s2\">Stockholm\u00a0Skavsta Airport (NYO)<\/span><\/li>\n<li class=\"li1\"><span class=\"s2\">Stockholm-Arlanda\u00a0Airport (ARN)<\/span><\/li>\n<li class=\"li1\"><span class=\"s2\">G\u00f6teborg-Landvetter\u00a0Airport (GOT)<\/span><\/li>\n<li class=\"li1\"><span class=\"s2\">Stockholm-Bromma Airport (BMA)<\/span><\/li>\n<li class=\"li1\"><span class=\"s2\">Malm\u00f6 Airport\u00a0(Sturup) (MMX)<\/span><\/li>\n<li class=\"li1\"><span class=\"s2\">Lule\u00e5 Airport\u00a0(Kallax) (LLA)<\/span><\/li>\n<li class=\"li1\"><span class=\"s2\">Ume\u00e5 Airport (UME)<\/span><\/li>\n<li class=\"li1\"><span class=\"s2\">\u00c5re \u00d6stersund Airport\u00a0(Fr\u00f6s\u00f6n) (OSD)<\/span><\/li>\n<li class=\"li1\"><span class=\"s2\">Visby Airport (VBY)<\/span><\/li>\n<li class=\"li1\"><span class=\"s2\">Kiruna Airport (KRN)<\/span><\/li>\n<li class=\"li1\"><span class=\"s2\">Ronneby Airport (RNB)<\/span><\/li>\n<\/ul>\n<h2>Airports where Vilokan ADF Solutions has supplied equipment:<\/h2>\n<ul>\n<li class=\"li1\">Montreal Montr\u00e9al-Pierre Elliott Trudeau\u00a0airport\u00a0(YUL)<\/li>\n<li class=\"li1\">Ottawa\u00a0International Airport (YOW)<\/li>\n<li class=\"li1\">Oslo\u00a0airport, Gardermoen (OSL)<\/li>\n<li>Cleveland Hopkins International Airport (CLE)<\/li>\n<\/ul>\n","protected":false},"excerpt":{"rendered":"<p>Airports that use technological solutions and services from Vilokan ADF Solutions: Stockholm\u00a0Skavsta Airport (NYO) Stockholm-Arlanda\u00a0Airport (ARN) G\u00f6teborg-Landvetter\u00a0Airport (GOT) Stockholm-Bromma Airport (BMA) Malm\u00f6 Airport\u00a0(Sturup) (MMX) Lule\u00e5 Airport\u00a0(Kallax) (LLA) Ume\u00e5 Airport (UME) \u00c5re \u00d6stersund Airport\u00a0(Fr\u00f6s\u00f6n) (OSD) Visby Airport (VBY) Kiruna Airport (KRN) Ronneby Airport (RNB) Airports where Vilokan ADF Solutions has supplied equipment: Montreal Montr\u00e9al-Pierre Elliott Trudeau\u00a0airport\u00a0(YUL)&#8230;<\/p>\n","protected":false},"author":1,"featured_media":1054,"parent":0,"menu_order":0,"comment_status":"closed","ping_status":"closed","template":"page-references.php","meta":[],"acf":[],"yoast_head":"<!-- This site is optimized with the Yoast SEO plugin v20.2.1 - https:\/\/yoast.com\/wordpress\/plugins\/seo\/ -->\n<title>References - Vilokan ADF<\/title>\n<meta name=\"robots\" content=\"index, follow, max-snippet:-1, max-image-preview:large, max-video-preview:-1\" \/>\n<link rel=\"canonical\" href=\"https:\/\/vilokan.com\/adf\/references\/\" \/>\n<meta property=\"og:locale\" content=\"en_US\" \/>\n<meta property=\"og:type\" content=\"article\" \/>\n<meta property=\"og:title\" content=\"References - Vilokan ADF\" \/>\n<meta property=\"og:description\" content=\"Airports that use technological solutions and services from Vilokan ADF Solutions: Stockholm\u00a0Skavsta Airport (NYO) Stockholm-Arlanda\u00a0Airport (ARN) G\u00f6teborg-Landvetter\u00a0Airport (GOT) Stockholm-Bromma Airport (BMA) Malm\u00f6 Airport\u00a0(Sturup) (MMX) Lule\u00e5 Airport\u00a0(Kallax) (LLA) Ume\u00e5 Airport (UME) \u00c5re \u00d6stersund Airport\u00a0(Fr\u00f6s\u00f6n) (OSD) Visby Airport (VBY) Kiruna Airport (KRN) Ronneby Airport (RNB) Airports where Vilokan ADF Solutions has supplied equipment: Montreal Montr\u00e9al-Pierre Elliott Trudeau\u00a0airport\u00a0(YUL)...\" \/>\n<meta property=\"og:url\" content=\"https:\/\/vilokan.com\/adf\/references\/\" \/>\n<meta property=\"og:site_name\" content=\"Vilokan ADF\" \/>\n<meta property=\"article:modified_time\" content=\"2021-03-01T10:08:23+00:00\" \/>\n<meta property=\"og:image\" content=\"https:\/\/aromdekor.fra1.digitaloceanspaces.com\/vilokan\/public\/sites\/3\/2018\/06\/brandon-holmes-199529-unsplash.jpg\" \/>\n\t<meta property=\"og:image:width\" content=\"1920\" \/>\n\t<meta property=\"og:image:height\" content=\"745\" \/>\n\t<meta property=\"og:image:type\" content=\"image\/jpeg\" \/>\n<meta name=\"twitter:card\" content=\"summary_large_image\" \/>\n<script type=\"application\/ld+json\" class=\"yoast-schema-graph\">{\"@context\":\"https:\/\/schema.org\",\"@graph\":[{\"@type\":\"WebPage\",\"@id\":\"https:\/\/vilokan.com\/adf\/references\/\",\"url\":\"https:\/\/vilokan.com\/adf\/references\/\",\"name\":\"References - Vilokan ADF\",\"isPartOf\":{\"@id\":\"https:\/\/vilokan.com\/adf\/#website\"},\"datePublished\":\"2018-06-12T12:38:41+00:00\",\"dateModified\":\"2021-03-01T10:08:23+00:00\",\"breadcrumb\":{\"@id\":\"https:\/\/vilokan.com\/adf\/references\/#breadcrumb\"},\"inLanguage\":\"en-US\",\"potentialAction\":[{\"@type\":\"ReadAction\",\"target\":[\"https:\/\/vilokan.com\/adf\/references\/\"]}]},{\"@type\":\"BreadcrumbList\",\"@id\":\"https:\/\/vilokan.com\/adf\/references\/#breadcrumb\",\"itemListElement\":[{\"@type\":\"ListItem\",\"position\":1,\"name\":\"Home\",\"item\":\"https:\/\/vilokan.com\/adf\/\"},{\"@type\":\"ListItem\",\"position\":2,\"name\":\"References\"}]},{\"@type\":\"WebSite\",\"@id\":\"https:\/\/vilokan.com\/adf\/#website\",\"url\":\"https:\/\/vilokan.com\/adf\/\",\"name\":\"Vilokan ADF\",\"description\":\"Vilokan ADF Solutions let airports recycle spent ADF to recover glycol and handle by-products in a profitable and environmentally sound way.\",\"potentialAction\":[{\"@type\":\"SearchAction\",\"target\":{\"@type\":\"EntryPoint\",\"urlTemplate\":\"https:\/\/vilokan.com\/adf\/?s={search_term_string}\"},\"query-input\":\"required name=search_term_string\"}],\"inLanguage\":\"en-US\"}]}<\/script>\n<!-- \/ Yoast SEO plugin. -->","yoast_head_json":{"title":"References - Vilokan ADF","robots":{"index":"index","follow":"follow","max-snippet":"max-snippet:-1","max-image-preview":"max-image-preview:large","max-video-preview":"max-video-preview:-1"},"canonical":"https:\/\/vilokan.com\/adf\/references\/","og_locale":"en_US","og_type":"article","og_title":"References - Vilokan ADF","og_description":"Airports that use technological solutions and services from Vilokan ADF Solutions: Stockholm\u00a0Skavsta Airport (NYO) Stockholm-Arlanda\u00a0Airport (ARN) G\u00f6teborg-Landvetter\u00a0Airport (GOT) Stockholm-Bromma Airport (BMA) Malm\u00f6 Airport\u00a0(Sturup) (MMX) Lule\u00e5 Airport\u00a0(Kallax) (LLA) Ume\u00e5 Airport (UME) \u00c5re \u00d6stersund Airport\u00a0(Fr\u00f6s\u00f6n) (OSD) Visby Airport (VBY) Kiruna Airport (KRN) Ronneby Airport (RNB) Airports where Vilokan ADF Solutions has supplied equipment: Montreal Montr\u00e9al-Pierre Elliott Trudeau\u00a0airport\u00a0(YUL)...","og_url":"https:\/\/vilokan.com\/adf\/references\/","og_site_name":"Vilokan ADF","article_modified_time":"2021-03-01T10:08:23+00:00","og_image":[{"width":1920,"height":745,"url":"https:\/\/aromdekor.fra1.digitaloceanspaces.com\/vilokan\/public\/sites\/3\/2018\/06\/brandon-holmes-199529-unsplash.jpg","type":"image\/jpeg"}],"twitter_card":"summary_large_image","schema":{"@context":"https:\/\/schema.org","@graph":[{"@type":"WebPage","@id":"https:\/\/vilokan.com\/adf\/references\/","url":"https:\/\/vilokan.com\/adf\/references\/","name":"References - Vilokan ADF","isPartOf":{"@id":"https:\/\/vilokan.com\/adf\/#website"},"datePublished":"2018-06-12T12:38:41+00:00","dateModified":"2021-03-01T10:08:23+00:00","breadcrumb":{"@id":"https:\/\/vilokan.com\/adf\/references\/#breadcrumb"},"inLanguage":"en-US","potentialAction":[{"@type":"ReadAction","target":["https:\/\/vilokan.com\/adf\/references\/"]}]},{"@type":"BreadcrumbList","@id":"https:\/\/vilokan.com\/adf\/references\/#breadcrumb","itemListElement":[{"@type":"ListItem","position":1,"name":"Home","item":"https:\/\/vilokan.com\/adf\/"},{"@type":"ListItem","position":2,"name":"References"}]},{"@type":"WebSite","@id":"https:\/\/vilokan.com\/adf\/#website","url":"https:\/\/vilokan.com\/adf\/","name":"Vilokan ADF","description":"Vilokan ADF Solutions let airports recycle spent ADF to recover glycol and handle by-products in a profitable and environmentally sound way.","potentialAction":[{"@type":"SearchAction","target":{"@type":"EntryPoint","urlTemplate":"https:\/\/vilokan.com\/adf\/?s={search_term_string}"},"query-input":"required name=search_term_string"}],"inLanguage":"en-US"}]}},"_links":{"self":[{"href":"https:\/\/vilokan.com\/adf\/wp-json\/wp\/v2\/pages\/996"}],"collection":[{"href":"https:\/\/vilokan.com\/adf\/wp-json\/wp\/v2\/pages"}],"about":[{"href":"https:\/\/vilokan.com\/adf\/wp-json\/wp\/v2\/types\/page"}],"author":[{"embeddable":true,"href":"https:\/\/vilokan.com\/adf\/wp-json\/wp\/v2\/users\/1"}],"replies":[{"embeddable":true,"href":"https:\/\/vilokan.com\/adf\/wp-json\/wp\/v2\/comments?post=996"}],"version-history":[{"count":2,"href":"https:\/\/vilokan.com\/adf\/wp-json\/wp\/v2\/pages\/996\/revisions"}],"predecessor-version":[{"id":1903,"href":"https:\/\/vilokan.com\/adf\/wp-json\/wp\/v2\/pages\/996\/revisions\/1903"}],"wp:featuredmedia":[{"embeddable":true,"href":"https:\/\/vilokan.com\/adf\/wp-json\/wp\/v2\/media\/1054"}],"wp:attachment":[{"href":"https:\/\/vilokan.com\/adf\/wp-json\/wp\/v2\/media?parent=996"}],"curies":[{"name":"wp","href":"https:\/\/api.w.org\/{rel}","templated":true}]}}