{"id":2081,"date":"2023-06-19T16:27:46","date_gmt":"2023-06-19T16:27:46","guid":{"rendered":"https:\/\/vilokan.com\/adf\/?page_id=2081"},"modified":"2026-04-21T09:08:03","modified_gmt":"2026-04-21T09:08:03","slug":"hallbarhet-for-oss","status":"publish","type":"page","link":"https:\/\/vilokan.com\/adf\/sv\/hallbarhet-for-oss\/","title":{"rendered":"H\u00e5llbarhet f\u00f6r oss"},"content":{"rendered":"\n<p><strong>V\u00e5rt arbete f\u00f6r en ren framtid&nbsp;<\/strong><\/p>\n\n\n\n<p>Vilokans aff\u00e4rsid\u00e9 har alltid varit enkel. V\u00e5rt m\u00e5l \u00e4r att m\u00f6jligg\u00f6ra \u00e5teranv\u00e4ndning av r\u00e5varor och ge dem s\u00e5 l\u00e5ng livsl\u00e4ngd som m\u00f6jligt. P\u00e5 s\u00e5 vis sparar vi jordens resurser samtidigt som v\u00e5ra koncept \u00e4r ekonomiskt h\u00e5llbara. Allra helst vill vi skapa dessa h\u00e5llbara l\u00f6sningar tillsammans med andra som liksom vi har best\u00e4mt sig f\u00f6r att m\u00f6jligg\u00f6ra en ren framtid.&nbsp;<\/p>\n\n\n\n<figure class=\"wp-block-image size-large is-resized\"><img decoding=\"async\" loading=\"lazy\" src=\"https:\/\/vilokan.com\/adf\/wp-content\/uploads\/sites\/3\/2026\/04\/gubbe-med-vaxt-kopia-1024x578.png\" alt=\"\" class=\"wp-image-2171\" width=\"500\" height=\"282\" srcset=\"https:\/\/vilokan.com\/adf\/wp-content\/uploads\/sites\/3\/2026\/04\/gubbe-med-vaxt-kopia-1024x578.png 1024w, https:\/\/vilokan.com\/adf\/wp-content\/uploads\/sites\/3\/2026\/04\/gubbe-med-vaxt-kopia-300x169.png 300w, https:\/\/vilokan.com\/adf\/wp-content\/uploads\/sites\/3\/2026\/04\/gubbe-med-vaxt-kopia-768x434.png 768w, https:\/\/vilokan.com\/adf\/wp-content\/uploads\/sites\/3\/2026\/04\/gubbe-med-vaxt-kopia-1536x867.png 1536w, https:\/\/vilokan.com\/adf\/wp-content\/uploads\/sites\/3\/2026\/04\/gubbe-med-vaxt-kopia-2048x1156.png 2048w\" sizes=\"(max-width: 500px) 100vw, 500px\" \/><\/figure>\n\n\n\n<p>V\u00e5r aff\u00e4r \u00e4r att samla in, \u00e5tervinna och \u00e5teranv\u00e4nda den avisningsv\u00e4tska som flygplatser anv\u00e4nder vilket betyder att h\u00e5llbarhet st\u00e5r i centrum av v\u00e5r verksamhet. Vi arbetar dagligen med minska m\u00e4ngden skadliga kemikalier som potentiellt skulle kunna hamna i naturen och med hj\u00e4lp av v\u00e5r teknik kan resurser f\u00e5r ett l\u00e4ngre liv. <\/p>\n\n\n\n<p>De viktigaste styrdokumenten i v\u00e5rt h\u00e5llbarhetsarbete \u00e4r H\u00e5llbarhetsrapporten och v\u00e5r Kvalitet- och milj\u00f6policy. De ger oss en tydlig v\u00e4g fram\u00e5t och bidrar till transparens i v\u00e5r verksamhet. <\/p>\n\n\n\n<div class=\"wp-block-columns is-layout-flex wp-container-3\">\n<div class=\"wp-block-column is-layout-flow\">\n<div class=\"wp-block-file\"><object class=\"wp-block-file__embed\" data=\"https:\/\/vilokan.com\/adf\/wp-content\/uploads\/sites\/3\/2026\/04\/Hallbarhetsrapport_Vilokan_Group.pdf\" type=\"application\/pdf\" style=\"width:100%;height:530px\" aria-label=\"Inb\u00e4ddning av Hallbarhetsrapport_Vilokan_Group.\"><\/object><a id=\"wp-block-file--media-dc7b0626-f4e6-4a4c-8f20-520f0cbb107a\" href=\"https:\/\/vilokan.com\/adf\/wp-content\/uploads\/sites\/3\/2026\/04\/Hallbarhetsrapport_Vilokan_Group.pdf\">Hallbarhetsrapport_Vilokan_Group<\/a><a href=\"https:\/\/vilokan.com\/adf\/wp-content\/uploads\/sites\/3\/2026\/04\/Hallbarhetsrapport_Vilokan_Group.pdf\" class=\"wp-block-file__button wp-element-button\" download aria-describedby=\"wp-block-file--media-dc7b0626-f4e6-4a4c-8f20-520f0cbb107a\">Ladda ner<\/a><\/div>\n<\/div>\n\n\n\n<div class=\"wp-block-column is-layout-flow\">\n<div class=\"wp-block-file\"><object class=\"wp-block-file__embed\" data=\"https:\/\/vilokan.com\/adf\/wp-content\/uploads\/sites\/3\/2026\/04\/Kvalitets-och-miljopolicy-ADF.pdf\" type=\"application\/pdf\" style=\"width:100%;height:530px\" aria-label=\"Inb\u00e4ddning av Kvalitets-och-miljopolicy-ADF.\"><\/object><a id=\"wp-block-file--media-62cc563d-fe64-433d-90a0-3ae265a8f5a3\" href=\"https:\/\/vilokan.com\/adf\/wp-content\/uploads\/sites\/3\/2026\/04\/Kvalitets-och-miljopolicy-ADF.pdf\">Kvalitets-och-miljopolicy-ADF<\/a><a href=\"https:\/\/vilokan.com\/adf\/wp-content\/uploads\/sites\/3\/2026\/04\/Kvalitets-och-miljopolicy-ADF.pdf\" class=\"wp-block-file__button wp-element-button\" download aria-describedby=\"wp-block-file--media-62cc563d-fe64-433d-90a0-3ae265a8f5a3\">Ladda ner<\/a><\/div>\n<\/div>\n<\/div>\n","protected":false},"excerpt":{"rendered":"<p>V\u00e5rt arbete f\u00f6r en ren framtid&nbsp; Vilokans aff\u00e4rsid\u00e9 har alltid varit enkel. V\u00e5rt m\u00e5l \u00e4r att m\u00f6jligg\u00f6ra \u00e5teranv\u00e4ndning av r\u00e5varor och ge dem s\u00e5 l\u00e5ng livsl\u00e4ngd som m\u00f6jligt. P\u00e5 s\u00e5 vis sparar vi jordens resurser samtidigt som v\u00e5ra koncept \u00e4r ekonomiskt h\u00e5llbara. Allra helst vill vi skapa dessa h\u00e5llbara l\u00f6sningar tillsammans med andra som liksom&#8230;<\/p>\n","protected":false},"author":1,"featured_media":2181,"parent":0,"menu_order":0,"comment_status":"closed","ping_status":"closed","template":"","meta":[],"acf":[],"yoast_head":"<!-- This site is optimized with the Yoast SEO plugin v20.2.1 - https:\/\/yoast.com\/wordpress\/plugins\/seo\/ -->\n<title>H\u00e5llbarhet f\u00f6r oss - Vilokan ADF<\/title>\n<meta name=\"robots\" content=\"index, follow, max-snippet:-1, max-image-preview:large, max-video-preview:-1\" \/>\n<link rel=\"canonical\" href=\"https:\/\/vilokan.com\/adf\/sv\/hallbarhet-for-oss\/\" \/>\n<meta property=\"og:locale\" content=\"sv_SE\" \/>\n<meta property=\"og:type\" content=\"article\" \/>\n<meta property=\"og:title\" content=\"H\u00e5llbarhet f\u00f6r oss - Vilokan ADF\" \/>\n<meta property=\"og:description\" content=\"V\u00e5rt arbete f\u00f6r en ren framtid&nbsp; Vilokans aff\u00e4rsid\u00e9 har alltid varit enkel. V\u00e5rt m\u00e5l \u00e4r att m\u00f6jligg\u00f6ra \u00e5teranv\u00e4ndning av r\u00e5varor och ge dem s\u00e5 l\u00e5ng livsl\u00e4ngd som m\u00f6jligt. P\u00e5 s\u00e5 vis sparar vi jordens resurser samtidigt som v\u00e5ra koncept \u00e4r ekonomiskt h\u00e5llbara. Allra helst vill vi skapa dessa h\u00e5llbara l\u00f6sningar tillsammans med andra som liksom...\" \/>\n<meta property=\"og:url\" content=\"https:\/\/vilokan.com\/adf\/sv\/hallbarhet-for-oss\/\" \/>\n<meta property=\"og:site_name\" content=\"Vilokan ADF\" \/>\n<meta property=\"article:modified_time\" content=\"2026-04-21T09:08:03+00:00\" \/>\n<meta property=\"og:image\" content=\"https:\/\/vilokan.com\/adf\/wp-content\/uploads\/sites\/3\/2026\/04\/Inititativ-21-scaled.jpg\" \/>\n\t<meta property=\"og:image:width\" content=\"2560\" \/>\n\t<meta property=\"og:image:height\" content=\"939\" \/>\n\t<meta property=\"og:image:type\" content=\"image\/jpeg\" \/>\n<meta name=\"twitter:card\" content=\"summary_large_image\" \/>\n<meta name=\"twitter:label1\" content=\"Est. reading time\" \/>\n\t<meta name=\"twitter:data1\" content=\"1 minut\" \/>\n<script type=\"application\/ld+json\" class=\"yoast-schema-graph\">{\"@context\":\"https:\/\/schema.org\",\"@graph\":[{\"@type\":\"WebPage\",\"@id\":\"https:\/\/vilokan.com\/adf\/sv\/hallbarhet-for-oss\/\",\"url\":\"https:\/\/vilokan.com\/adf\/sv\/hallbarhet-for-oss\/\",\"name\":\"H\u00e5llbarhet f\u00f6r oss - Vilokan ADF\",\"isPartOf\":{\"@id\":\"https:\/\/vilokan.com\/adf\/#website\"},\"datePublished\":\"2023-06-19T16:27:46+00:00\",\"dateModified\":\"2026-04-21T09:08:03+00:00\",\"breadcrumb\":{\"@id\":\"https:\/\/vilokan.com\/adf\/sv\/hallbarhet-for-oss\/#breadcrumb\"},\"inLanguage\":\"sv-SE\",\"potentialAction\":[{\"@type\":\"ReadAction\",\"target\":[\"https:\/\/vilokan.com\/adf\/sv\/hallbarhet-for-oss\/\"]}]},{\"@type\":\"BreadcrumbList\",\"@id\":\"https:\/\/vilokan.com\/adf\/sv\/hallbarhet-for-oss\/#breadcrumb\",\"itemListElement\":[{\"@type\":\"ListItem\",\"position\":1,\"name\":\"Home\",\"item\":\"https:\/\/vilokan.com\/adf\/sv\/\"},{\"@type\":\"ListItem\",\"position\":2,\"name\":\"H\u00e5llbarhet f\u00f6r oss\"}]},{\"@type\":\"WebSite\",\"@id\":\"https:\/\/vilokan.com\/adf\/#website\",\"url\":\"https:\/\/vilokan.com\/adf\/\",\"name\":\"Vilokan ADF\",\"description\":\"Vilokan ADF Solutions let airports recycle spent ADF to recover glycol and handle by-products in a profitable and environmentally sound way.\",\"potentialAction\":[{\"@type\":\"SearchAction\",\"target\":{\"@type\":\"EntryPoint\",\"urlTemplate\":\"https:\/\/vilokan.com\/adf\/?s={search_term_string}\"},\"query-input\":\"required name=search_term_string\"}],\"inLanguage\":\"sv-SE\"}]}<\/script>\n<!-- \/ Yoast SEO plugin. -->","yoast_head_json":{"title":"H\u00e5llbarhet f\u00f6r oss - Vilokan ADF","robots":{"index":"index","follow":"follow","max-snippet":"max-snippet:-1","max-image-preview":"max-image-preview:large","max-video-preview":"max-video-preview:-1"},"canonical":"https:\/\/vilokan.com\/adf\/sv\/hallbarhet-for-oss\/","og_locale":"sv_SE","og_type":"article","og_title":"H\u00e5llbarhet f\u00f6r oss - Vilokan ADF","og_description":"V\u00e5rt arbete f\u00f6r en ren framtid&nbsp; Vilokans aff\u00e4rsid\u00e9 har alltid varit enkel. V\u00e5rt m\u00e5l \u00e4r att m\u00f6jligg\u00f6ra \u00e5teranv\u00e4ndning av r\u00e5varor och ge dem s\u00e5 l\u00e5ng livsl\u00e4ngd som m\u00f6jligt. P\u00e5 s\u00e5 vis sparar vi jordens resurser samtidigt som v\u00e5ra koncept \u00e4r ekonomiskt h\u00e5llbara. Allra helst vill vi skapa dessa h\u00e5llbara l\u00f6sningar tillsammans med andra som liksom...","og_url":"https:\/\/vilokan.com\/adf\/sv\/hallbarhet-for-oss\/","og_site_name":"Vilokan ADF","article_modified_time":"2026-04-21T09:08:03+00:00","og_image":[{"width":2560,"height":939,"url":"https:\/\/vilokan.com\/adf\/wp-content\/uploads\/sites\/3\/2026\/04\/Inititativ-21-scaled.jpg","type":"image\/jpeg"}],"twitter_card":"summary_large_image","twitter_misc":{"Est. reading time":"1 minut"},"schema":{"@context":"https:\/\/schema.org","@graph":[{"@type":"WebPage","@id":"https:\/\/vilokan.com\/adf\/sv\/hallbarhet-for-oss\/","url":"https:\/\/vilokan.com\/adf\/sv\/hallbarhet-for-oss\/","name":"H\u00e5llbarhet f\u00f6r oss - Vilokan ADF","isPartOf":{"@id":"https:\/\/vilokan.com\/adf\/#website"},"datePublished":"2023-06-19T16:27:46+00:00","dateModified":"2026-04-21T09:08:03+00:00","breadcrumb":{"@id":"https:\/\/vilokan.com\/adf\/sv\/hallbarhet-for-oss\/#breadcrumb"},"inLanguage":"sv-SE","potentialAction":[{"@type":"ReadAction","target":["https:\/\/vilokan.com\/adf\/sv\/hallbarhet-for-oss\/"]}]},{"@type":"BreadcrumbList","@id":"https:\/\/vilokan.com\/adf\/sv\/hallbarhet-for-oss\/#breadcrumb","itemListElement":[{"@type":"ListItem","position":1,"name":"Home","item":"https:\/\/vilokan.com\/adf\/sv\/"},{"@type":"ListItem","position":2,"name":"H\u00e5llbarhet f\u00f6r oss"}]},{"@type":"WebSite","@id":"https:\/\/vilokan.com\/adf\/#website","url":"https:\/\/vilokan.com\/adf\/","name":"Vilokan ADF","description":"Vilokan ADF Solutions let airports recycle spent ADF to recover glycol and handle by-products in a profitable and environmentally sound way.","potentialAction":[{"@type":"SearchAction","target":{"@type":"EntryPoint","urlTemplate":"https:\/\/vilokan.com\/adf\/?s={search_term_string}"},"query-input":"required name=search_term_string"}],"inLanguage":"sv-SE"}]}},"_links":{"self":[{"href":"https:\/\/vilokan.com\/adf\/sv\/wp-json\/wp\/v2\/pages\/2081"}],"collection":[{"href":"https:\/\/vilokan.com\/adf\/sv\/wp-json\/wp\/v2\/pages"}],"about":[{"href":"https:\/\/vilokan.com\/adf\/sv\/wp-json\/wp\/v2\/types\/page"}],"author":[{"embeddable":true,"href":"https:\/\/vilokan.com\/adf\/sv\/wp-json\/wp\/v2\/users\/1"}],"replies":[{"embeddable":true,"href":"https:\/\/vilokan.com\/adf\/sv\/wp-json\/wp\/v2\/comments?post=2081"}],"version-history":[{"count":4,"href":"https:\/\/vilokan.com\/adf\/sv\/wp-json\/wp\/v2\/pages\/2081\/revisions"}],"predecessor-version":[{"id":2183,"href":"https:\/\/vilokan.com\/adf\/sv\/wp-json\/wp\/v2\/pages\/2081\/revisions\/2183"}],"wp:featuredmedia":[{"embeddable":true,"href":"https:\/\/vilokan.com\/adf\/sv\/wp-json\/wp\/v2\/media\/2181"}],"wp:attachment":[{"href":"https:\/\/vilokan.com\/adf\/sv\/wp-json\/wp\/v2\/media?parent=2081"}],"curies":[{"name":"wp","href":"https:\/\/api.w.org\/{rel}","templated":true}]}}