{"id":1134,"date":"2018-06-14T13:47:17","date_gmt":"2018-06-14T13:47:17","guid":{"rendered":"http:\/\/vilokan.test\/?page_id=1134"},"modified":"2026-04-14T14:25:13","modified_gmt":"2026-04-14T14:25:13","slug":"kontakt","status":"publish","type":"page","link":"https:\/\/vilokan.com\/adf\/sv\/kontakt\/","title":{"rendered":"Kontakt"},"content":{"rendered":"<h2 class=\"p4\">H\u00f6r av dig till oss s\u00e5 ber\u00e4ttar vi hur v\u00e5ra l\u00f6sningar hj\u00e4lper flygplatser runt om i v\u00e4rlden att hantera anv\u00e4nt ADF p\u00e5 ett effektivt s\u00e4tt.<\/h2>\n\n\n<p><\/p>\n","protected":false},"excerpt":{"rendered":"<p>H\u00f6r av dig till oss s\u00e5 ber\u00e4ttar vi hur v\u00e5ra l\u00f6sningar hj\u00e4lper flygplatser runt om i v\u00e4rlden att hantera anv\u00e4nt ADF p\u00e5 ett effektivt s\u00e4tt.<\/p>\n","protected":false},"author":1,"featured_media":0,"parent":0,"menu_order":0,"comment_status":"closed","ping_status":"closed","template":"page-contact.php","meta":[],"acf":[],"yoast_head":"<!-- This site is optimized with the Yoast SEO plugin v20.2.1 - https:\/\/yoast.com\/wordpress\/plugins\/seo\/ -->\n<title>Kontakt - Vilokan ADF<\/title>\n<meta name=\"robots\" content=\"index, follow, max-snippet:-1, max-image-preview:large, max-video-preview:-1\" \/>\n<link rel=\"canonical\" href=\"https:\/\/vilokan.com\/adf\/sv\/kontakt\/\" \/>\n<meta property=\"og:locale\" content=\"sv_SE\" \/>\n<meta property=\"og:type\" content=\"article\" \/>\n<meta property=\"og:title\" content=\"Kontakt - Vilokan ADF\" \/>\n<meta property=\"og:description\" content=\"H\u00f6r av dig till oss s\u00e5 ber\u00e4ttar vi hur v\u00e5ra l\u00f6sningar hj\u00e4lper flygplatser runt om i v\u00e4rlden att hantera anv\u00e4nt ADF p\u00e5 ett effektivt s\u00e4tt.\" \/>\n<meta property=\"og:url\" content=\"https:\/\/vilokan.com\/adf\/sv\/kontakt\/\" \/>\n<meta property=\"og:site_name\" content=\"Vilokan ADF\" \/>\n<meta property=\"article:modified_time\" content=\"2026-04-14T14:25:13+00:00\" \/>\n<meta name=\"twitter:card\" content=\"summary_large_image\" \/>\n<meta name=\"twitter:label1\" content=\"Est. reading time\" \/>\n\t<meta name=\"twitter:data1\" content=\"1 minut\" \/>\n<script type=\"application\/ld+json\" class=\"yoast-schema-graph\">{\"@context\":\"https:\/\/schema.org\",\"@graph\":[{\"@type\":\"WebPage\",\"@id\":\"https:\/\/vilokan.com\/adf\/sv\/kontakt\/\",\"url\":\"https:\/\/vilokan.com\/adf\/sv\/kontakt\/\",\"name\":\"Kontakt - Vilokan ADF\",\"isPartOf\":{\"@id\":\"https:\/\/vilokan.com\/adf\/#website\"},\"datePublished\":\"2018-06-14T13:47:17+00:00\",\"dateModified\":\"2026-04-14T14:25:13+00:00\",\"breadcrumb\":{\"@id\":\"https:\/\/vilokan.com\/adf\/sv\/kontakt\/#breadcrumb\"},\"inLanguage\":\"sv-SE\",\"potentialAction\":[{\"@type\":\"ReadAction\",\"target\":[\"https:\/\/vilokan.com\/adf\/sv\/kontakt\/\"]}]},{\"@type\":\"BreadcrumbList\",\"@id\":\"https:\/\/vilokan.com\/adf\/sv\/kontakt\/#breadcrumb\",\"itemListElement\":[{\"@type\":\"ListItem\",\"position\":1,\"name\":\"Home\",\"item\":\"https:\/\/vilokan.com\/adf\/sv\/\"},{\"@type\":\"ListItem\",\"position\":2,\"name\":\"Kontakt\"}]},{\"@type\":\"WebSite\",\"@id\":\"https:\/\/vilokan.com\/adf\/#website\",\"url\":\"https:\/\/vilokan.com\/adf\/\",\"name\":\"Vilokan ADF\",\"description\":\"Vilokan ADF Solutions let airports recycle spent ADF to recover glycol and handle by-products in a profitable and environmentally sound way.\",\"potentialAction\":[{\"@type\":\"SearchAction\",\"target\":{\"@type\":\"EntryPoint\",\"urlTemplate\":\"https:\/\/vilokan.com\/adf\/?s={search_term_string}\"},\"query-input\":\"required name=search_term_string\"}],\"inLanguage\":\"sv-SE\"}]}<\/script>\n<!-- \/ Yoast SEO plugin. -->","yoast_head_json":{"title":"Kontakt - Vilokan ADF","robots":{"index":"index","follow":"follow","max-snippet":"max-snippet:-1","max-image-preview":"max-image-preview:large","max-video-preview":"max-video-preview:-1"},"canonical":"https:\/\/vilokan.com\/adf\/sv\/kontakt\/","og_locale":"sv_SE","og_type":"article","og_title":"Kontakt - Vilokan ADF","og_description":"H\u00f6r av dig till oss s\u00e5 ber\u00e4ttar vi hur v\u00e5ra l\u00f6sningar hj\u00e4lper flygplatser runt om i v\u00e4rlden att hantera anv\u00e4nt ADF p\u00e5 ett effektivt s\u00e4tt.","og_url":"https:\/\/vilokan.com\/adf\/sv\/kontakt\/","og_site_name":"Vilokan ADF","article_modified_time":"2026-04-14T14:25:13+00:00","twitter_card":"summary_large_image","twitter_misc":{"Est. reading time":"1 minut"},"schema":{"@context":"https:\/\/schema.org","@graph":[{"@type":"WebPage","@id":"https:\/\/vilokan.com\/adf\/sv\/kontakt\/","url":"https:\/\/vilokan.com\/adf\/sv\/kontakt\/","name":"Kontakt - Vilokan ADF","isPartOf":{"@id":"https:\/\/vilokan.com\/adf\/#website"},"datePublished":"2018-06-14T13:47:17+00:00","dateModified":"2026-04-14T14:25:13+00:00","breadcrumb":{"@id":"https:\/\/vilokan.com\/adf\/sv\/kontakt\/#breadcrumb"},"inLanguage":"sv-SE","potentialAction":[{"@type":"ReadAction","target":["https:\/\/vilokan.com\/adf\/sv\/kontakt\/"]}]},{"@type":"BreadcrumbList","@id":"https:\/\/vilokan.com\/adf\/sv\/kontakt\/#breadcrumb","itemListElement":[{"@type":"ListItem","position":1,"name":"Home","item":"https:\/\/vilokan.com\/adf\/sv\/"},{"@type":"ListItem","position":2,"name":"Kontakt"}]},{"@type":"WebSite","@id":"https:\/\/vilokan.com\/adf\/#website","url":"https:\/\/vilokan.com\/adf\/","name":"Vilokan ADF","description":"Vilokan ADF Solutions let airports recycle spent ADF to recover glycol and handle by-products in a profitable and environmentally sound way.","potentialAction":[{"@type":"SearchAction","target":{"@type":"EntryPoint","urlTemplate":"https:\/\/vilokan.com\/adf\/?s={search_term_string}"},"query-input":"required name=search_term_string"}],"inLanguage":"sv-SE"}]}},"_links":{"self":[{"href":"https:\/\/vilokan.com\/adf\/sv\/wp-json\/wp\/v2\/pages\/1134"}],"collection":[{"href":"https:\/\/vilokan.com\/adf\/sv\/wp-json\/wp\/v2\/pages"}],"about":[{"href":"https:\/\/vilokan.com\/adf\/sv\/wp-json\/wp\/v2\/types\/page"}],"author":[{"embeddable":true,"href":"https:\/\/vilokan.com\/adf\/sv\/wp-json\/wp\/v2\/users\/1"}],"replies":[{"embeddable":true,"href":"https:\/\/vilokan.com\/adf\/sv\/wp-json\/wp\/v2\/comments?post=1134"}],"version-history":[{"count":31,"href":"https:\/\/vilokan.com\/adf\/sv\/wp-json\/wp\/v2\/pages\/1134\/revisions"}],"predecessor-version":[{"id":2169,"href":"https:\/\/vilokan.com\/adf\/sv\/wp-json\/wp\/v2\/pages\/1134\/revisions\/2169"}],"wp:attachment":[{"href":"https:\/\/vilokan.com\/adf\/sv\/wp-json\/wp\/v2\/media?parent=1134"}],"curies":[{"name":"wp","href":"https:\/\/api.w.org\/{rel}","templated":true}]}}