{"id":1099,"date":"2018-06-18T07:01:03","date_gmt":"2018-06-18T07:01:03","guid":{"rendered":"http:\/\/vilokan.test\/?page_id=1099"},"modified":"2021-03-01T10:07:10","modified_gmt":"2021-03-01T10:07:10","slug":"referenser","status":"publish","type":"page","link":"https:\/\/vilokan.com\/adf\/sv\/referenser\/","title":{"rendered":"Referenser"},"content":{"rendered":"<h2 class=\"p1\">Flygplatser som anv\u00e4nder tekniska l\u00f6sningar och tj\u00e4nster fr\u00e5n Vilokan ADF Solutions:<\/h2>\n<p>\u2022 Stockholm Skavsta Airport (NYO)<br \/>\n\u2022 Stockholm-Arlanda Airport (ARN)<br \/>\n\u2022 G\u00f6teborg-Landvetter Airport (GOT)<br \/>\n\u2022 Stockholm-Bromma Airport (BMA)<br \/>\n\u2022 Malm\u00f6 Airport (Sturup) (MMX)<br \/>\n\u2022 Lule\u00e5 Airport (Kallax) (LLA)<br \/>\n\u2022 Ume\u00e5 Airport (UME)<br \/>\n\u2022 \u00c5re \u00d6stersund Airport (Fr\u00f6s\u00f6n) (OSD)<br \/>\n\u2022 Visby Airport (VBY)<br \/>\n\u2022 Kiruna Airport (KRN)<br \/>\n\u2022 Ronneby Airport (RNB)<\/p>\n<h2>Flygplatser d\u00e4r Vilokan ADF Solutions levererat utrustning:<\/h2>\n<p>\u2022 Montreal Montr\u00e9al-Pierre Elliott Trudeau airport (YUL)<br \/>\n\u2022 Ottawa International Airport (YOW)<br \/>\n\u2022 Oslo flygplats, Gardermoen (OSL)<br \/>\n\u2022 Cleveland Hopkins International Airport (CLE)<\/p>\n","protected":false},"excerpt":{"rendered":"<p>Flygplatser som anv\u00e4nder tekniska l\u00f6sningar och tj\u00e4nster fr\u00e5n Vilokan ADF Solutions: \u2022 Stockholm Skavsta Airport (NYO) \u2022 Stockholm-Arlanda Airport (ARN) \u2022 G\u00f6teborg-Landvetter Airport (GOT) \u2022 Stockholm-Bromma Airport (BMA) \u2022 Malm\u00f6 Airport (Sturup) (MMX) \u2022 Lule\u00e5 Airport (Kallax) (LLA) \u2022 Ume\u00e5 Airport (UME) \u2022 \u00c5re \u00d6stersund Airport (Fr\u00f6s\u00f6n) (OSD) \u2022 Visby Airport (VBY) \u2022 Kiruna Airport&#8230;<\/p>\n","protected":false},"author":1,"featured_media":1121,"parent":0,"menu_order":0,"comment_status":"closed","ping_status":"closed","template":"page-references.php","meta":[],"acf":[],"yoast_head":"<!-- This site is optimized with the Yoast SEO plugin v20.2.1 - https:\/\/yoast.com\/wordpress\/plugins\/seo\/ -->\n<title>Referenser - Vilokan ADF<\/title>\n<meta name=\"robots\" content=\"index, follow, max-snippet:-1, max-image-preview:large, max-video-preview:-1\" \/>\n<link rel=\"canonical\" href=\"https:\/\/vilokan.com\/adf\/sv\/referenser\/\" \/>\n<meta property=\"og:locale\" content=\"sv_SE\" \/>\n<meta property=\"og:type\" content=\"article\" \/>\n<meta property=\"og:title\" content=\"Referenser - Vilokan ADF\" \/>\n<meta property=\"og:description\" content=\"Flygplatser som anv\u00e4nder tekniska l\u00f6sningar och tj\u00e4nster fr\u00e5n Vilokan ADF Solutions: \u2022 Stockholm Skavsta Airport (NYO) \u2022 Stockholm-Arlanda Airport (ARN) \u2022 G\u00f6teborg-Landvetter Airport (GOT) \u2022 Stockholm-Bromma Airport (BMA) \u2022 Malm\u00f6 Airport (Sturup) (MMX) \u2022 Lule\u00e5 Airport (Kallax) (LLA) \u2022 Ume\u00e5 Airport (UME) \u2022 \u00c5re \u00d6stersund Airport (Fr\u00f6s\u00f6n) (OSD) \u2022 Visby Airport (VBY) \u2022 Kiruna Airport...\" \/>\n<meta property=\"og:url\" content=\"https:\/\/vilokan.com\/adf\/sv\/referenser\/\" \/>\n<meta property=\"og:site_name\" content=\"Vilokan ADF\" \/>\n<meta property=\"article:modified_time\" content=\"2021-03-01T10:07:10+00:00\" \/>\n<meta property=\"og:image\" content=\"https:\/\/aromdekor.fra1.digitaloceanspaces.com\/vilokan\/public\/sites\/3\/2018\/06\/brandon-holmes-199529-unsplash.jpg\" \/>\n\t<meta property=\"og:image:width\" content=\"1920\" \/>\n\t<meta property=\"og:image:height\" content=\"745\" \/>\n\t<meta property=\"og:image:type\" content=\"image\/jpeg\" \/>\n<meta name=\"twitter:card\" content=\"summary_large_image\" \/>\n<script type=\"application\/ld+json\" class=\"yoast-schema-graph\">{\"@context\":\"https:\/\/schema.org\",\"@graph\":[{\"@type\":\"WebPage\",\"@id\":\"https:\/\/vilokan.com\/adf\/sv\/referenser\/\",\"url\":\"https:\/\/vilokan.com\/adf\/sv\/referenser\/\",\"name\":\"Referenser - Vilokan ADF\",\"isPartOf\":{\"@id\":\"https:\/\/vilokan.com\/adf\/#website\"},\"datePublished\":\"2018-06-18T07:01:03+00:00\",\"dateModified\":\"2021-03-01T10:07:10+00:00\",\"breadcrumb\":{\"@id\":\"https:\/\/vilokan.com\/adf\/sv\/referenser\/#breadcrumb\"},\"inLanguage\":\"sv-SE\",\"potentialAction\":[{\"@type\":\"ReadAction\",\"target\":[\"https:\/\/vilokan.com\/adf\/sv\/referenser\/\"]}]},{\"@type\":\"BreadcrumbList\",\"@id\":\"https:\/\/vilokan.com\/adf\/sv\/referenser\/#breadcrumb\",\"itemListElement\":[{\"@type\":\"ListItem\",\"position\":1,\"name\":\"Home\",\"item\":\"https:\/\/vilokan.com\/adf\/sv\/\"},{\"@type\":\"ListItem\",\"position\":2,\"name\":\"Referenser\"}]},{\"@type\":\"WebSite\",\"@id\":\"https:\/\/vilokan.com\/adf\/#website\",\"url\":\"https:\/\/vilokan.com\/adf\/\",\"name\":\"Vilokan ADF\",\"description\":\"Vilokan ADF Solutions let airports recycle spent ADF to recover glycol and handle by-products in a profitable and environmentally sound way.\",\"potentialAction\":[{\"@type\":\"SearchAction\",\"target\":{\"@type\":\"EntryPoint\",\"urlTemplate\":\"https:\/\/vilokan.com\/adf\/?s={search_term_string}\"},\"query-input\":\"required name=search_term_string\"}],\"inLanguage\":\"sv-SE\"}]}<\/script>\n<!-- \/ Yoast SEO plugin. -->","yoast_head_json":{"title":"Referenser - Vilokan ADF","robots":{"index":"index","follow":"follow","max-snippet":"max-snippet:-1","max-image-preview":"max-image-preview:large","max-video-preview":"max-video-preview:-1"},"canonical":"https:\/\/vilokan.com\/adf\/sv\/referenser\/","og_locale":"sv_SE","og_type":"article","og_title":"Referenser - Vilokan ADF","og_description":"Flygplatser som anv\u00e4nder tekniska l\u00f6sningar och tj\u00e4nster fr\u00e5n Vilokan ADF Solutions: \u2022 Stockholm Skavsta Airport (NYO) \u2022 Stockholm-Arlanda Airport (ARN) \u2022 G\u00f6teborg-Landvetter Airport (GOT) \u2022 Stockholm-Bromma Airport (BMA) \u2022 Malm\u00f6 Airport (Sturup) (MMX) \u2022 Lule\u00e5 Airport (Kallax) (LLA) \u2022 Ume\u00e5 Airport (UME) \u2022 \u00c5re \u00d6stersund Airport (Fr\u00f6s\u00f6n) (OSD) \u2022 Visby Airport (VBY) \u2022 Kiruna Airport...","og_url":"https:\/\/vilokan.com\/adf\/sv\/referenser\/","og_site_name":"Vilokan ADF","article_modified_time":"2021-03-01T10:07:10+00:00","og_image":[{"width":1920,"height":745,"url":"https:\/\/aromdekor.fra1.digitaloceanspaces.com\/vilokan\/public\/sites\/3\/2018\/06\/brandon-holmes-199529-unsplash.jpg","type":"image\/jpeg"}],"twitter_card":"summary_large_image","schema":{"@context":"https:\/\/schema.org","@graph":[{"@type":"WebPage","@id":"https:\/\/vilokan.com\/adf\/sv\/referenser\/","url":"https:\/\/vilokan.com\/adf\/sv\/referenser\/","name":"Referenser - Vilokan ADF","isPartOf":{"@id":"https:\/\/vilokan.com\/adf\/#website"},"datePublished":"2018-06-18T07:01:03+00:00","dateModified":"2021-03-01T10:07:10+00:00","breadcrumb":{"@id":"https:\/\/vilokan.com\/adf\/sv\/referenser\/#breadcrumb"},"inLanguage":"sv-SE","potentialAction":[{"@type":"ReadAction","target":["https:\/\/vilokan.com\/adf\/sv\/referenser\/"]}]},{"@type":"BreadcrumbList","@id":"https:\/\/vilokan.com\/adf\/sv\/referenser\/#breadcrumb","itemListElement":[{"@type":"ListItem","position":1,"name":"Home","item":"https:\/\/vilokan.com\/adf\/sv\/"},{"@type":"ListItem","position":2,"name":"Referenser"}]},{"@type":"WebSite","@id":"https:\/\/vilokan.com\/adf\/#website","url":"https:\/\/vilokan.com\/adf\/","name":"Vilokan ADF","description":"Vilokan ADF Solutions let airports recycle spent ADF to recover glycol and handle by-products in a profitable and environmentally sound way.","potentialAction":[{"@type":"SearchAction","target":{"@type":"EntryPoint","urlTemplate":"https:\/\/vilokan.com\/adf\/?s={search_term_string}"},"query-input":"required name=search_term_string"}],"inLanguage":"sv-SE"}]}},"_links":{"self":[{"href":"https:\/\/vilokan.com\/adf\/sv\/wp-json\/wp\/v2\/pages\/1099"}],"collection":[{"href":"https:\/\/vilokan.com\/adf\/sv\/wp-json\/wp\/v2\/pages"}],"about":[{"href":"https:\/\/vilokan.com\/adf\/sv\/wp-json\/wp\/v2\/types\/page"}],"author":[{"embeddable":true,"href":"https:\/\/vilokan.com\/adf\/sv\/wp-json\/wp\/v2\/users\/1"}],"replies":[{"embeddable":true,"href":"https:\/\/vilokan.com\/adf\/sv\/wp-json\/wp\/v2\/comments?post=1099"}],"version-history":[{"count":6,"href":"https:\/\/vilokan.com\/adf\/sv\/wp-json\/wp\/v2\/pages\/1099\/revisions"}],"predecessor-version":[{"id":1902,"href":"https:\/\/vilokan.com\/adf\/sv\/wp-json\/wp\/v2\/pages\/1099\/revisions\/1902"}],"wp:featuredmedia":[{"embeddable":true,"href":"https:\/\/vilokan.com\/adf\/sv\/wp-json\/wp\/v2\/media\/1121"}],"wp:attachment":[{"href":"https:\/\/vilokan.com\/adf\/sv\/wp-json\/wp\/v2\/media?parent=1099"}],"curies":[{"name":"wp","href":"https:\/\/api.w.org\/{rel}","templated":true}]}}