{"id":1097,"date":"2018-06-18T06:59:35","date_gmt":"2018-06-18T06:59:35","guid":{"rendered":"http:\/\/vilokan.test\/?page_id=1097"},"modified":"2018-06-29T09:38:45","modified_gmt":"2018-06-29T09:38:45","slug":"om-oss","status":"publish","type":"page","link":"https:\/\/vilokan.com\/adf\/sv\/om-oss\/","title":{"rendered":"Om oss"},"content":{"rendered":"<h2 class=\"p1\"><span class=\"s1\">Vilokan ADF Solutions<\/span><\/h2>\n<p class=\"p1\"><strong><span class=\"s1\">100% fokus p\u00e5 flygplatsers avisning<\/span><\/strong><\/p>\n<p class=\"p1\"><span class=\"s1\">Vilokan ADF Solution \u00e4r ett bolag helt specialiserat p\u00e5 att hj\u00e4lpa ansvarsfulla flygplatser \u00f6ver hela v\u00e4rlden att ta hand om anv\u00e4nd avisningsv\u00e4tska. Tillsammans skonar vi naturen, renar vattnet och \u00e5tervinner glykolen. Vilokan ADF Solutions sluter kretsloppet och skapar en l\u00f6nsam aff\u00e4r med ett komplett teknik- och tj\u00e4nsteutbud.<\/span><\/p>\n<p class=\"p1\"><span class=\"s1\">Aircraft Deicing Fluids \u00e4r det vi fokuserar p\u00e5 till 100%. Det \u00e4r d\u00e4rf\u00f6r vi har skrivit in ADF i v\u00e5rt namn. Men tekniken vi anv\u00e4nder f\u00f6r att l\u00f6sa flygplatsernas behov har sina r\u00f6tter i fordonsindustrin. Vi \u00e4r en del av Vilokan Group som har mer \u00e4n 30 \u00e5rs erfarenhet av vattenrening och r\u00e5varu\u00e5tervinning.<\/span><\/p>\n<p class=\"p1\"><span class=\"s1\">Med Volvo som en av de f\u00f6rsta uppdragsgivarna skolades vi i en milj\u00f6 med just-in-time-delivery och no-down-time-tolerance. Med Sverige som bas har vi verkat i ett f\u00f6reg\u00e5ngsland vad g\u00e4ller strikta utsl\u00e4ppsregler och milj\u00f6medvetenhet. Men ocks\u00e5 i ett h\u00e5rt klimat som medf\u00f6rt att vi har genuin insikt i vinterns verkliga utmaningar.<\/span><\/p>\n<p class=\"p1\"><span class=\"s1\">V\u00e5r filosofi \u00e4r att arbeta med h\u00f6g teknisk innovation i kombination med m\u00e5ng\u00e5rig erfarenhet. Samtidigt \u00e4r vi m\u00e5na om att utg\u00e5 fr\u00e5n v\u00e4lbepr\u00f6vade standardkomponenter f\u00f6r att s\u00e5 l\u00e5ngt som m\u00f6jligt framtidss\u00e4kra f\u00f6rs\u00f6rjning av reservdelar och garantera en stabil och drifts\u00e4ker milj\u00f6.<\/span><\/p>\n<p class=\"p1\"><span class=\"s1\">Vilokan ADF Solution \u00e4r ocks\u00e5 en tj\u00e4nsteleverant\u00f6r som bist\u00e5r flygplatsoperat\u00f6rer med underh\u00e5ll, service, drift, logistikl\u00f6sningar och finansiering.<\/span><\/p>\n<p class=\"p1\"><span class=\"s1\">Vi erbjuder v\u00e5ra kunder erfarenhet, expertis och engagemang f\u00f6r milj\u00f6n, f\u00f6r ekonomin, f\u00f6r framtiden. <\/span><\/p>\n","protected":false},"excerpt":{"rendered":"<p>Vilokan ADF Solutions 100% fokus p\u00e5 flygplatsers avisning Vilokan ADF Solution \u00e4r ett bolag helt specialiserat p\u00e5 att hj\u00e4lpa ansvarsfulla flygplatser \u00f6ver hela v\u00e4rlden att ta hand om anv\u00e4nd avisningsv\u00e4tska. Tillsammans skonar vi naturen, renar vattnet och \u00e5tervinner glykolen. Vilokan ADF Solutions sluter kretsloppet och skapar en l\u00f6nsam aff\u00e4r med ett komplett teknik- och tj\u00e4nsteutbud&#8230;.<\/p>\n","protected":false},"author":1,"featured_media":1119,"parent":0,"menu_order":0,"comment_status":"closed","ping_status":"closed","template":"","meta":[],"acf":[],"yoast_head":"<!-- This site is optimized with the Yoast SEO plugin v20.2.1 - https:\/\/yoast.com\/wordpress\/plugins\/seo\/ -->\n<title>Om oss - Vilokan ADF<\/title>\n<meta name=\"robots\" content=\"index, follow, max-snippet:-1, max-image-preview:large, max-video-preview:-1\" \/>\n<link rel=\"canonical\" href=\"https:\/\/vilokan.com\/adf\/sv\/om-oss\/\" \/>\n<meta property=\"og:locale\" content=\"sv_SE\" \/>\n<meta property=\"og:type\" content=\"article\" \/>\n<meta property=\"og:title\" content=\"Om oss - Vilokan ADF\" \/>\n<meta property=\"og:description\" content=\"Vilokan ADF Solutions 100% fokus p\u00e5 flygplatsers avisning Vilokan ADF Solution \u00e4r ett bolag helt specialiserat p\u00e5 att hj\u00e4lpa ansvarsfulla flygplatser \u00f6ver hela v\u00e4rlden att ta hand om anv\u00e4nd avisningsv\u00e4tska. Tillsammans skonar vi naturen, renar vattnet och \u00e5tervinner glykolen. Vilokan ADF Solutions sluter kretsloppet och skapar en l\u00f6nsam aff\u00e4r med ett komplett teknik- och tj\u00e4nsteutbud....\" \/>\n<meta property=\"og:url\" content=\"https:\/\/vilokan.com\/adf\/sv\/om-oss\/\" \/>\n<meta property=\"og:site_name\" content=\"Vilokan ADF\" \/>\n<meta property=\"article:modified_time\" content=\"2018-06-29T09:38:45+00:00\" \/>\n<meta property=\"og:image\" content=\"https:\/\/aromdekor.fra1.digitaloceanspaces.com\/vilokan\/public\/sites\/3\/2018\/06\/tim-easley-317625-unsplash.jpg\" \/>\n\t<meta property=\"og:image:width\" content=\"1920\" \/>\n\t<meta property=\"og:image:height\" content=\"729\" \/>\n\t<meta property=\"og:image:type\" content=\"image\/jpeg\" \/>\n<meta name=\"twitter:card\" content=\"summary_large_image\" \/>\n<meta name=\"twitter:label1\" content=\"Est. reading time\" \/>\n\t<meta name=\"twitter:data1\" content=\"1 minut\" \/>\n<script type=\"application\/ld+json\" class=\"yoast-schema-graph\">{\"@context\":\"https:\/\/schema.org\",\"@graph\":[{\"@type\":\"WebPage\",\"@id\":\"https:\/\/vilokan.com\/adf\/sv\/om-oss\/\",\"url\":\"https:\/\/vilokan.com\/adf\/sv\/om-oss\/\",\"name\":\"Om oss - Vilokan ADF\",\"isPartOf\":{\"@id\":\"https:\/\/vilokan.com\/adf\/#website\"},\"datePublished\":\"2018-06-18T06:59:35+00:00\",\"dateModified\":\"2018-06-29T09:38:45+00:00\",\"breadcrumb\":{\"@id\":\"https:\/\/vilokan.com\/adf\/sv\/om-oss\/#breadcrumb\"},\"inLanguage\":\"sv-SE\",\"potentialAction\":[{\"@type\":\"ReadAction\",\"target\":[\"https:\/\/vilokan.com\/adf\/sv\/om-oss\/\"]}]},{\"@type\":\"BreadcrumbList\",\"@id\":\"https:\/\/vilokan.com\/adf\/sv\/om-oss\/#breadcrumb\",\"itemListElement\":[{\"@type\":\"ListItem\",\"position\":1,\"name\":\"Home\",\"item\":\"https:\/\/vilokan.com\/adf\/sv\/\"},{\"@type\":\"ListItem\",\"position\":2,\"name\":\"Om oss\"}]},{\"@type\":\"WebSite\",\"@id\":\"https:\/\/vilokan.com\/adf\/#website\",\"url\":\"https:\/\/vilokan.com\/adf\/\",\"name\":\"Vilokan ADF\",\"description\":\"Vilokan ADF Solutions let airports recycle spent ADF to recover glycol and handle by-products in a profitable and environmentally sound way.\",\"potentialAction\":[{\"@type\":\"SearchAction\",\"target\":{\"@type\":\"EntryPoint\",\"urlTemplate\":\"https:\/\/vilokan.com\/adf\/?s={search_term_string}\"},\"query-input\":\"required name=search_term_string\"}],\"inLanguage\":\"sv-SE\"}]}<\/script>\n<!-- \/ Yoast SEO plugin. -->","yoast_head_json":{"title":"Om oss - Vilokan ADF","robots":{"index":"index","follow":"follow","max-snippet":"max-snippet:-1","max-image-preview":"max-image-preview:large","max-video-preview":"max-video-preview:-1"},"canonical":"https:\/\/vilokan.com\/adf\/sv\/om-oss\/","og_locale":"sv_SE","og_type":"article","og_title":"Om oss - Vilokan ADF","og_description":"Vilokan ADF Solutions 100% fokus p\u00e5 flygplatsers avisning Vilokan ADF Solution \u00e4r ett bolag helt specialiserat p\u00e5 att hj\u00e4lpa ansvarsfulla flygplatser \u00f6ver hela v\u00e4rlden att ta hand om anv\u00e4nd avisningsv\u00e4tska. Tillsammans skonar vi naturen, renar vattnet och \u00e5tervinner glykolen. Vilokan ADF Solutions sluter kretsloppet och skapar en l\u00f6nsam aff\u00e4r med ett komplett teknik- och tj\u00e4nsteutbud....","og_url":"https:\/\/vilokan.com\/adf\/sv\/om-oss\/","og_site_name":"Vilokan ADF","article_modified_time":"2018-06-29T09:38:45+00:00","og_image":[{"width":1920,"height":729,"url":"https:\/\/aromdekor.fra1.digitaloceanspaces.com\/vilokan\/public\/sites\/3\/2018\/06\/tim-easley-317625-unsplash.jpg","type":"image\/jpeg"}],"twitter_card":"summary_large_image","twitter_misc":{"Est. reading time":"1 minut"},"schema":{"@context":"https:\/\/schema.org","@graph":[{"@type":"WebPage","@id":"https:\/\/vilokan.com\/adf\/sv\/om-oss\/","url":"https:\/\/vilokan.com\/adf\/sv\/om-oss\/","name":"Om oss - Vilokan ADF","isPartOf":{"@id":"https:\/\/vilokan.com\/adf\/#website"},"datePublished":"2018-06-18T06:59:35+00:00","dateModified":"2018-06-29T09:38:45+00:00","breadcrumb":{"@id":"https:\/\/vilokan.com\/adf\/sv\/om-oss\/#breadcrumb"},"inLanguage":"sv-SE","potentialAction":[{"@type":"ReadAction","target":["https:\/\/vilokan.com\/adf\/sv\/om-oss\/"]}]},{"@type":"BreadcrumbList","@id":"https:\/\/vilokan.com\/adf\/sv\/om-oss\/#breadcrumb","itemListElement":[{"@type":"ListItem","position":1,"name":"Home","item":"https:\/\/vilokan.com\/adf\/sv\/"},{"@type":"ListItem","position":2,"name":"Om oss"}]},{"@type":"WebSite","@id":"https:\/\/vilokan.com\/adf\/#website","url":"https:\/\/vilokan.com\/adf\/","name":"Vilokan ADF","description":"Vilokan ADF Solutions let airports recycle spent ADF to recover glycol and handle by-products in a profitable and environmentally sound way.","potentialAction":[{"@type":"SearchAction","target":{"@type":"EntryPoint","urlTemplate":"https:\/\/vilokan.com\/adf\/?s={search_term_string}"},"query-input":"required name=search_term_string"}],"inLanguage":"sv-SE"}]}},"_links":{"self":[{"href":"https:\/\/vilokan.com\/adf\/sv\/wp-json\/wp\/v2\/pages\/1097"}],"collection":[{"href":"https:\/\/vilokan.com\/adf\/sv\/wp-json\/wp\/v2\/pages"}],"about":[{"href":"https:\/\/vilokan.com\/adf\/sv\/wp-json\/wp\/v2\/types\/page"}],"author":[{"embeddable":true,"href":"https:\/\/vilokan.com\/adf\/sv\/wp-json\/wp\/v2\/users\/1"}],"replies":[{"embeddable":true,"href":"https:\/\/vilokan.com\/adf\/sv\/wp-json\/wp\/v2\/comments?post=1097"}],"version-history":[{"count":0,"href":"https:\/\/vilokan.com\/adf\/sv\/wp-json\/wp\/v2\/pages\/1097\/revisions"}],"wp:featuredmedia":[{"embeddable":true,"href":"https:\/\/vilokan.com\/adf\/sv\/wp-json\/wp\/v2\/media\/1119"}],"wp:attachment":[{"href":"https:\/\/vilokan.com\/adf\/sv\/wp-json\/wp\/v2\/media?parent=1097"}],"curies":[{"name":"wp","href":"https:\/\/api.w.org\/{rel}","templated":true}]}}