{"id":1091,"date":"2018-06-17T19:32:59","date_gmt":"2018-06-17T19:32:59","guid":{"rendered":"http:\/\/vilokan.test\/?page_id=1091"},"modified":"2018-06-29T09:34:14","modified_gmt":"2018-06-29T09:34:14","slug":"vart-erbjudande","status":"publish","type":"page","link":"https:\/\/vilokan.com\/adf\/sv\/vart-erbjudande\/","title":{"rendered":"V\u00e5rt erbjudande"},"content":{"rendered":"<h2 class=\"p1\"><span class=\"s1\">Vilokan ADF Solutions erbjuder<\/span><\/h2>\n<ul>\n<li class=\"p1\">\n<h2><span class=\"s1\">Rening av anv\u00e4nd avisningsv\u00e4tska<\/span><\/h2>\n<\/li>\n<li class=\"p1\">\n<h2><span class=\"s1\">\u00c5tervinning av glykol<\/span><\/h2>\n<\/li>\n<li class=\"p1\">\n<h2><span class=\"s1\">Kompletta teknikl\u00f6sningar<\/span><\/h2>\n<\/li>\n<li class=\"p1\">\n<h2><span class=\"s1\">Kompletta tj\u00e4nstel\u00f6sningar<\/span><\/h2>\n<\/li>\n<\/ul>\n<p>&nbsp;<\/p>\n<p class=\"p1\"><strong><span class=\"s1\">Rening av flygplatsens anv\u00e4nda avisningsv\u00e4tska <\/span><\/strong><\/p>\n<p class=\"p1\"><span class=\"s1\">Milj\u00f6n tar skada av den avisningsv\u00e4tska som sprutas p\u00e5 flygplan f\u00f6re start. Huvudkomponenten glykol kr\u00e4ver oerh\u00f6rt mycket syre f\u00f6r att brytas ned. Det st\u00f6r naturen, s\u00e4rskilt vattendrag. Dessutom inneh\u00e5ller avrinningsv\u00e4tskan fr\u00e5n flygplanen kadmium och tungmetaller.<\/span><\/p>\n<p class=\"p1\"><span class=\"s1\">L\u00e5ngt ifr\u00e5n alla flygplatser tar hand om sin anv\u00e4nda avisningsv\u00e4tska. M\u00e5nga l\u00e5ter den rinna rakt ut i naturen. Vilokan ADF Solutions hj\u00e4lper ansvarsfulla flygplatser v\u00e4rlden \u00f6ver att samla upp och rena sin anv\u00e4nda avisningsv\u00e4tska. V\u00e5ra l\u00f6sningar bygger p\u00e5 slutna kretslopp d\u00e4r tungmetaller och avfall skiljs ut i en flerstegsprocess. F\u00f6rutom att milj\u00f6n skonas genererar \u00e4ven processerna rent vatten, n\u00e5got som \u00e4r en stor bristvara p\u00e5 v\u00e5r planet.<\/span><\/p>\n<p class=\"p1\"><span class=\"s1\">Genom att samla upp och rena anv\u00e4nd avisningsv\u00e4tska f\u00f6rst\u00e4rker flygplatsen sitt h\u00e5llbarhetsarbete och rustar sig samtidigt f\u00f6r v\u00e4xande myndighetskrav p\u00e5 utsl\u00e4pp och effektivt resursutnyttjande. Dessutom s\u00e4nker flygplatsen sina avfallskostnader.<\/span><\/p>\n<p class=\"p1\"><span class=\"s1\">Reningsprocessen \u00f6ppnar ocks\u00e5 m\u00f6jligheten f\u00f6r att \u00e5tervinna en r\u00e5vara som \u00e4r en \u00e4ndlig fossil resurs \u2013 glykol. En l\u00e5ngsiktig h\u00e5llbarhetshandling som dessutom rymmer stor ekonomisk potential.<\/span><\/p>\n<p class=\"p1\"><strong><span class=\"s1\">\u00c5tervinning av v\u00e4rdefull glykol<\/span><\/strong><\/p>\n<p class=\"p1\"><span class=\"s1\">Ekonomin i att agera milj\u00f6v\u00e4nligt har mycket stor potential. I en v\u00e4rld med stigande r\u00e5varupriser spelar \u00e5tervinning en allt viktigare roll. Genom en avancerad process \u00e5tervinner Vilokan ADF Solutions 99,5% ren glykol ur den anv\u00e4nda avisningsv\u00e4tskan. Det inneb\u00e4r att den \u00e5tervunna glykolen \u00e4r f\u00e4rdig att blandas till ny avisningsv\u00e4tska som kan anv\u00e4ndas p\u00e5 flygplatsen eller som komponent i andra glykolbaserade produkter. <\/span><\/p>\n<p class=\"p1\"><span class=\"s1\">Oavsett hur flygplatsen v\u00e4ljer att anv\u00e4nda den \u00e5tervunna glykolen s\u00e5 har den ett betydande marknadsv\u00e4rde. \u00c5tervinning av glykol har stor p\u00e5verkan p\u00e5 totalkalkylen f\u00f6r hantering av anv\u00e4nd avisningsv\u00e4tska. Ett utm\u00e4rkt exempel p\u00e5 cirkul\u00e4r ekonomi.<\/span><\/p>\n<p class=\"p1\"><strong><span class=\"s1\">Skr\u00e4ddarsydda kompletta anl\u00e4ggningar<\/span><\/strong><\/p>\n<p class=\"p1\"><span class=\"s1\">Renings- och \u00e5tervinningsanl\u00e4ggningarna fr\u00e5n Vilokan kombinerar tekniska innovationer med m\u00e5ng\u00e5rig erfarenhet av design, drifts\u00e4ttning och underh\u00e5ll. Anl\u00e4ggningarna best\u00e5r av v\u00e4lbepr\u00f6vade standardkomponenter. Det g\u00f6r att vi b\u00e5de kan erbjuda h\u00f6g drifts\u00e4kerhet och s\u00e4ker tillg\u00e5ng till reservdelar. <\/span><\/p>\n<p class=\"p1\"><span class=\"s1\">Anl\u00e4ggningarna \u00e4r modulbaserad vilket g\u00f6r att varje l\u00f6sning enkelt kan anpassas till varje flygplats individuella behov. I n\u00e4ra samarbete med best\u00e4llaren designar Vilokans erfarna projektledare en komplett anl\u00e4ggning som uppfyller flygplatsens \u00e5tervinningsbehov.<\/span><\/p>\n<p class=\"p1\"><span class=\"s1\">F\u00f6r flygplatsoperat\u00f6rer som f\u00f6rdrar att \u00e4ga och sk\u00f6ta anl\u00e4ggningen sj\u00e4lva, eller driva dem via en befintlig markserviceagent, levererar vi anl\u00e4ggningen som en separat enhet. Efter gedigen testning och \u00f6verl\u00e4mning tar den utvalda operat\u00f6ren \u00f6ver ansvaret f\u00f6r anl\u00e4ggningen. Sedan finns vi alltid n\u00e4ra tillhands f\u00f6r service och support.<\/span><\/p>\n<p class=\"p1\"><strong><span class=\"s1\">Kompletta tj\u00e4nstel\u00f6sningar med drift och finansiering<\/span><\/strong><\/p>\n<p class=\"p1\"><span class=\"s1\">Tack vare de int\u00e4kter som genereras via \u00e5tervinning av glykol kan Vilokan ADF Solutions \u00e4ven erbjuda mycket attraktiva fullservicel\u00f6sningar till flygplatsoperat\u00f6rer. Vi sk\u00f6ter allt fr\u00e5n planering och projektering till uppf\u00f6rande och drift av anl\u00e4ggningen. Vi st\u00e5r dessutom f\u00f6r finansiering s\u00e5 att v\u00e5ra uppdragsgivare slipper on\u00f6dig kapitalbindning.<\/span><\/p>\n<p class=\"p1\"><span class=\"s1\">Vi har ocks\u00e5 gedigen erfarenhet av att l\u00f6sa de specifika utmaningar som operat\u00f6rer med flera flygplatser st\u00e4lls inf\u00f6r. Vi uppskattar behov, volymer och de mest effektiva l\u00f6sningarna. V\u00e5r utg\u00e5ngspunkt \u00e4r att alltid str\u00e4va efter lokala, decentraliserade \u00e5tervinningsanl\u00e4ggningar. Men ibland \u00e4r b\u00e4sta alternativet transport och d\u00e5 ska den logistiken utformas p\u00e5 allra b\u00e4sta s\u00e4tt. F\u00f6r milj\u00f6n, f\u00f6r ekonomin, f\u00f6r framtiden.<\/span><\/p>\n","protected":false},"excerpt":{"rendered":"<p>Vilokan ADF Solutions erbjuder Rening av anv\u00e4nd avisningsv\u00e4tska \u00c5tervinning av glykol Kompletta teknikl\u00f6sningar Kompletta tj\u00e4nstel\u00f6sningar &nbsp; Rening av flygplatsens anv\u00e4nda avisningsv\u00e4tska Milj\u00f6n tar skada av den avisningsv\u00e4tska som sprutas p\u00e5 flygplan f\u00f6re start. Huvudkomponenten glykol kr\u00e4ver oerh\u00f6rt mycket syre f\u00f6r att brytas ned. Det st\u00f6r naturen, s\u00e4rskilt vattendrag. Dessutom inneh\u00e5ller avrinningsv\u00e4tskan fr\u00e5n flygplanen kadmium och&#8230;<\/p>\n","protected":false},"author":1,"featured_media":1120,"parent":0,"menu_order":0,"comment_status":"closed","ping_status":"closed","template":"","meta":[],"acf":[],"yoast_head":"<!-- This site is optimized with the Yoast SEO plugin v20.2.1 - https:\/\/yoast.com\/wordpress\/plugins\/seo\/ -->\n<title>V\u00e5rt erbjudande - Vilokan ADF<\/title>\n<meta name=\"robots\" content=\"index, follow, max-snippet:-1, max-image-preview:large, max-video-preview:-1\" \/>\n<link rel=\"canonical\" href=\"https:\/\/vilokan.com\/adf\/sv\/vart-erbjudande\/\" \/>\n<meta property=\"og:locale\" content=\"sv_SE\" \/>\n<meta property=\"og:type\" content=\"article\" \/>\n<meta property=\"og:title\" content=\"V\u00e5rt erbjudande - Vilokan ADF\" \/>\n<meta property=\"og:description\" content=\"Vilokan ADF Solutions erbjuder Rening av anv\u00e4nd avisningsv\u00e4tska \u00c5tervinning av glykol Kompletta teknikl\u00f6sningar Kompletta tj\u00e4nstel\u00f6sningar &nbsp; Rening av flygplatsens anv\u00e4nda avisningsv\u00e4tska Milj\u00f6n tar skada av den avisningsv\u00e4tska som sprutas p\u00e5 flygplan f\u00f6re start. Huvudkomponenten glykol kr\u00e4ver oerh\u00f6rt mycket syre f\u00f6r att brytas ned. Det st\u00f6r naturen, s\u00e4rskilt vattendrag. Dessutom inneh\u00e5ller avrinningsv\u00e4tskan fr\u00e5n flygplanen kadmium och...\" \/>\n<meta property=\"og:url\" content=\"https:\/\/vilokan.com\/adf\/sv\/vart-erbjudande\/\" \/>\n<meta property=\"og:site_name\" content=\"Vilokan ADF\" \/>\n<meta property=\"article:modified_time\" content=\"2018-06-29T09:34:14+00:00\" \/>\n<meta property=\"og:image\" content=\"https:\/\/aromdekor.fra1.digitaloceanspaces.com\/vilokan\/public\/sites\/3\/2018\/06\/florian-schneider-470843-unsplash.jpg\" \/>\n\t<meta property=\"og:image:width\" content=\"1920\" \/>\n\t<meta property=\"og:image:height\" content=\"793\" \/>\n\t<meta property=\"og:image:type\" content=\"image\/jpeg\" \/>\n<meta name=\"twitter:card\" content=\"summary_large_image\" \/>\n<meta name=\"twitter:label1\" content=\"Est. reading time\" \/>\n\t<meta name=\"twitter:data1\" content=\"3 minuter\" \/>\n<script type=\"application\/ld+json\" class=\"yoast-schema-graph\">{\"@context\":\"https:\/\/schema.org\",\"@graph\":[{\"@type\":\"WebPage\",\"@id\":\"https:\/\/vilokan.com\/adf\/sv\/vart-erbjudande\/\",\"url\":\"https:\/\/vilokan.com\/adf\/sv\/vart-erbjudande\/\",\"name\":\"V\u00e5rt erbjudande - Vilokan ADF\",\"isPartOf\":{\"@id\":\"https:\/\/vilokan.com\/adf\/#website\"},\"datePublished\":\"2018-06-17T19:32:59+00:00\",\"dateModified\":\"2018-06-29T09:34:14+00:00\",\"breadcrumb\":{\"@id\":\"https:\/\/vilokan.com\/adf\/sv\/vart-erbjudande\/#breadcrumb\"},\"inLanguage\":\"sv-SE\",\"potentialAction\":[{\"@type\":\"ReadAction\",\"target\":[\"https:\/\/vilokan.com\/adf\/sv\/vart-erbjudande\/\"]}]},{\"@type\":\"BreadcrumbList\",\"@id\":\"https:\/\/vilokan.com\/adf\/sv\/vart-erbjudande\/#breadcrumb\",\"itemListElement\":[{\"@type\":\"ListItem\",\"position\":1,\"name\":\"Home\",\"item\":\"https:\/\/vilokan.com\/adf\/sv\/\"},{\"@type\":\"ListItem\",\"position\":2,\"name\":\"V\u00e5rt erbjudande\"}]},{\"@type\":\"WebSite\",\"@id\":\"https:\/\/vilokan.com\/adf\/#website\",\"url\":\"https:\/\/vilokan.com\/adf\/\",\"name\":\"Vilokan ADF\",\"description\":\"Vilokan ADF Solutions let airports recycle spent ADF to recover glycol and handle by-products in a profitable and environmentally sound way.\",\"potentialAction\":[{\"@type\":\"SearchAction\",\"target\":{\"@type\":\"EntryPoint\",\"urlTemplate\":\"https:\/\/vilokan.com\/adf\/?s={search_term_string}\"},\"query-input\":\"required name=search_term_string\"}],\"inLanguage\":\"sv-SE\"}]}<\/script>\n<!-- \/ Yoast SEO plugin. -->","yoast_head_json":{"title":"V\u00e5rt erbjudande - Vilokan ADF","robots":{"index":"index","follow":"follow","max-snippet":"max-snippet:-1","max-image-preview":"max-image-preview:large","max-video-preview":"max-video-preview:-1"},"canonical":"https:\/\/vilokan.com\/adf\/sv\/vart-erbjudande\/","og_locale":"sv_SE","og_type":"article","og_title":"V\u00e5rt erbjudande - Vilokan ADF","og_description":"Vilokan ADF Solutions erbjuder Rening av anv\u00e4nd avisningsv\u00e4tska \u00c5tervinning av glykol Kompletta teknikl\u00f6sningar Kompletta tj\u00e4nstel\u00f6sningar &nbsp; Rening av flygplatsens anv\u00e4nda avisningsv\u00e4tska Milj\u00f6n tar skada av den avisningsv\u00e4tska som sprutas p\u00e5 flygplan f\u00f6re start. Huvudkomponenten glykol kr\u00e4ver oerh\u00f6rt mycket syre f\u00f6r att brytas ned. Det st\u00f6r naturen, s\u00e4rskilt vattendrag. Dessutom inneh\u00e5ller avrinningsv\u00e4tskan fr\u00e5n flygplanen kadmium och...","og_url":"https:\/\/vilokan.com\/adf\/sv\/vart-erbjudande\/","og_site_name":"Vilokan ADF","article_modified_time":"2018-06-29T09:34:14+00:00","og_image":[{"width":1920,"height":793,"url":"https:\/\/aromdekor.fra1.digitaloceanspaces.com\/vilokan\/public\/sites\/3\/2018\/06\/florian-schneider-470843-unsplash.jpg","type":"image\/jpeg"}],"twitter_card":"summary_large_image","twitter_misc":{"Est. reading time":"3 minuter"},"schema":{"@context":"https:\/\/schema.org","@graph":[{"@type":"WebPage","@id":"https:\/\/vilokan.com\/adf\/sv\/vart-erbjudande\/","url":"https:\/\/vilokan.com\/adf\/sv\/vart-erbjudande\/","name":"V\u00e5rt erbjudande - Vilokan ADF","isPartOf":{"@id":"https:\/\/vilokan.com\/adf\/#website"},"datePublished":"2018-06-17T19:32:59+00:00","dateModified":"2018-06-29T09:34:14+00:00","breadcrumb":{"@id":"https:\/\/vilokan.com\/adf\/sv\/vart-erbjudande\/#breadcrumb"},"inLanguage":"sv-SE","potentialAction":[{"@type":"ReadAction","target":["https:\/\/vilokan.com\/adf\/sv\/vart-erbjudande\/"]}]},{"@type":"BreadcrumbList","@id":"https:\/\/vilokan.com\/adf\/sv\/vart-erbjudande\/#breadcrumb","itemListElement":[{"@type":"ListItem","position":1,"name":"Home","item":"https:\/\/vilokan.com\/adf\/sv\/"},{"@type":"ListItem","position":2,"name":"V\u00e5rt erbjudande"}]},{"@type":"WebSite","@id":"https:\/\/vilokan.com\/adf\/#website","url":"https:\/\/vilokan.com\/adf\/","name":"Vilokan ADF","description":"Vilokan ADF Solutions let airports recycle spent ADF to recover glycol and handle by-products in a profitable and environmentally sound way.","potentialAction":[{"@type":"SearchAction","target":{"@type":"EntryPoint","urlTemplate":"https:\/\/vilokan.com\/adf\/?s={search_term_string}"},"query-input":"required name=search_term_string"}],"inLanguage":"sv-SE"}]}},"_links":{"self":[{"href":"https:\/\/vilokan.com\/adf\/sv\/wp-json\/wp\/v2\/pages\/1091"}],"collection":[{"href":"https:\/\/vilokan.com\/adf\/sv\/wp-json\/wp\/v2\/pages"}],"about":[{"href":"https:\/\/vilokan.com\/adf\/sv\/wp-json\/wp\/v2\/types\/page"}],"author":[{"embeddable":true,"href":"https:\/\/vilokan.com\/adf\/sv\/wp-json\/wp\/v2\/users\/1"}],"replies":[{"embeddable":true,"href":"https:\/\/vilokan.com\/adf\/sv\/wp-json\/wp\/v2\/comments?post=1091"}],"version-history":[{"count":0,"href":"https:\/\/vilokan.com\/adf\/sv\/wp-json\/wp\/v2\/pages\/1091\/revisions"}],"wp:featuredmedia":[{"embeddable":true,"href":"https:\/\/vilokan.com\/adf\/sv\/wp-json\/wp\/v2\/media\/1120"}],"wp:attachment":[{"href":"https:\/\/vilokan.com\/adf\/sv\/wp-json\/wp\/v2\/media?parent=1091"}],"curies":[{"name":"wp","href":"https:\/\/api.w.org\/{rel}","templated":true}]}}